{"id":9714,"date":"2020-11-15T13:30:53","date_gmt":"2020-11-15T13:30:53","guid":{"rendered":"http:\/\/www.hundeschule-happylife.ch\/?page_id=9714"},"modified":"2026-05-03T10:44:31","modified_gmt":"2026-05-03T10:44:31","slug":"3s","status":"publish","type":"page","link":"https:\/\/www.hundeschule-happylife.ch\/?page_id=9714","title":{"rendered":"3S: Spiel &#8211; Spass &#8211; Sport"},"content":{"rendered":"\n<p class=\"has-cyan-bluish-gray-color has-text-color\">Unser absoluter FAVORIT seit vielen Jahren! Ein sehr abwechslungsreicher und interessanter Kurs. Immer wieder neue Herausforderungen &#8211; immer wieder neue Gags  &#8211; immer wieder neue Parcours, wo jedes Team in seinem Tempo und in seiner eigenen Art und Weise absolviert! HELFEN ist erlaubt! Aber auch immer wieder neue Abruf\u00fcbungen und Warte\u00fcbungen. Auch die Nasenarbeit kommt nicht zu kurz.  Die Hunde lieben diese Art von Besch\u00e4ftigung und die Besitzer\/innen sind stolz, denn die Vierbeiner in diesen Gruppen stellen sich so vielen Aufgaben und zeigen ihre Freude nicht nur mit Schwanzwedeln! <\/p>\n\n\n\n<p class=\"has-text-color has-medium-font-size\" style=\"color:#05ff65\">3S  26.3<\/p>\n\n\n\n<p class=\"has-cyan-bluish-gray-color has-text-color\">Kurszeit: Montag, 10.30 &#8211; 11.30<\/p>\n\n\n\n<p class=\"has-cyan-bluish-gray-color has-text-color\">Daten: 2. M\u00e4rz 2026 \/ 23. M\u00e4rz 2026 \/ 30. M\u00e4rz 2026 \/ 13. April 2026 \/ 20. April 2026 \/ 27. April 2026 \/ 4. Mai 2026<\/p>\n\n\n\n<p class=\"has-cyan-bluish-gray-color has-text-color\">Kosten: 7 Lektionen Fr. 210.00<\/p>\n\n\n\n<p class=\"has-cyan-bluish-gray-color has-text-color\">Leitung: Pia Gijseman<\/p>\n\n\n\n<p>.<\/p>\n\n\n\n<p class=\"has-text-color has-medium-font-size\" style=\"color:#06fc6d\">3S  26.4<\/p>\n\n\n\n<p class=\"has-cyan-bluish-gray-color has-text-color\">Kurszeit: Montag, 9.00 &#8211; 10.00 \/ 13.30 &#8211; 14.30<\/p>\n\n\n\n<p class=\"has-cyan-bluish-gray-color has-text-color\">Daten: 2. M\u00e4rz 2026 \/ 23. M\u00e4rz 2026 \/ 30. M\u00e4rz 2026 \/ 13. April 2026 \/ 20. April 2026 \/ 27. April 2026 \/ 4. Mai 2026<\/p>\n\n\n\n<p class=\"has-cyan-bluish-gray-color has-text-color\">Kosten: 7 Lektionen Fr. 210.00<\/p>\n\n\n\n<p class=\"has-cyan-bluish-gray-color has-text-color\">Leitung: Pia Gijseman<\/p>\n\n\n\n<p>.<\/p>\n\n\n\n<p class=\"has-text-color has-medium-font-size\" style=\"color:#07f72b\">3S 26.5<\/p>\n\n\n\n<p class=\"has-cyan-bluish-gray-color has-text-color\">Kurszeit: Dienstag, 13.30 &#8211; 14.30<\/p>\n\n\n\n<p class=\"has-cyan-bluish-gray-color has-text-color\">Daten: 3. M\u00e4rz 2026 \/ 24. M\u00e4rz 2026 \/  31. M\u00e4rz 2026 \/ 7. April 2026 \/ 14. April 2026 \/ 21. April 2026 \/ 28. April 2026 \/ 5. Mai 2026<\/p>\n\n\n\n<p class=\"has-cyan-bluish-gray-color has-text-color\">Kosten: 8 Lektionen Fr. 240.00<\/p>\n\n\n\n<p class=\"has-cyan-bluish-gray-color has-text-color\">Leitung: Pia und Osci Gijseman<\/p>\n\n\n\n<p>.<\/p>\n\n\n\n<p class=\"has-text-color has-medium-font-size\" style=\"color:#05f75e\">3S  26.6<\/p>\n\n\n\n<p class=\"has-cyan-bluish-gray-color has-text-color\">Kurszeit: Dienstag, 8.30 &#8211; 9.30<\/p>\n\n\n\n<p class=\"has-cyan-bluish-gray-color has-text-color\">Daten: 3. M\u00e4rz 2026 \/  31. M\u00e4rz 2026 \/ 7. April 2026 \/ 14. April 2026 \/ 21. April 2026 \/ 28. April 2026 \/ 5. Mai 2026<\/p>\n\n\n\n<p class=\"has-cyan-bluish-gray-color has-text-color\">Kosten: 7 Lektionen Fr. 210.00<\/p>\n\n\n\n<p class=\"has-cyan-bluish-gray-color has-text-color\">Leitung: Pia Gijseman<\/p>\n\n\n\n<p>.<\/p>\n\n\n\n<p class=\"has-text-color has-medium-font-size\" style=\"color:#06ee5b\">3S 26.7<\/p>\n\n\n\n<p class=\"has-cyan-bluish-gray-color has-text-color\">Kurszeit: Samstag, 8.15 &#8211; 9.15<\/p>\n\n\n\n<p class=\"has-cyan-bluish-gray-color has-text-color\">Daten: 9. Mai 2026 \/ 16. Mai 2026 \/ 30. Mai 2026 \/ 6. Juni 2026 \/ 13. Juni 2026 \/ 20. Juni 2026 \/ 27. Juni 2026<\/p>\n\n\n\n<p class=\"has-cyan-bluish-gray-color has-text-color\">Kosten: 7 Lektionen Fr. 210.00<\/p>\n\n\n\n<p class=\"has-cyan-bluish-gray-color has-text-color\">Leitung: Pia und Osci Gijseman<\/p>\n\n\n\n<p>.<\/p>\n\n\n\n<p class=\"has-text-color has-medium-font-size\" style=\"color:#06ee5b\">3S 26.8<\/p>\n\n\n\n<p class=\"has-cyan-bluish-gray-color has-text-color\">Kurszeit: Samstag, 9.45 &#8211; 10.45<\/p>\n\n\n\n<p class=\"has-cyan-bluish-gray-color has-text-color\">Daten: 9. Mai 2026 \/ 16. Mai 2026 \/ 30. Mai 2026 \/ 6. Juni 2026 \/ 13. Juni 2026 \/ 20. Juni 2026 \/ 27. Juni 2026<\/p>\n\n\n\n<p class=\"has-cyan-bluish-gray-color has-text-color\">Kosten: 7 Lektionen Fr. 210.00<\/p>\n\n\n\n<p class=\"has-cyan-bluish-gray-color has-text-color\">Leitung: Pia und Osci Gijseman<\/p>\n\n\n\n<p>.<\/p>\n\n\n\n<p class=\"has-text-color has-medium-font-size\" style=\"color:#08f52f\">3S 26.9<\/p>\n\n\n\n<p class=\"has-cyan-bluish-gray-color has-text-color\">Kurszeit: Montag, 10.30 &#8211; 11.30<\/p>\n\n\n\n<p class=\"has-cyan-bluish-gray-color has-text-color\">Daten: 11. Mai 2026 \/ 18. Mai 2026 \/ 1. Juni 2026 \/ 8. Juni 2026 \/ 15. Juni 2026 \/ 22. Juni 2026 \/ 29. Juni 2026<\/p>\n\n\n\n<p class=\"has-cyan-bluish-gray-color has-text-color\">Kosten: 7 Lektionen Fr. 210.00<\/p>\n\n\n\n<p class=\"has-cyan-bluish-gray-color has-text-color\">Leitung: Pia Gijseman<\/p>\n\n\n\n<p>.<\/p>\n\n\n\n<p class=\"has-text-color has-medium-font-size\" style=\"color:#08f52f\">3S 26.10<\/p>\n\n\n\n<p class=\"has-cyan-bluish-gray-color has-text-color\">Kurszeit: Montag, 9.00 &#8211; 10.00 \/ 13.30 &#8211; 14.30<\/p>\n\n\n\n<p class=\"has-cyan-bluish-gray-color has-text-color\">Daten: 11. Mai 2026 \/ 18. Mai 2026 \/ 1. Juni 2026 \/ 8. Juni 2026 \/ 15. Juni 2026 \/ 22. Juni 2026 \/ 29. Juni 2026 (Reserve Datum f\u00fcr die Nachmittagsgruppe)<\/p>\n\n\n\n<p class=\"has-cyan-bluish-gray-color has-text-color\">Kosten: 7 Lektionen Fr. 210.00 (6 Lektionen Fr. 180.00 f\u00fcr die Nachmittagsgruppe)<\/p>\n\n\n\n<p class=\"has-cyan-bluish-gray-color has-text-color\">Leitung: Pia Gijseman<\/p>\n\n\n\n<p>.<\/p>\n\n\n\n<p class=\"has-text-color has-medium-font-size\" style=\"color:#08ed5c\">3S  26.11<\/p>\n\n\n\n<p class=\"has-cyan-bluish-gray-color has-text-color\">Kurszeit: Dienstag, 8.30 &#8211; 9.30<\/p>\n\n\n\n<p class=\"has-cyan-bluish-gray-color has-text-color\">Daten: 12. Mai 2026 \/ 19. Mai 2026 \/ 2. Juni 2026 \/ 9. Juni 2026 \/ 16. Juni 2026 \/ 23. Juni 2026 \/ 30. Juni 2026<\/p>\n\n\n\n<p class=\"has-cyan-bluish-gray-color has-text-color\">Kosten: 7 Lektionen Fr. 210.00<\/p>\n\n\n\n<p class=\"has-cyan-bluish-gray-color has-text-color\">Leitung: Pia Gijseman<\/p>\n\n\n\n<p>.<\/p>\n\n\n\n<p class=\"has-text-color has-medium-font-size\" style=\"color:#08ed5c\">3S  26.12<\/p>\n\n\n\n<p class=\"has-cyan-bluish-gray-color has-text-color\">Kurszeit: Dienstag, 13.30 &#8211; 14.30<\/p>\n\n\n\n<p class=\"has-cyan-bluish-gray-color has-text-color\">Daten: 12. Mai 2026 \/ 19. Mai 2026 \/ 2. Juni 2026 \/ 9. Juni 2026 \/ 16. Juni 2026 \/ 23. Juni 2026  \/  Reserve Datum: 30. Juni 2026<\/p>\n\n\n\n<p class=\"has-cyan-bluish-gray-color has-text-color\">Kosten: 6 Lektionen Fr. 180.00<\/p>\n\n\n\n<p class=\"has-cyan-bluish-gray-color has-text-color\">Leitung: Pia und Osci Gijseman<\/p>\n\n\n\n<p>.<\/p>\n\n\n\n<p><\/p>\n\n\n\n<p class=\"has-cyan-bluish-gray-color has-text-color\">die weiteren Kurse sind in Planung<\/p>\n","protected":false},"excerpt":{"rendered":"<p>Unser absoluter FAVORIT seit vielen Jahren! Ein sehr abwechslungsreicher und interessanter Kurs. Immer wieder neue Herausforderungen &#8211; immer wieder neue Gags  &#8211; immer wieder neue Parcours, wo jedes Team in seinem Tempo und in seiner eigenen Art und Weise absolviert! HELFEN ist erlaubt! Aber auch immer wieder neue Abruf\u00fcbungen und Warte\u00fcbungen. Auch die Nasenarbeit kommt nicht zu kurz.  Die Hunde lieben diese Art von Besch\u00e4ftigung und die Besitzer\/innen sind stolz, denn die Vierbeiner in diesen Gruppen stellen sich so vielen Aufgaben und zeigen ihre Freude nicht nur mit &#8230;<\/p>\n","protected":false},"author":2,"featured_media":0,"parent":21,"menu_order":35,"comment_status":"closed","ping_status":"closed","template":"","meta":{"ngg_post_thumbnail":0},"_links":{"self":[{"href":"https:\/\/www.hundeschule-happylife.ch\/index.php?rest_route=\/wp\/v2\/pages\/9714"}],"collection":[{"href":"https:\/\/www.hundeschule-happylife.ch\/index.php?rest_route=\/wp\/v2\/pages"}],"about":[{"href":"https:\/\/www.hundeschule-happylife.ch\/index.php?rest_route=\/wp\/v2\/types\/page"}],"author":[{"embeddable":true,"href":"https:\/\/www.hundeschule-happylife.ch\/index.php?rest_route=\/wp\/v2\/users\/2"}],"replies":[{"embeddable":true,"href":"https:\/\/www.hundeschule-happylife.ch\/index.php?rest_route=%2Fwp%2Fv2%2Fcomments&post=9714"}],"version-history":[{"count":76,"href":"https:\/\/www.hundeschule-happylife.ch\/index.php?rest_route=\/wp\/v2\/pages\/9714\/revisions"}],"predecessor-version":[{"id":23407,"href":"https:\/\/www.hundeschule-happylife.ch\/index.php?rest_route=\/wp\/v2\/pages\/9714\/revisions\/23407"}],"up":[{"embeddable":true,"href":"https:\/\/www.hundeschule-happylife.ch\/index.php?rest_route=\/wp\/v2\/pages\/21"}],"wp:attachment":[{"href":"https:\/\/www.hundeschule-happylife.ch\/index.php?rest_route=%2Fwp%2Fv2%2Fmedia&parent=9714"}],"curies":[{"name":"wp","href":"https:\/\/api.w.org\/{rel}","templated":true}]}}