{"id":9690,"date":"2020-11-08T10:41:16","date_gmt":"2020-11-08T10:41:16","guid":{"rendered":"http:\/\/www.hundeschule-happylife.ch\/?page_id=9690"},"modified":"2026-03-01T10:59:14","modified_gmt":"2026-03-01T10:59:14","slug":"3s-beginner","status":"publish","type":"page","link":"https:\/\/www.hundeschule-happylife.ch\/?page_id=9690","title":{"rendered":"3S Beginner"},"content":{"rendered":"\n<p class=\"has-cyan-bluish-gray-color has-text-color\">Diese Gruppe bereitet sich f\u00fcr unseren 3S Kurs vor. Die \u00dcbungen sind noch etwas vereinfacht, Ger\u00e4te und WARTE \u00dcbungen stehen im Vordergrund.<\/p>\n\n\n\n<p class=\"has-text-color has-medium-font-size\" style=\"color:#0bf527\">3S: Spiel &#8211; Spass &#8211; Sport Beginner 26.2<\/p>\n\n\n\n<p class=\"has-cyan-bluish-gray-color has-text-color\">In Planung<\/p>\n\n\n\n<p class=\"has-text-align-right has-cyan-bluish-gray-color has-text-color\"><em><strong>Weitere Kurse in Vorbereitung<\/strong><\/em><\/p>\n","protected":false},"excerpt":{"rendered":"<p>Diese Gruppe bereitet sich f\u00fcr unseren 3S Kurs vor. Die \u00dcbungen sind noch etwas vereinfacht, Ger\u00e4te und WARTE \u00dcbungen stehen im Vordergrund.<\/p>\n<p>3S: Spiel &#8211; Spass &#8211; Sport Beginner 26.2<\/p>\n<p>In Planung<\/p>\n<p>Weitere Kurse in Vorbereitung<\/p>\n","protected":false},"author":2,"featured_media":0,"parent":21,"menu_order":33,"comment_status":"closed","ping_status":"closed","template":"","meta":{"ngg_post_thumbnail":0},"_links":{"self":[{"href":"https:\/\/www.hundeschule-happylife.ch\/index.php?rest_route=\/wp\/v2\/pages\/9690"}],"collection":[{"href":"https:\/\/www.hundeschule-happylife.ch\/index.php?rest_route=\/wp\/v2\/pages"}],"about":[{"href":"https:\/\/www.hundeschule-happylife.ch\/index.php?rest_route=\/wp\/v2\/types\/page"}],"author":[{"embeddable":true,"href":"https:\/\/www.hundeschule-happylife.ch\/index.php?rest_route=\/wp\/v2\/users\/2"}],"replies":[{"embeddable":true,"href":"https:\/\/www.hundeschule-happylife.ch\/index.php?rest_route=%2Fwp%2Fv2%2Fcomments&post=9690"}],"version-history":[{"count":54,"href":"https:\/\/www.hundeschule-happylife.ch\/index.php?rest_route=\/wp\/v2\/pages\/9690\/revisions"}],"predecessor-version":[{"id":23399,"href":"https:\/\/www.hundeschule-happylife.ch\/index.php?rest_route=\/wp\/v2\/pages\/9690\/revisions\/23399"}],"up":[{"embeddable":true,"href":"https:\/\/www.hundeschule-happylife.ch\/index.php?rest_route=\/wp\/v2\/pages\/21"}],"wp:attachment":[{"href":"https:\/\/www.hundeschule-happylife.ch\/index.php?rest_route=%2Fwp%2Fv2%2Fmedia&parent=9690"}],"curies":[{"name":"wp","href":"https:\/\/api.w.org\/{rel}","templated":true}]}}