{"id":8041,"date":"2020-08-23T08:33:43","date_gmt":"2020-08-23T08:33:43","guid":{"rendered":"http:\/\/www.hundeschule-happylife.ch\/?page_id=8041"},"modified":"2024-02-04T13:02:53","modified_gmt":"2024-02-04T13:02:53","slug":"pia-gijseman","status":"publish","type":"page","link":"https:\/\/www.hundeschule-happylife.ch\/?page_id=8041","title":{"rendered":"Pia Gijseman"},"content":{"rendered":"\n<div class=\"wp-block-image\"><figure class=\"alignleft size-large\"><img loading=\"lazy\" width=\"150\" height=\"184\" src=\"http:\/\/www.hundeschule-happylife.ch\/wp-content\/uploads\/2010\/05\/Panja.jpg\" alt=\"\" class=\"wp-image-58\"\/><\/figure><\/div>\n\n\n\n<p><span class=\"has-inline-color has-cyan-bluish-gray-color\">Seit 1989 geh\u00f6ren Hunde zu meinem Leben. Damals kam Panja zu uns &#8211; eine liebevolle, aber etwas sture Bobtail-Dame, die unbedingt ihr &#8222;Grindli&#8220; druchsetzen wollte<\/span>.<\/p>\n\n\n\n<p><span class=\"has-inline-color has-cyan-bluish-gray-color\">Ich lernte viel mit Panja und mein ganzes Leben \u00e4nderte sich durch sie<em>. <\/em> Als Panja vier Jahre alt war, kam ein zweiter Bobtail zu uns und bis heute begleiten uns Hunde durch unser Leben. Wir k\u00f6nnten gar nicht ohne sein! Mit allen unseren Hunden betrieb ich aktiven Hundesport und absolvierte Pr\u00fcfungen im Begleithundebereicht. Erst in den letzten Jahren, habe ich mehr Wert auf Plausch &#8211; pure Freude &#8211; Vielseitigkeit, gelegt. So betreibe ich mit Giulietta, meiner s\u00fcssen Schapendoes H\u00fcndin, alles M\u00f6gliche! Sie ist ein sehr vielseitiges Energieb\u00fcndel und mit ihr kann ich alle meine Ideen ausprobieren und umsetzen. Es macht grosse Freude mit ihr zu arbeiten. <\/span><\/p>\n\n\n\n<div class=\"wp-block-image is-style-default\"><figure class=\"aligncenter size-medium\"><img loading=\"lazy\" width=\"225\" height=\"300\" src=\"https:\/\/www.hundeschule-happylife.ch\/wp-content\/uploads\/2022\/12\/IMG_5636-225x300.jpeg\" alt=\"\" class=\"wp-image-18938\" srcset=\"https:\/\/www.hundeschule-happylife.ch\/wp-content\/uploads\/2022\/12\/IMG_5636-225x300.jpeg 225w, https:\/\/www.hundeschule-happylife.ch\/wp-content\/uploads\/2022\/12\/IMG_5636-768x1024.jpeg 768w, https:\/\/www.hundeschule-happylife.ch\/wp-content\/uploads\/2022\/12\/IMG_5636-1152x1536.jpeg 1152w, https:\/\/www.hundeschule-happylife.ch\/wp-content\/uploads\/2022\/12\/IMG_5636.jpeg 1536w\" sizes=\"(max-width: 225px) 100vw, 225px\" \/><\/figure><\/div>\n\n\n\n<p class=\"has-cyan-bluish-gray-color has-text-color\">Inzwischen haben wir zwei Schapendoes M\u00e4dchen bei uns. Am 13. Okt. 2022 durften wir CARINA zu uns holen. Sie macht uns viel Freude und alles f\u00e4ngt wieder von vorne an. Es ist unheimlich sch\u00f6n mit ihr und eine totale Bereicherung f\u00fcr uns alle. <\/p>\n\n\n\n<figure class=\"wp-block-image size-large is-resized is-style-default\"><img loading=\"lazy\" src=\"https:\/\/www.hundeschule-happylife.ch\/wp-content\/uploads\/2024\/02\/IMG_6374-768x1024.jpeg\" alt=\"\" class=\"wp-image-21655\" width=\"410\" height=\"546\" srcset=\"https:\/\/www.hundeschule-happylife.ch\/wp-content\/uploads\/2024\/02\/IMG_6374-768x1024.jpeg 768w, https:\/\/www.hundeschule-happylife.ch\/wp-content\/uploads\/2024\/02\/IMG_6374-225x300.jpeg 225w, https:\/\/www.hundeschule-happylife.ch\/wp-content\/uploads\/2024\/02\/IMG_6374-1152x1536.jpeg 1152w, https:\/\/www.hundeschule-happylife.ch\/wp-content\/uploads\/2024\/02\/IMG_6374.jpeg 1536w\" sizes=\"(max-width: 410px) 100vw, 410px\" \/><\/figure>\n\n\n\n<p><span class=\"has-inline-color has-cyan-bluish-gray-color\">Aber wir geniessen auch lange und ausgedehnte Spazierg\u00e4nge und vor allem unsere Wanderungen im Engadin. <\/span><\/p>\n\n\n\n<p><span class=\"has-inline-color has-cyan-bluish-gray-color\">In den 30 Jahren Hundehaltung &#8211; hat sich sehr viel ge\u00e4ndert und das ist auch gut. Ich war \u00fcber 20 Jahre als Kursleiter- und Bereichsleiterin &#8222;Junghunde Ausbildung&#8220; aktiv in einem  Verein t\u00e4tig. Vor mehr als 10 Jahren haben wir unsere eigene Hundeschule gegr\u00fcndet. Wir sind ein kleines, aufgestelltes Team und jeder Kursleiter\/in hat grosse Erfahrung und die setzen wir gezielt ein. Es macht mir unheimlich viel Spass und Freude f\u00fcr Hund und Mensch da zu sein. <\/span><\/p>\n\n\n\n<p><span class=\"has-inline-color has-cyan-bluish-gray-color\">Mein grosses Anliegen ist es, f\u00fcr unsere &#8222;Teams&#8220; den richtigen Weg zu finden und eine gute Bindung aufzubauen und abwechslungsreiche Lektionen zu kreieren. <\/span><\/p>\n\n\n\n<p><span class=\"has-inline-color has-cyan-bluish-gray-color\">Ich freue mich sehr, Sie und Ihren Hund zu begleiten und Ihnen unvergessliche &#8222;H\u00fcndelerstunden&#8220;  zu vermitteln. <\/span><\/p>\n","protected":false},"excerpt":{"rendered":"<p>Seit 1989 geh\u00f6ren Hunde zu meinem Leben. Damals kam Panja zu uns &#8211; eine liebevolle, aber etwas sture Bobtail-Dame, die unbedingt ihr &#8222;Grindli&#8220; druchsetzen wollte.<\/p>\n<p>Ich lernte viel mit Panja und mein ganzes Leben \u00e4nderte sich durch sie.  Als Panja vier Jahre alt war, kam ein zweiter Bobtail zu uns und bis heute begleiten uns Hunde durch unser Leben. Wir k\u00f6nnten gar nicht ohne sein! Mit allen unseren Hunden betrieb ich aktiven Hundesport und absolvierte Pr\u00fcfungen im Begleithundebereicht. Erst in den letzten Jahren, habe ich mehr Wert auf Plausch &#8211; &#8230;<\/p>\n","protected":false},"author":2,"featured_media":0,"parent":2,"menu_order":1,"comment_status":"closed","ping_status":"closed","template":"","meta":{"ngg_post_thumbnail":0},"_links":{"self":[{"href":"https:\/\/www.hundeschule-happylife.ch\/index.php?rest_route=\/wp\/v2\/pages\/8041"}],"collection":[{"href":"https:\/\/www.hundeschule-happylife.ch\/index.php?rest_route=\/wp\/v2\/pages"}],"about":[{"href":"https:\/\/www.hundeschule-happylife.ch\/index.php?rest_route=\/wp\/v2\/types\/page"}],"author":[{"embeddable":true,"href":"https:\/\/www.hundeschule-happylife.ch\/index.php?rest_route=\/wp\/v2\/users\/2"}],"replies":[{"embeddable":true,"href":"https:\/\/www.hundeschule-happylife.ch\/index.php?rest_route=%2Fwp%2Fv2%2Fcomments&post=8041"}],"version-history":[{"count":9,"href":"https:\/\/www.hundeschule-happylife.ch\/index.php?rest_route=\/wp\/v2\/pages\/8041\/revisions"}],"predecessor-version":[{"id":21657,"href":"https:\/\/www.hundeschule-happylife.ch\/index.php?rest_route=\/wp\/v2\/pages\/8041\/revisions\/21657"}],"up":[{"embeddable":true,"href":"https:\/\/www.hundeschule-happylife.ch\/index.php?rest_route=\/wp\/v2\/pages\/2"}],"wp:attachment":[{"href":"https:\/\/www.hundeschule-happylife.ch\/index.php?rest_route=%2Fwp%2Fv2%2Fmedia&parent=8041"}],"curies":[{"name":"wp","href":"https:\/\/api.w.org\/{rel}","templated":true}]}}