{"id":7,"date":"2010-05-02T10:59:43","date_gmt":"2010-05-02T10:59:43","guid":{"rendered":"http:\/\/www.hundeschule-happylife.ch\/?page_id=7"},"modified":"2026-01-23T14:27:27","modified_gmt":"2026-01-23T14:27:27","slug":"abc","status":"publish","type":"page","link":"https:\/\/www.hundeschule-happylife.ch\/?page_id=7","title":{"rendered":"ABC"},"content":{"rendered":"<h3><a href=\"http:\/\/www.hundeschule-happylife.ch\/wp-content\/uploads\/2010\/05\/ABC-Collage.jpg\"><img loading=\"lazy\" class=\"alignright size-medium wp-image-4119\" src=\"http:\/\/www.hundeschule-happylife.ch\/wp-content\/uploads\/2010\/05\/ABC-Collage-300x168.jpg\" alt=\"ABC Collage\" width=\"300\" height=\"168\" srcset=\"https:\/\/www.hundeschule-happylife.ch\/wp-content\/uploads\/2010\/05\/ABC-Collage-300x168.jpg 300w, https:\/\/www.hundeschule-happylife.ch\/wp-content\/uploads\/2010\/05\/ABC-Collage-1024x575.jpg 1024w, https:\/\/www.hundeschule-happylife.ch\/wp-content\/uploads\/2010\/05\/ABC-Collage.jpg 1366w\" sizes=\"(max-width: 300px) 100vw, 300px\" \/><\/a><\/h3>\n<h3><span style=\"color: #00ff00;\">A<\/span> <span style=\"color: #888888;\">f\u00fcr Aufmerk<\/span><span style=\"color: #888888;\">samkeit<\/span><\/h3>\n<h3><span style=\"color: #00ff00;\">B<\/span> <span style=\"color: #888888;\">f\u00fcr Bindung<\/span><\/h3>\n<h3><span style=\"color: #00ff00;\">C <\/span><span style=\"color: #888888;\">f\u00fcr Cleverness<\/span><\/h3>\n<p>.<\/p>\n<p><span style=\"color: #888888;\"><span style=\"color: #808080;\">F\u00fcr junge Hunde ab&nbsp;16 Wochen&nbsp;und f\u00fcr alle Hunde, denen ein bisschen Grunderziehung gut tut.&nbsp; Der ABC Kurs ist die ideale Fortsetzung nach dem Welpenpr\u00e4gungskurs. <\/span><\/span><\/p>\n<p><span style=\"color: #808080;\">M\u00f6chten Sie Ihren Hund zu einem angenehmen Begleiter erziehen?<\/span><\/p>\n<p><span style=\"color: #808080;\">Dann sind Sie im <strong>ABC<\/strong> Kurs genau richtig! Nur ein <strong>A<\/strong>UFMERKSAMER Hund kann lernen \u2013 wir zeigen Ihnen, wie Sie Ihren Hund auf sich aufmerksam machen k\u00f6nnen. Die <strong>BI<\/strong>NDUNG vom Hund zum Menschen ist die wichtigste Voraussetzung f\u00fcr ein problemloses Zusammenleben. Auch die <strong>C<\/strong>LEVERNESS und nat\u00fcrlichen F\u00e4higkeiten von Ihrem Vierbeiner lernen Sie zu erkennen und zu f\u00f6rdern. <\/span><\/p>\n<h3><span style=\"color: #00ff00;\">Praktische \u00dcbungen: <\/span><\/h3>\n<ul>\n<li><span style=\"color: #808080;\">Kontakt\u00fcbungen \/ Handling \/ Schm\u00fcsele<\/span><\/li>\n<li><span style=\"color: #808080;\">1. \u00dcbungen an der Leine &#8211; ohne zu ziehen!<\/span><\/li>\n<li><span style=\"color: #808080;\">1. einfache Abruf\u00fcbungen<\/span><\/li>\n<li><span style=\"color: #808080;\">Konzentrations\u00fcbungen (luege)<\/span><\/li>\n<li><span style=\"color: #808080;\">Positionen: SITZ &#8211; PLATZ<\/span><\/li>\n<li><span style=\"color: #808080;\">Warte\u00fcbungen (Ruhephasen, Still sein)<\/span><\/li>\n<li><span style=\"color: #808080;\">Verschiedene Bodenbel\u00e4ge begehen<\/span><\/li>\n<li><span style=\"color: #808080;\">Richtig spielen mit dem Hund<\/span><\/li>\n<li><span style=\"color: #808080;\">Cleverness &#8211; Schn\u00fcffelspiele , Impulskontrolle etc.<\/span><\/li>\n<li><span style=\"color: #808080;\">Team spezifische \u00dcbungen<\/span><\/li>\n<\/ul>\n<p><span style=\"color: #888888;\">Kurskosten f\u00fcr&nbsp;8 Lektionen: Fr. 240.00 (incl. Kursunterlagen) &#8211; weitere Lektionen k\u00f6nnen einzeln gebucht werden. (Fr.&nbsp;30.00 pro Lektion)<\/span><\/p>\n<h3><span style=\"color: #808080;\">jeden Samstag, 11.15 &#8211; 12.15<\/span><\/h3>\n<p>&nbsp;<\/p>\n<p><span style=\"color: #888888;\">Eintritt <span style=\"color: #00ff00;\">jederzeit<\/span> nach Absprache m\u00f6glich! (reservieren Sie bitte rechtzeitig einen Platz f\u00fcr Ihren Hund<\/span><\/p>\n<p><span style=\"color: #808080;\">Kursleitung: Pia Gijseman und Thomas Zemp<\/span><\/p>\n<p>.<\/p>\n<p>&nbsp;<\/p>\n","protected":false},"excerpt":{"rendered":"<p>A f\u00fcr Aufmerksamkeit<br \/>\nB f\u00fcr Bindung<br \/>\nC f\u00fcr Cleverness<br \/>\n.<br \/>\nF\u00fcr junge Hunde ab&nbsp;16 Wochen&nbsp;und f\u00fcr alle Hunde, denen ein bisschen Grunderziehung gut tut.&nbsp; Der ABC Kurs ist die ideale Fortsetzung nach dem Welpenpr\u00e4gungskurs.<br \/>\nM\u00f6chten Sie Ihren Hund zu einem angenehmen Begleiter erziehen?<br \/>\nDann sind Sie im ABC Kurs genau richtig! Nur ein AUFMERKSAMER Hund kann lernen \u2013 wir zeigen Ihnen, wie Sie Ihren Hund auf sich aufmerksam machen k\u00f6nnen. Die BINDUNG vom Hund zum Menschen ist die wichtigste Voraussetzung f\u00fcr ein problemloses Zusammenleben. Auch die CLEVERNESS und nat\u00fcrlichen F\u00e4higkeiten von Ihrem Vierbeiner lernen Sie &#8230;<\/p>\n","protected":false},"author":1,"featured_media":0,"parent":21,"menu_order":20,"comment_status":"closed","ping_status":"closed","template":"","meta":{"ngg_post_thumbnail":0},"_links":{"self":[{"href":"https:\/\/www.hundeschule-happylife.ch\/index.php?rest_route=\/wp\/v2\/pages\/7"}],"collection":[{"href":"https:\/\/www.hundeschule-happylife.ch\/index.php?rest_route=\/wp\/v2\/pages"}],"about":[{"href":"https:\/\/www.hundeschule-happylife.ch\/index.php?rest_route=\/wp\/v2\/types\/page"}],"author":[{"embeddable":true,"href":"https:\/\/www.hundeschule-happylife.ch\/index.php?rest_route=\/wp\/v2\/users\/1"}],"replies":[{"embeddable":true,"href":"https:\/\/www.hundeschule-happylife.ch\/index.php?rest_route=%2Fwp%2Fv2%2Fcomments&post=7"}],"version-history":[{"count":156,"href":"https:\/\/www.hundeschule-happylife.ch\/index.php?rest_route=\/wp\/v2\/pages\/7\/revisions"}],"predecessor-version":[{"id":23357,"href":"https:\/\/www.hundeschule-happylife.ch\/index.php?rest_route=\/wp\/v2\/pages\/7\/revisions\/23357"}],"up":[{"embeddable":true,"href":"https:\/\/www.hundeschule-happylife.ch\/index.php?rest_route=\/wp\/v2\/pages\/21"}],"wp:attachment":[{"href":"https:\/\/www.hundeschule-happylife.ch\/index.php?rest_route=%2Fwp%2Fv2%2Fmedia&parent=7"}],"curies":[{"name":"wp","href":"https:\/\/api.w.org\/{rel}","templated":true}]}}