{"id":5854,"date":"2018-12-16T13:30:28","date_gmt":"2018-12-16T13:30:28","guid":{"rendered":"http:\/\/www.hundeschule-happylife.ch\/?page_id=5854"},"modified":"2025-04-12T15:22:19","modified_gmt":"2025-04-12T15:22:19","slug":"welpenpragungsstunden","status":"publish","type":"page","link":"https:\/\/www.hundeschule-happylife.ch\/?page_id=5854","title":{"rendered":"Welpenpr\u00e4gungsstunden"},"content":{"rendered":"<h3><span style=\"color: #00ff00;\">Welpenpr\u00e4gungsstunden<\/span><\/h3>\n<p><span style=\"color: #888888;\">Es ist immer eine besondere Freude und eine grosse Ehre, frische Hundehalter\/innen mit ihren Welpen begr\u00fcssen zu d\u00fcrfen. Die Welpenzeit ist kurz &#8211; schon mit 16 Wochen ist diese Zeit abgeschlossen und ein&nbsp; T\u00fcrchen geht zu. Darum ist es sehr wichtig, diese 1. Zeit im neuen zu hause gut und sinnvoll zu n\u00fctzen. Welpenstunden m\u00fcssen gut vorbereitet sein und die Gruppe muss stimmen. Die Gr\u00f6sse der Welpen ist massgebend und entscheidend, ob ein soziales Spiel statt finden kann oder nicht. Wir lassen nie Kleinrassen mit Grossrassen zusammen spielen. Das ist uns viel zu gef\u00e4hrlich. Das Spielen mit anderen jungen Hunden ist wichtig, aber es darf nicht ausarten. So lassen wir die kleinen kurz zusammen spielen und dann lassen wir die Hunde die Welt erkunden: verschiedene Bodenstrukturen, Ger\u00e4usche, Begegnungen mit anderen Lebewesen, Abruf\u00fcbungen, kleine \u00dcbungen an der Leine, Aufmerksamkeit, Namenstraining und nat\u00fcrlich die 1. Positionen, wie SITZ und PLATZ.&nbsp;<\/span><\/p>\n<p>&nbsp;<\/p>\n\n\n<!-- default-view.php -->\n<div\n\tclass=\"ngg-galleryoverview default-view  ngg-ajax-pagination-none\"\n\tid=\"ngg-gallery-d912f0bf9212c6d00951b6a4c7b50c9a-1\">\n\n\t\t<!-- Thumbnails -->\n\t\t\t\t<div id=\"ngg-image-0\" class=\"ngg-gallery-thumbnail-box \" >\n\t\t\t\t        <div class=\"ngg-gallery-thumbnail\">\n            <a href=\"https:\/\/www.hundeschule-happylife.ch\/wp-content\/gallery\/welpen\/image001.jpg\"\n               title=\"\"\n               data-src=\"https:\/\/www.hundeschule-happylife.ch\/wp-content\/gallery\/welpen\/image001.jpg\"\n               data-thumbnail=\"https:\/\/www.hundeschule-happylife.ch\/wp-content\/gallery\/welpen\/thumbs\/thumbs_image001.jpg\"\n               data-image-id=\"44178\"\n               data-title=\"image001\"\n               data-description=\"\"\n               data-image-slug=\"image001-71\"\n               class=\"ngg-fancybox\" rel=\"d912f0bf9212c6d00951b6a4c7b50c9a\">\n                <img\n                    title=\"image001\"\n                    alt=\"image001\"\n                    src=\"https:\/\/www.hundeschule-happylife.ch\/wp-content\/gallery\/welpen\/thumbs\/thumbs_image001.jpg\"\n                    width=\"100\"\n                    height=\"75\"\n                    style=\"max-width:100%;\"\n                \/>\n            <\/a>\n        <\/div>\n\t\t\t\t\t\t\t<\/div> \n\t\t\t\n\t\t\t\t<div id=\"ngg-image-1\" class=\"ngg-gallery-thumbnail-box \" >\n\t\t\t\t        <div class=\"ngg-gallery-thumbnail\">\n            <a href=\"https:\/\/www.hundeschule-happylife.ch\/wp-content\/gallery\/welpen\/image002.jpg\"\n               title=\"\"\n               data-src=\"https:\/\/www.hundeschule-happylife.ch\/wp-content\/gallery\/welpen\/image002.jpg\"\n               data-thumbnail=\"https:\/\/www.hundeschule-happylife.ch\/wp-content\/gallery\/welpen\/thumbs\/thumbs_image002.jpg\"\n               data-image-id=\"44179\"\n               data-title=\"image002\"\n               data-description=\"\"\n               data-image-slug=\"image002-71\"\n               class=\"ngg-fancybox\" rel=\"d912f0bf9212c6d00951b6a4c7b50c9a\">\n                <img\n                    title=\"image002\"\n                    alt=\"image002\"\n                    src=\"https:\/\/www.hundeschule-happylife.ch\/wp-content\/gallery\/welpen\/thumbs\/thumbs_image002.jpg\"\n                    width=\"100\"\n                    height=\"75\"\n                    style=\"max-width:100%;\"\n                \/>\n            <\/a>\n        <\/div>\n\t\t\t\t\t\t\t<\/div> \n\t\t\t\n\t\t\t\t<div id=\"ngg-image-2\" class=\"ngg-gallery-thumbnail-box \" >\n\t\t\t\t        <div class=\"ngg-gallery-thumbnail\">\n            <a href=\"https:\/\/www.hundeschule-happylife.ch\/wp-content\/gallery\/welpen\/image003.jpg\"\n               title=\"\"\n               data-src=\"https:\/\/www.hundeschule-happylife.ch\/wp-content\/gallery\/welpen\/image003.jpg\"\n               data-thumbnail=\"https:\/\/www.hundeschule-happylife.ch\/wp-content\/gallery\/welpen\/thumbs\/thumbs_image003.jpg\"\n               data-image-id=\"44180\"\n               data-title=\"image003\"\n               data-description=\"\"\n               data-image-slug=\"image003-71\"\n               class=\"ngg-fancybox\" rel=\"d912f0bf9212c6d00951b6a4c7b50c9a\">\n                <img\n                    title=\"image003\"\n                    alt=\"image003\"\n                    src=\"https:\/\/www.hundeschule-happylife.ch\/wp-content\/gallery\/welpen\/thumbs\/thumbs_image003.jpg\"\n                    width=\"100\"\n                    height=\"75\"\n                    style=\"max-width:100%;\"\n                \/>\n            <\/a>\n        <\/div>\n\t\t\t\t\t\t\t<\/div> \n\t\t\t\n\t\t\t\t<div id=\"ngg-image-3\" class=\"ngg-gallery-thumbnail-box \" >\n\t\t\t\t        <div class=\"ngg-gallery-thumbnail\">\n            <a href=\"https:\/\/www.hundeschule-happylife.ch\/wp-content\/gallery\/welpen\/image004.jpg\"\n               title=\"\"\n               data-src=\"https:\/\/www.hundeschule-happylife.ch\/wp-content\/gallery\/welpen\/image004.jpg\"\n               data-thumbnail=\"https:\/\/www.hundeschule-happylife.ch\/wp-content\/gallery\/welpen\/thumbs\/thumbs_image004.jpg\"\n               data-image-id=\"44181\"\n               data-title=\"image004\"\n               data-description=\"\"\n               data-image-slug=\"image004-71\"\n               class=\"ngg-fancybox\" rel=\"d912f0bf9212c6d00951b6a4c7b50c9a\">\n                <img\n                    title=\"image004\"\n                    alt=\"image004\"\n                    src=\"https:\/\/www.hundeschule-happylife.ch\/wp-content\/gallery\/welpen\/thumbs\/thumbs_image004.jpg\"\n                    width=\"100\"\n                    height=\"75\"\n                    style=\"max-width:100%;\"\n                \/>\n            <\/a>\n        <\/div>\n\t\t\t\t\t\t\t<\/div> \n\t\t\t\n\t\t\t\t<div id=\"ngg-image-4\" class=\"ngg-gallery-thumbnail-box \" >\n\t\t\t\t        <div class=\"ngg-gallery-thumbnail\">\n            <a href=\"https:\/\/www.hundeschule-happylife.ch\/wp-content\/gallery\/welpen\/image006.jpg\"\n               title=\"\"\n               data-src=\"https:\/\/www.hundeschule-happylife.ch\/wp-content\/gallery\/welpen\/image006.jpg\"\n               data-thumbnail=\"https:\/\/www.hundeschule-happylife.ch\/wp-content\/gallery\/welpen\/thumbs\/thumbs_image006.jpg\"\n               data-image-id=\"44182\"\n               data-title=\"image006\"\n               data-description=\"\"\n               data-image-slug=\"image006-70\"\n               class=\"ngg-fancybox\" rel=\"d912f0bf9212c6d00951b6a4c7b50c9a\">\n                <img\n                    title=\"image006\"\n                    alt=\"image006\"\n                    src=\"https:\/\/www.hundeschule-happylife.ch\/wp-content\/gallery\/welpen\/thumbs\/thumbs_image006.jpg\"\n                    width=\"100\"\n                    height=\"75\"\n                    style=\"max-width:100%;\"\n                \/>\n            <\/a>\n        <\/div>\n\t\t\t\t\t\t\t<\/div> \n\t\t\t\n\t\t\t\t<div id=\"ngg-image-5\" class=\"ngg-gallery-thumbnail-box \" >\n\t\t\t\t        <div class=\"ngg-gallery-thumbnail\">\n            <a href=\"https:\/\/www.hundeschule-happylife.ch\/wp-content\/gallery\/welpen\/image007.jpg\"\n               title=\"\"\n               data-src=\"https:\/\/www.hundeschule-happylife.ch\/wp-content\/gallery\/welpen\/image007.jpg\"\n               data-thumbnail=\"https:\/\/www.hundeschule-happylife.ch\/wp-content\/gallery\/welpen\/thumbs\/thumbs_image007.jpg\"\n               data-image-id=\"44183\"\n               data-title=\"image007\"\n               data-description=\"\"\n               data-image-slug=\"image007-70\"\n               class=\"ngg-fancybox\" rel=\"d912f0bf9212c6d00951b6a4c7b50c9a\">\n                <img\n                    title=\"image007\"\n                    alt=\"image007\"\n                    src=\"https:\/\/www.hundeschule-happylife.ch\/wp-content\/gallery\/welpen\/thumbs\/thumbs_image007.jpg\"\n                    width=\"100\"\n                    height=\"75\"\n                    style=\"max-width:100%;\"\n                \/>\n            <\/a>\n        <\/div>\n\t\t\t\t\t\t\t<\/div> \n\t\t\t\n\t\t\t\t<div id=\"ngg-image-6\" class=\"ngg-gallery-thumbnail-box \" >\n\t\t\t\t        <div class=\"ngg-gallery-thumbnail\">\n            <a href=\"https:\/\/www.hundeschule-happylife.ch\/wp-content\/gallery\/welpen\/image008.jpg\"\n               title=\"\"\n               data-src=\"https:\/\/www.hundeschule-happylife.ch\/wp-content\/gallery\/welpen\/image008.jpg\"\n               data-thumbnail=\"https:\/\/www.hundeschule-happylife.ch\/wp-content\/gallery\/welpen\/thumbs\/thumbs_image008.jpg\"\n               data-image-id=\"44184\"\n               data-title=\"image008\"\n               data-description=\"\"\n               data-image-slug=\"image008-70\"\n               class=\"ngg-fancybox\" rel=\"d912f0bf9212c6d00951b6a4c7b50c9a\">\n                <img\n                    title=\"image008\"\n                    alt=\"image008\"\n                    src=\"https:\/\/www.hundeschule-happylife.ch\/wp-content\/gallery\/welpen\/thumbs\/thumbs_image008.jpg\"\n                    width=\"100\"\n                    height=\"75\"\n                    style=\"max-width:100%;\"\n                \/>\n            <\/a>\n        <\/div>\n\t\t\t\t\t\t\t<\/div> \n\t\t\t\n\t\t\t\t<div id=\"ngg-image-7\" class=\"ngg-gallery-thumbnail-box \" >\n\t\t\t\t        <div class=\"ngg-gallery-thumbnail\">\n            <a href=\"https:\/\/www.hundeschule-happylife.ch\/wp-content\/gallery\/welpen\/image009.jpg\"\n               title=\"\"\n               data-src=\"https:\/\/www.hundeschule-happylife.ch\/wp-content\/gallery\/welpen\/image009.jpg\"\n               data-thumbnail=\"https:\/\/www.hundeschule-happylife.ch\/wp-content\/gallery\/welpen\/thumbs\/thumbs_image009.jpg\"\n               data-image-id=\"44185\"\n               data-title=\"image009\"\n               data-description=\"\"\n               data-image-slug=\"image009-69\"\n               class=\"ngg-fancybox\" rel=\"d912f0bf9212c6d00951b6a4c7b50c9a\">\n                <img\n                    title=\"image009\"\n                    alt=\"image009\"\n                    src=\"https:\/\/www.hundeschule-happylife.ch\/wp-content\/gallery\/welpen\/thumbs\/thumbs_image009.jpg\"\n                    width=\"100\"\n                    height=\"75\"\n                    style=\"max-width:100%;\"\n                \/>\n            <\/a>\n        <\/div>\n\t\t\t\t\t\t\t<\/div> \n\t\t\t\n\t\t\t\t<div id=\"ngg-image-8\" class=\"ngg-gallery-thumbnail-box \" >\n\t\t\t\t        <div class=\"ngg-gallery-thumbnail\">\n            <a href=\"https:\/\/www.hundeschule-happylife.ch\/wp-content\/gallery\/welpen\/image010.jpg\"\n               title=\"\"\n               data-src=\"https:\/\/www.hundeschule-happylife.ch\/wp-content\/gallery\/welpen\/image010.jpg\"\n               data-thumbnail=\"https:\/\/www.hundeschule-happylife.ch\/wp-content\/gallery\/welpen\/thumbs\/thumbs_image010.jpg\"\n               data-image-id=\"44186\"\n               data-title=\"image010\"\n               data-description=\"\"\n               data-image-slug=\"image010-69\"\n               class=\"ngg-fancybox\" rel=\"d912f0bf9212c6d00951b6a4c7b50c9a\">\n                <img\n                    title=\"image010\"\n                    alt=\"image010\"\n                    src=\"https:\/\/www.hundeschule-happylife.ch\/wp-content\/gallery\/welpen\/thumbs\/thumbs_image010.jpg\"\n                    width=\"100\"\n                    height=\"75\"\n                    style=\"max-width:100%;\"\n                \/>\n            <\/a>\n        <\/div>\n\t\t\t\t\t\t\t<\/div> \n\t\t\t\n\t\t\t\t<div id=\"ngg-image-9\" class=\"ngg-gallery-thumbnail-box \" >\n\t\t\t\t        <div class=\"ngg-gallery-thumbnail\">\n            <a href=\"https:\/\/www.hundeschule-happylife.ch\/wp-content\/gallery\/welpen\/image011.jpg\"\n               title=\"\"\n               data-src=\"https:\/\/www.hundeschule-happylife.ch\/wp-content\/gallery\/welpen\/image011.jpg\"\n               data-thumbnail=\"https:\/\/www.hundeschule-happylife.ch\/wp-content\/gallery\/welpen\/thumbs\/thumbs_image011.jpg\"\n               data-image-id=\"44187\"\n               data-title=\"image011\"\n               data-description=\"\"\n               data-image-slug=\"image011-68\"\n               class=\"ngg-fancybox\" rel=\"d912f0bf9212c6d00951b6a4c7b50c9a\">\n                <img\n                    title=\"image011\"\n                    alt=\"image011\"\n                    src=\"https:\/\/www.hundeschule-happylife.ch\/wp-content\/gallery\/welpen\/thumbs\/thumbs_image011.jpg\"\n                    width=\"100\"\n                    height=\"75\"\n                    style=\"max-width:100%;\"\n                \/>\n            <\/a>\n        <\/div>\n\t\t\t\t\t\t\t<\/div> \n\t\t\t\n\t\t\t\t<div id=\"ngg-image-10\" class=\"ngg-gallery-thumbnail-box \" >\n\t\t\t\t        <div class=\"ngg-gallery-thumbnail\">\n            <a href=\"https:\/\/www.hundeschule-happylife.ch\/wp-content\/gallery\/welpen\/image012.jpg\"\n               title=\"\"\n               data-src=\"https:\/\/www.hundeschule-happylife.ch\/wp-content\/gallery\/welpen\/image012.jpg\"\n               data-thumbnail=\"https:\/\/www.hundeschule-happylife.ch\/wp-content\/gallery\/welpen\/thumbs\/thumbs_image012.jpg\"\n               data-image-id=\"44188\"\n               data-title=\"image012\"\n               data-description=\"\"\n               data-image-slug=\"image012-68\"\n               class=\"ngg-fancybox\" rel=\"d912f0bf9212c6d00951b6a4c7b50c9a\">\n                <img\n                    title=\"image012\"\n                    alt=\"image012\"\n                    src=\"https:\/\/www.hundeschule-happylife.ch\/wp-content\/gallery\/welpen\/thumbs\/thumbs_image012.jpg\"\n                    width=\"100\"\n                    height=\"75\"\n                    style=\"max-width:100%;\"\n                \/>\n            <\/a>\n        <\/div>\n\t\t\t\t\t\t\t<\/div> \n\t\t\t\n\t\t\t\t<div id=\"ngg-image-11\" class=\"ngg-gallery-thumbnail-box \" >\n\t\t\t\t        <div class=\"ngg-gallery-thumbnail\">\n            <a href=\"https:\/\/www.hundeschule-happylife.ch\/wp-content\/gallery\/welpen\/image005.jpg\"\n               title=\"\"\n               data-src=\"https:\/\/www.hundeschule-happylife.ch\/wp-content\/gallery\/welpen\/image005.jpg\"\n               data-thumbnail=\"https:\/\/www.hundeschule-happylife.ch\/wp-content\/gallery\/welpen\/thumbs\/thumbs_image005.jpg\"\n               data-image-id=\"44189\"\n               data-title=\"image005\"\n               data-description=\"\"\n               data-image-slug=\"image005-70\"\n               class=\"ngg-fancybox\" rel=\"d912f0bf9212c6d00951b6a4c7b50c9a\">\n                <img\n                    title=\"image005\"\n                    alt=\"image005\"\n                    src=\"https:\/\/www.hundeschule-happylife.ch\/wp-content\/gallery\/welpen\/thumbs\/thumbs_image005.jpg\"\n                    width=\"100\"\n                    height=\"75\"\n                    style=\"max-width:100%;\"\n                \/>\n            <\/a>\n        <\/div>\n\t\t\t\t\t\t\t<\/div> \n\t\t\t\n\t\t\t\t<div id=\"ngg-image-12\" class=\"ngg-gallery-thumbnail-box \" >\n\t\t\t\t        <div class=\"ngg-gallery-thumbnail\">\n            <a href=\"https:\/\/www.hundeschule-happylife.ch\/wp-content\/gallery\/welpen\/image013.jpg\"\n               title=\"\"\n               data-src=\"https:\/\/www.hundeschule-happylife.ch\/wp-content\/gallery\/welpen\/image013.jpg\"\n               data-thumbnail=\"https:\/\/www.hundeschule-happylife.ch\/wp-content\/gallery\/welpen\/thumbs\/thumbs_image013.jpg\"\n               data-image-id=\"44190\"\n               data-title=\"image013\"\n               data-description=\"\"\n               data-image-slug=\"image013-68\"\n               class=\"ngg-fancybox\" rel=\"d912f0bf9212c6d00951b6a4c7b50c9a\">\n                <img\n                    title=\"image013\"\n                    alt=\"image013\"\n                    src=\"https:\/\/www.hundeschule-happylife.ch\/wp-content\/gallery\/welpen\/thumbs\/thumbs_image013.jpg\"\n                    width=\"100\"\n                    height=\"75\"\n                    style=\"max-width:100%;\"\n                \/>\n            <\/a>\n        <\/div>\n\t\t\t\t\t\t\t<\/div> \n\t\t\t\n\t\t\t\t<div id=\"ngg-image-13\" class=\"ngg-gallery-thumbnail-box \" >\n\t\t\t\t        <div class=\"ngg-gallery-thumbnail\">\n            <a href=\"https:\/\/www.hundeschule-happylife.ch\/wp-content\/gallery\/welpen\/image014.jpg\"\n               title=\"\"\n               data-src=\"https:\/\/www.hundeschule-happylife.ch\/wp-content\/gallery\/welpen\/image014.jpg\"\n               data-thumbnail=\"https:\/\/www.hundeschule-happylife.ch\/wp-content\/gallery\/welpen\/thumbs\/thumbs_image014.jpg\"\n               data-image-id=\"44191\"\n               data-title=\"image014\"\n               data-description=\"\"\n               data-image-slug=\"image014-68\"\n               class=\"ngg-fancybox\" rel=\"d912f0bf9212c6d00951b6a4c7b50c9a\">\n                <img\n                    title=\"image014\"\n                    alt=\"image014\"\n                    src=\"https:\/\/www.hundeschule-happylife.ch\/wp-content\/gallery\/welpen\/thumbs\/thumbs_image014.jpg\"\n                    width=\"100\"\n                    height=\"75\"\n                    style=\"max-width:100%;\"\n                \/>\n            <\/a>\n        <\/div>\n\t\t\t\t\t\t\t<\/div> \n\t\t\t\n\t\t\t\t<div id=\"ngg-image-14\" class=\"ngg-gallery-thumbnail-box \" >\n\t\t\t\t        <div class=\"ngg-gallery-thumbnail\">\n            <a href=\"https:\/\/www.hundeschule-happylife.ch\/wp-content\/gallery\/welpen\/image015.jpg\"\n               title=\"\"\n               data-src=\"https:\/\/www.hundeschule-happylife.ch\/wp-content\/gallery\/welpen\/image015.jpg\"\n               data-thumbnail=\"https:\/\/www.hundeschule-happylife.ch\/wp-content\/gallery\/welpen\/thumbs\/thumbs_image015.jpg\"\n               data-image-id=\"44192\"\n               data-title=\"image015\"\n               data-description=\"\"\n               data-image-slug=\"image015-68\"\n               class=\"ngg-fancybox\" rel=\"d912f0bf9212c6d00951b6a4c7b50c9a\">\n                <img\n                    title=\"image015\"\n                    alt=\"image015\"\n                    src=\"https:\/\/www.hundeschule-happylife.ch\/wp-content\/gallery\/welpen\/thumbs\/thumbs_image015.jpg\"\n                    width=\"100\"\n                    height=\"75\"\n                    style=\"max-width:100%;\"\n                \/>\n            <\/a>\n        <\/div>\n\t\t\t\t\t\t\t<\/div> \n\t\t\t\n\t\t\t\t<div id=\"ngg-image-15\" class=\"ngg-gallery-thumbnail-box \" >\n\t\t\t\t        <div class=\"ngg-gallery-thumbnail\">\n            <a href=\"https:\/\/www.hundeschule-happylife.ch\/wp-content\/gallery\/welpen\/image016.jpg\"\n               title=\"\"\n               data-src=\"https:\/\/www.hundeschule-happylife.ch\/wp-content\/gallery\/welpen\/image016.jpg\"\n               data-thumbnail=\"https:\/\/www.hundeschule-happylife.ch\/wp-content\/gallery\/welpen\/thumbs\/thumbs_image016.jpg\"\n               data-image-id=\"44193\"\n               data-title=\"image016\"\n               data-description=\"\"\n               data-image-slug=\"image016-68\"\n               class=\"ngg-fancybox\" rel=\"d912f0bf9212c6d00951b6a4c7b50c9a\">\n                <img\n                    title=\"image016\"\n                    alt=\"image016\"\n                    src=\"https:\/\/www.hundeschule-happylife.ch\/wp-content\/gallery\/welpen\/thumbs\/thumbs_image016.jpg\"\n                    width=\"100\"\n                    height=\"75\"\n                    style=\"max-width:100%;\"\n                \/>\n            <\/a>\n        <\/div>\n\t\t\t\t\t\t\t<\/div> \n\t\t\t\n\t\t\t\t<div id=\"ngg-image-16\" class=\"ngg-gallery-thumbnail-box \" >\n\t\t\t\t        <div class=\"ngg-gallery-thumbnail\">\n            <a href=\"https:\/\/www.hundeschule-happylife.ch\/wp-content\/gallery\/welpen\/image017.jpg\"\n               title=\"\"\n               data-src=\"https:\/\/www.hundeschule-happylife.ch\/wp-content\/gallery\/welpen\/image017.jpg\"\n               data-thumbnail=\"https:\/\/www.hundeschule-happylife.ch\/wp-content\/gallery\/welpen\/thumbs\/thumbs_image017.jpg\"\n               data-image-id=\"44194\"\n               data-title=\"image017\"\n               data-description=\"\"\n               data-image-slug=\"image017-68\"\n               class=\"ngg-fancybox\" rel=\"d912f0bf9212c6d00951b6a4c7b50c9a\">\n                <img\n                    title=\"image017\"\n                    alt=\"image017\"\n                    src=\"https:\/\/www.hundeschule-happylife.ch\/wp-content\/gallery\/welpen\/thumbs\/thumbs_image017.jpg\"\n                    width=\"100\"\n                    height=\"75\"\n                    style=\"max-width:100%;\"\n                \/>\n            <\/a>\n        <\/div>\n\t\t\t\t\t\t\t<\/div> \n\t\t\t\n\t\t\t\t<div id=\"ngg-image-17\" class=\"ngg-gallery-thumbnail-box \" >\n\t\t\t\t        <div class=\"ngg-gallery-thumbnail\">\n            <a href=\"https:\/\/www.hundeschule-happylife.ch\/wp-content\/gallery\/welpen\/image018.jpg\"\n               title=\"\"\n               data-src=\"https:\/\/www.hundeschule-happylife.ch\/wp-content\/gallery\/welpen\/image018.jpg\"\n               data-thumbnail=\"https:\/\/www.hundeschule-happylife.ch\/wp-content\/gallery\/welpen\/thumbs\/thumbs_image018.jpg\"\n               data-image-id=\"44195\"\n               data-title=\"image018\"\n               data-description=\"\"\n               data-image-slug=\"image018-68\"\n               class=\"ngg-fancybox\" rel=\"d912f0bf9212c6d00951b6a4c7b50c9a\">\n                <img\n                    title=\"image018\"\n                    alt=\"image018\"\n                    src=\"https:\/\/www.hundeschule-happylife.ch\/wp-content\/gallery\/welpen\/thumbs\/thumbs_image018.jpg\"\n                    width=\"100\"\n                    height=\"75\"\n                    style=\"max-width:100%;\"\n                \/>\n            <\/a>\n        <\/div>\n\t\t\t\t\t\t\t<\/div> \n\t\t\t\n\t\t\t\t<div id=\"ngg-image-18\" class=\"ngg-gallery-thumbnail-box \" >\n\t\t\t\t        <div class=\"ngg-gallery-thumbnail\">\n            <a href=\"https:\/\/www.hundeschule-happylife.ch\/wp-content\/gallery\/welpen\/image019.jpg\"\n               title=\"\"\n               data-src=\"https:\/\/www.hundeschule-happylife.ch\/wp-content\/gallery\/welpen\/image019.jpg\"\n               data-thumbnail=\"https:\/\/www.hundeschule-happylife.ch\/wp-content\/gallery\/welpen\/thumbs\/thumbs_image019.jpg\"\n               data-image-id=\"44196\"\n               data-title=\"image019\"\n               data-description=\"\"\n               data-image-slug=\"image019-67\"\n               class=\"ngg-fancybox\" rel=\"d912f0bf9212c6d00951b6a4c7b50c9a\">\n                <img\n                    title=\"image019\"\n                    alt=\"image019\"\n                    src=\"https:\/\/www.hundeschule-happylife.ch\/wp-content\/gallery\/welpen\/thumbs\/thumbs_image019.jpg\"\n                    width=\"100\"\n                    height=\"75\"\n                    style=\"max-width:100%;\"\n                \/>\n            <\/a>\n        <\/div>\n\t\t\t\t\t\t\t<\/div> \n\t\t\t\n\t\n\t<br style=\"clear: both\" \/>\n\n\t\n\t\t<!-- Pagination -->\n\t<div class='ngg-clear'><\/div>\t<\/div>\n\n","protected":false},"excerpt":{"rendered":"<p>Welpenpr\u00e4gungsstunden<br \/>\nEs ist immer eine besondere Freude und eine grosse Ehre, frische Hundehalter\/innen mit ihren Welpen begr\u00fcssen zu d\u00fcrfen. Die Welpenzeit ist kurz &#8211; schon mit 16 Wochen ist diese Zeit abgeschlossen und ein&nbsp; T\u00fcrchen geht zu. Darum ist es sehr wichtig, diese 1. Zeit im neuen zu hause gut und sinnvoll zu n\u00fctzen. Welpenstunden m\u00fcssen gut vorbereitet sein und die Gruppe muss stimmen. Die Gr\u00f6sse der Welpen ist massgebend und entscheidend, ob ein soziales Spiel statt finden kann oder nicht. Wir lassen nie Kleinrassen mit Grossrassen zusammen spielen. Das ist &#8230;<\/p>\n","protected":false},"author":2,"featured_media":0,"parent":760,"menu_order":5,"comment_status":"closed","ping_status":"closed","template":"","meta":{"ngg_post_thumbnail":0},"_links":{"self":[{"href":"https:\/\/www.hundeschule-happylife.ch\/index.php?rest_route=\/wp\/v2\/pages\/5854"}],"collection":[{"href":"https:\/\/www.hundeschule-happylife.ch\/index.php?rest_route=\/wp\/v2\/pages"}],"about":[{"href":"https:\/\/www.hundeschule-happylife.ch\/index.php?rest_route=\/wp\/v2\/types\/page"}],"author":[{"embeddable":true,"href":"https:\/\/www.hundeschule-happylife.ch\/index.php?rest_route=\/wp\/v2\/users\/2"}],"replies":[{"embeddable":true,"href":"https:\/\/www.hundeschule-happylife.ch\/index.php?rest_route=%2Fwp%2Fv2%2Fcomments&post=5854"}],"version-history":[{"count":13,"href":"https:\/\/www.hundeschule-happylife.ch\/index.php?rest_route=\/wp\/v2\/pages\/5854\/revisions"}],"predecessor-version":[{"id":21151,"href":"https:\/\/www.hundeschule-happylife.ch\/index.php?rest_route=\/wp\/v2\/pages\/5854\/revisions\/21151"}],"up":[{"embeddable":true,"href":"https:\/\/www.hundeschule-happylife.ch\/index.php?rest_route=\/wp\/v2\/pages\/760"}],"wp:attachment":[{"href":"https:\/\/www.hundeschule-happylife.ch\/index.php?rest_route=%2Fwp%2Fv2%2Fmedia&parent=5854"}],"curies":[{"name":"wp","href":"https:\/\/api.w.org\/{rel}","templated":true}]}}