{"id":565,"date":"2010-08-19T09:44:43","date_gmt":"2010-08-19T09:44:43","guid":{"rendered":"http:\/\/www.hundeschule-happylife.ch\/?page_id=565"},"modified":"2024-02-04T09:26:12","modified_gmt":"2024-02-04T09:26:12","slug":"aktuell","status":"publish","type":"page","link":"https:\/\/www.hundeschule-happylife.ch\/?page_id=565","title":{"rendered":"Welpenpr\u00e4gungsstunden"},"content":{"rendered":"<h3><span style=\"color: #00ff00;\">M\u00f6chten Sie mit Ihrem jungen Hund Welpenpr\u00e4gungsstunden besuchen?<\/span><\/h3>\n<h2>&nbsp;<\/h2>\n<p><span style=\"color: #00ff00;\"><img loading=\"lazy\" class=\"alignleft size-medium wp-image-3357\" src=\"http:\/\/www.hundeschule-happylife.ch\/wp-content\/uploads\/2010\/08\/Fotor0723171910-300x300.jpg\" alt=\"Fotor0723171910\" width=\"300\" height=\"300\" srcset=\"https:\/\/www.hundeschule-happylife.ch\/wp-content\/uploads\/2010\/08\/Fotor0723171910-300x300.jpg 300w, https:\/\/www.hundeschule-happylife.ch\/wp-content\/uploads\/2010\/08\/Fotor0723171910-150x150.jpg 150w, https:\/\/www.hundeschule-happylife.ch\/wp-content\/uploads\/2010\/08\/Fotor0723171910.jpg 800w\" sizes=\"(max-width: 300px) 100vw, 300px\" \/><\/span><\/p>\n<p><span style=\"color: #808080;\"><span style=\"color: #888888;\">G\u00f6nnen Sie Ihrem Welpen das Gl\u00fcck, andere junge Hunde kennen zu lernen. Helfen Sie ihm, sich gut zu sozialisieren. \u00dcben Sie schon jetzt mit ihm eine Bindung zu Ihnen aufzubauen. Das ist das Fundament f\u00fcr ein gl\u00fcckliches und unbeschwertes Zusammenleben mit Ihrem jungen Hund. Wir beraten Sie gerne &#8211; rufen Sie uns an:<\/span><\/span><\/p>\n<p><span style=\"color: #888888;\">Natel 079 632 27 58<\/span><\/p>\n<h3><span style=\"color: #00ff00;\">RESERVIEREN Sie bitte&nbsp;rechtzeitig einen Platz f\u00fcr Ihren Welpen<\/span><\/h3>\n<h3>&nbsp;<\/h3>\n<h3><span style=\"color: #808080;\">Kurstag Freitag, 8.30 &#8211; 9.30 (oder nach Absprache)<\/span><\/h3>\n<p>.<\/p>\n<p><span style=\"color: #808080;\">Unser Motto:<\/span><\/p>\n<ul>\n<li><span style=\"color: #808080;\">Individuelle F\u00f6rderung der Welpen<\/span><\/li>\n<li><span style=\"color: #808080;\">Informationen an den Tierhalter (in jeder Lektion steht ein theoretisches Thema auf dem Plan)<\/span><\/li>\n<li><span style=\"color: #808080;\">Namenstraining; Schulung der Aufmerksamkeit und Konzentration; Angucken ohne Kommando &#8211; Angucken mit Kommando<\/span><\/li>\n<li><span style=\"color: #808080;\">Akzeptanz von Halsband und Leine \/ erste Leinenf\u00fchrigkeits\u00fcbungen<\/span><\/li>\n<li><span style=\"color: #808080;\">SITZ \/ PLATZ<\/span><\/li>\n<li><span style=\"color: #808080;\">AUS = Tauschgesch\u00e4fte \u00fcben<\/span><\/li>\n<li><span style=\"color: #808080;\">R\u00fcckruf und alles was dazu geh\u00f6rt \u00fcben<\/span><\/li>\n<li><span style=\"color: #808080;\">Lobwort und Korrekturwort<\/span><\/li>\n<li><span style=\"color: #808080;\">Handlings und Tierarzt\u00fcbungen: Ruhe \u00fcben &#8211; Ortsverkn\u00fcpfung aufbauen &#8211; Hochnehmen und Festhalten etc.<\/span><\/li>\n<\/ul>\n<p><span style=\"color: #888888;\">Stunden sind Einzel buchbar und kosten Fr. 30.00 (bitte jeweils BAR am Kurstag der Leiterin bezahlen &#8211; DANKE!)<\/span><\/p>\n<p>&nbsp;<\/p>\n<p>.<\/p>\n<p><span style=\"color: #888888;\">Seit 2016 ist das Welpengitter von der <a title=\"Rust Rain\" href=\"http:\/\/www.rust-rain.ch\"><span style=\"color: #888888;\"><span style=\"color: #ff0000;\">Firma Rust Rain<\/span>&nbsp; <\/span><\/a>in Betrieb.&nbsp;<\/span><\/p>\n<p><a href=\"http:\/\/www.hundeschule-happylife.ch\/wp-content\/uploads\/2010\/08\/IMG_5036-800x533.jpg\"><img loading=\"lazy\" class=\"alignleft size-medium wp-image-4715\" src=\"http:\/\/www.hundeschule-happylife.ch\/wp-content\/uploads\/2010\/08\/IMG_5036-800x533-300x199.jpg\" alt=\"IMG_5036 (800x533)\" width=\"300\" height=\"199\" srcset=\"https:\/\/www.hundeschule-happylife.ch\/wp-content\/uploads\/2010\/08\/IMG_5036-800x533-300x199.jpg 300w, https:\/\/www.hundeschule-happylife.ch\/wp-content\/uploads\/2010\/08\/IMG_5036-800x533.jpg 800w\" sizes=\"(max-width: 300px) 100vw, 300px\" \/><\/a><\/p>\n<h3>&nbsp;<\/h3>\n<p>&nbsp;<\/p>\n<p>&nbsp;<\/p>\n<p>&nbsp;<\/p>\n","protected":false},"excerpt":{"rendered":"<p>M\u00f6chten Sie mit Ihrem jungen Hund Welpenpr\u00e4gungsstunden besuchen?<br \/>\n&nbsp;<\/p>\n<p>G\u00f6nnen Sie Ihrem Welpen das Gl\u00fcck, andere junge Hunde kennen zu lernen. Helfen Sie ihm, sich gut zu sozialisieren. \u00dcben Sie schon jetzt mit ihm eine Bindung zu Ihnen aufzubauen. Das ist das Fundament f\u00fcr ein gl\u00fcckliches und unbeschwertes Zusammenleben mit Ihrem jungen Hund. Wir beraten Sie gerne &#8211; rufen Sie uns an:<br \/>\nNatel 079 632 27 58<br \/>\nRESERVIEREN Sie bitte&nbsp;rechtzeitig einen Platz f\u00fcr Ihren Welpen<br \/>\n&nbsp;<br \/>\nKurstag Freitag, 8.30 &#8211; 9.30 (oder nach Absprache)<br \/>\n.<br \/>\nUnser Motto:<\/p>\n<p>Individuelle F\u00f6rderung der Welpen<br \/>\nInformationen an den Tierhalter (in jeder Lektion steht ein &#8230;<\/p>\n","protected":false},"author":2,"featured_media":0,"parent":0,"menu_order":40,"comment_status":"closed","ping_status":"closed","template":"","meta":{"ngg_post_thumbnail":0},"_links":{"self":[{"href":"https:\/\/www.hundeschule-happylife.ch\/index.php?rest_route=\/wp\/v2\/pages\/565"}],"collection":[{"href":"https:\/\/www.hundeschule-happylife.ch\/index.php?rest_route=\/wp\/v2\/pages"}],"about":[{"href":"https:\/\/www.hundeschule-happylife.ch\/index.php?rest_route=\/wp\/v2\/types\/page"}],"author":[{"embeddable":true,"href":"https:\/\/www.hundeschule-happylife.ch\/index.php?rest_route=\/wp\/v2\/users\/2"}],"replies":[{"embeddable":true,"href":"https:\/\/www.hundeschule-happylife.ch\/index.php?rest_route=%2Fwp%2Fv2%2Fcomments&post=565"}],"version-history":[{"count":261,"href":"https:\/\/www.hundeschule-happylife.ch\/index.php?rest_route=\/wp\/v2\/pages\/565\/revisions"}],"predecessor-version":[{"id":21535,"href":"https:\/\/www.hundeschule-happylife.ch\/index.php?rest_route=\/wp\/v2\/pages\/565\/revisions\/21535"}],"wp:attachment":[{"href":"https:\/\/www.hundeschule-happylife.ch\/index.php?rest_route=%2Fwp%2Fv2%2Fmedia&parent=565"}],"curies":[{"name":"wp","href":"https:\/\/api.w.org\/{rel}","templated":true}]}}