{"id":5594,"date":"2018-04-02T15:39:02","date_gmt":"2018-04-02T15:39:02","guid":{"rendered":"http:\/\/www.hundeschule-happylife.ch\/?page_id=5594"},"modified":"2026-03-01T10:40:23","modified_gmt":"2026-03-01T10:40:23","slug":"daniela-tschumi","status":"publish","type":"page","link":"https:\/\/www.hundeschule-happylife.ch\/?page_id=5594","title":{"rendered":"Daniela Tschumi"},"content":{"rendered":"<address><a href=\"http:\/\/www.hundeschule-happylife.ch\/wp-content\/uploads\/2026\/03\/IMG_0703-1.jpeg\"><img loading=\"lazy\" class=\"alignleft size-medium wp-image-23382\" src=\"http:\/\/www.hundeschule-happylife.ch\/wp-content\/uploads\/2026\/03\/IMG_0703-1-225x300.jpeg\" alt=\"\" width=\"225\" height=\"300\" srcset=\"https:\/\/www.hundeschule-happylife.ch\/wp-content\/uploads\/2026\/03\/IMG_0703-1-225x300.jpeg 225w, https:\/\/www.hundeschule-happylife.ch\/wp-content\/uploads\/2026\/03\/IMG_0703-1-768x1024.jpeg 768w, https:\/\/www.hundeschule-happylife.ch\/wp-content\/uploads\/2026\/03\/IMG_0703-1-1152x1536.jpeg 1152w, https:\/\/www.hundeschule-happylife.ch\/wp-content\/uploads\/2026\/03\/IMG_0703-1.jpeg 1536w\" sizes=\"(max-width: 225px) 100vw, 225px\" \/><\/a><\/address>\n<p>&nbsp;<span style=\"color: #888888;\">Hunde bereichern unser Leben.&nbsp;<\/span><\/p>\n<p><span style=\"color: #888888;\">Flip, so hiess unser erster Goldenretriever und er kam 1993 in unsere Familie. Da wir noch keine Ahnung von Hundeerziehung hatten gingen wir von Anfang an in die Hundeschule. Wir haben viel gelernt und Freude daran bekommen mit einem kleinen Welpen die Welt zu entdecken.<\/span><\/p>\n<p><span style=\"color: #888888;\">Nach Flip folgte Eik, auch ein Goldi. Er hat mich begleitet und unterst\u00fctzt in&nbsp; diversenen Ausbildungen. So auch als ich 2003 das &#8222;Jungend und Hund&#8220; Leiterbrevet der SKG gemacht habe. Ich darf mit vielen sch\u00f6nen Erinnerungen auf 13 Jahre Leitung mit Jugendlichen und ihren Hunden zur\u00fcck blicken.&nbsp;<\/span><\/p>\n<p><span style=\"color: #888888;\">Eik und ich haben zusammen die Therapiehunde Ausbildung gemacht und 8 Jahre lang, alte Menschen, Behinderte und Kinder mit Lernschw\u00e4chen begleitet. Ihn konnte nichts aus der Ruhe bringen.&nbsp;<\/span><\/p>\n<p><span style=\"color: #888888;\">2004 kam dann Bailey hinzu, ebenfalls ein Goldi. Eik und Bailey waren ein Dream Team, sie haben sich auf Anhieb verstanden. Beide Hunde trainierten im Begleithund, Agility und Dummy.&nbsp; Sp\u00e4ter geh\u00f6rten dann Charly, ein Boder Collie und Noshi ein Goldenretriever, mit denen wir auch aktiv im Hundesport mitmachten zu uns. 2025 kam Dali ein &#8222;Toller&#8220; in mein Leben; ein junges Energieb\u00fcndel, der mein Herz im Sturm eroberte.&nbsp;<\/span><\/p>\n<p><span style=\"color: #888888;\">2008 habe ich die Gruppenleiterausbildung der SKG begonnen und im Juli 2009 erfolgreich abgeschlossen. Zwischenzeitlich habe ich auch bei Welpenpr\u00e4gungsstunden aktiv mitgeholfen. Ebenfalls eine Aufgabe, die mein Herz mit grosser Freude erf\u00fcllte.&nbsp;<\/span><\/p>\n<p><span style=\"color: #888888;\">Heute lebe ich mit Dali zusammen und unsere gr\u00f6sste Freude ist das &#8222;Dog Cross&#8220;. Dali ist ein Naturtalent und hat schon bald die Aufgabe begriffen. Er l\u00e4sst sich wunderbar durch die Parcours f\u00fchren und leiten. Macht viel Spass!&nbsp;<\/span><\/p>\n<p><span style=\"color: #888888;\">Regelm\u00e4ssig trainiere ich mit meinem Hund, aber auch sch\u00f6ne Wanderungen, Spiel und Spass und Hundeferien geniessen wir gemeinsam.&nbsp;<\/span><\/p>\n<p><span style=\"color: #888888;\">Ich freue mich mit Spass, Spiel und Abwechslung spannende Stunden zu erleben. Ebenfalls freue ich mich auf die Welpen &#8211; eine ganz besonders sch\u00f6ne Aufgabe. Kurz gesagt: ich freue mich auf alle meine Aufgaben, als Hundetrainerin f\u00fcr die Teams da zu sein.&nbsp;<\/span><\/p>\n","protected":false},"excerpt":{"rendered":"<p>&nbsp;Hunde bereichern unser Leben.&nbsp;<br \/>\nFlip, so hiess unser erster Goldenretriever und er kam 1993 in unsere Familie. Da wir noch keine Ahnung von Hundeerziehung hatten gingen wir von Anfang an in die Hundeschule. Wir haben viel gelernt und Freude daran bekommen mit einem kleinen Welpen die Welt zu entdecken.<br \/>\nNach Flip folgte Eik, auch ein Goldi. Er hat mich begleitet und unterst\u00fctzt in&nbsp; diversenen Ausbildungen. So auch als ich 2003 das &#8222;Jungend und Hund&#8220; Leiterbrevet der SKG gemacht habe. Ich darf mit vielen sch\u00f6nen Erinnerungen auf 13 Jahre Leitung mit Jugendlichen und &#8230;<\/p>\n","protected":false},"author":2,"featured_media":0,"parent":2,"menu_order":5,"comment_status":"closed","ping_status":"closed","template":"","meta":{"ngg_post_thumbnail":0},"_links":{"self":[{"href":"https:\/\/www.hundeschule-happylife.ch\/index.php?rest_route=\/wp\/v2\/pages\/5594"}],"collection":[{"href":"https:\/\/www.hundeschule-happylife.ch\/index.php?rest_route=\/wp\/v2\/pages"}],"about":[{"href":"https:\/\/www.hundeschule-happylife.ch\/index.php?rest_route=\/wp\/v2\/types\/page"}],"author":[{"embeddable":true,"href":"https:\/\/www.hundeschule-happylife.ch\/index.php?rest_route=\/wp\/v2\/users\/2"}],"replies":[{"embeddable":true,"href":"https:\/\/www.hundeschule-happylife.ch\/index.php?rest_route=%2Fwp%2Fv2%2Fcomments&post=5594"}],"version-history":[{"count":16,"href":"https:\/\/www.hundeschule-happylife.ch\/index.php?rest_route=\/wp\/v2\/pages\/5594\/revisions"}],"predecessor-version":[{"id":23384,"href":"https:\/\/www.hundeschule-happylife.ch\/index.php?rest_route=\/wp\/v2\/pages\/5594\/revisions\/23384"}],"up":[{"embeddable":true,"href":"https:\/\/www.hundeschule-happylife.ch\/index.php?rest_route=\/wp\/v2\/pages\/2"}],"wp:attachment":[{"href":"https:\/\/www.hundeschule-happylife.ch\/index.php?rest_route=%2Fwp%2Fv2%2Fmedia&parent=5594"}],"curies":[{"name":"wp","href":"https:\/\/api.w.org\/{rel}","templated":true}]}}