{"id":303,"date":"2010-07-03T13:39:30","date_gmt":"2010-07-03T13:39:30","guid":{"rendered":"http:\/\/www.hundeschule-happylife.ch\/?page_id=303"},"modified":"2019-08-18T14:08:44","modified_gmt":"2019-08-18T14:08:44","slug":"unsere-schuler","status":"publish","type":"page","link":"https:\/\/www.hundeschule-happylife.ch\/?page_id=303","title":{"rendered":"Unsere Sch\u00fcler"},"content":{"rendered":"<h2><span style=\"color: #00ff00;\">Unsere &#8222;Sch\u00fcler\/innen&#8220; zeigen sich&#8230;.<\/span><\/h2>\n<h3><\/h3>\n<p><span style=\"color: #888888;\">M\u00f6chten Sie Ihren Hund auch hier pr\u00e4sentieren? <strong><span style=\"color: #ff0000;\">Dann mailen Sie uns ein Bild von ihm<\/span><\/strong> &#8211; wir werden es gerne ver\u00f6ffentlichen!<\/span><\/p>\n<p><span style=\"color: #888888;\">Diese Seite wird laufend erweitert!<\/span><\/p>\n<p><span style=\"color: #888888;\"><!-- default-view.php -->\n<div\n\tclass=\"ngg-galleryoverview default-view  ngg-ajax-pagination-none\"\n\tid=\"ngg-gallery-9fef75c6d70b876f441c440f88d5fc20-1\">\n\n\t\t<!-- Thumbnails -->\n\t\t\t\t<div id=\"ngg-image-0\" class=\"ngg-gallery-thumbnail-box \" >\n\t\t\t\t        <div class=\"ngg-gallery-thumbnail\">\n            <a href=\"https:\/\/www.hundeschule-happylife.ch\/wp-content\/gallery\/unsere-schueler\/i-lou.jpg\"\n               title=\"\"\n               data-src=\"https:\/\/www.hundeschule-happylife.ch\/wp-content\/gallery\/unsere-schueler\/i-lou.jpg\"\n               data-thumbnail=\"https:\/\/www.hundeschule-happylife.ch\/wp-content\/gallery\/unsere-schueler\/thumbs\/thumbs_i-lou.jpg\"\n               data-image-id=\"5063\"\n               data-title=\"Ai-Lou\"\n               data-description=\"\"\n               data-image-slug=\"ai-lou\"\n               class=\"ngg-fancybox\" rel=\"9fef75c6d70b876f441c440f88d5fc20\">\n                <img\n                    title=\"Ai-Lou\"\n                    alt=\"Ai-Lou\"\n                    src=\"https:\/\/www.hundeschule-happylife.ch\/wp-content\/gallery\/unsere-schueler\/thumbs\/thumbs_i-lou.jpg\"\n                    width=\"100\"\n                    height=\"75\"\n                    style=\"max-width:100%;\"\n                \/>\n            <\/a>\n        <\/div>\n\t\t\t\t\t\t\t<\/div> \n\t\t\t\n\t\t\t\t<div id=\"ngg-image-1\" class=\"ngg-gallery-thumbnail-box \" >\n\t\t\t\t        <div class=\"ngg-gallery-thumbnail\">\n            <a href=\"https:\/\/www.hundeschule-happylife.ch\/wp-content\/gallery\/unsere-schueler\/aischa.jpg\"\n               title=\"\"\n               data-src=\"https:\/\/www.hundeschule-happylife.ch\/wp-content\/gallery\/unsere-schueler\/aischa.jpg\"\n               data-thumbnail=\"https:\/\/www.hundeschule-happylife.ch\/wp-content\/gallery\/unsere-schueler\/thumbs\/thumbs_aischa.jpg\"\n               data-image-id=\"6305\"\n               data-title=\"aischa\"\n               data-description=\"\"\n               data-image-slug=\"aischa\"\n               class=\"ngg-fancybox\" rel=\"9fef75c6d70b876f441c440f88d5fc20\">\n                <img\n                    title=\"aischa\"\n                    alt=\"aischa\"\n                    src=\"https:\/\/www.hundeschule-happylife.ch\/wp-content\/gallery\/unsere-schueler\/thumbs\/thumbs_aischa.jpg\"\n                    width=\"100\"\n                    height=\"75\"\n                    style=\"max-width:100%;\"\n                \/>\n            <\/a>\n        <\/div>\n\t\t\t\t\t\t\t<\/div> \n\t\t\t\n\t\t\t\t<div id=\"ngg-image-2\" class=\"ngg-gallery-thumbnail-box \" >\n\t\t\t\t        <div class=\"ngg-gallery-thumbnail\">\n            <a href=\"https:\/\/www.hundeschule-happylife.ch\/wp-content\/gallery\/unsere-schueler\/abc-11-4-009.jpg\"\n               title=\"\"\n               data-src=\"https:\/\/www.hundeschule-happylife.ch\/wp-content\/gallery\/unsere-schueler\/abc-11-4-009.jpg\"\n               data-thumbnail=\"https:\/\/www.hundeschule-happylife.ch\/wp-content\/gallery\/unsere-schueler\/thumbs\/thumbs_abc-11-4-009.jpg\"\n               data-image-id=\"2937\"\n               data-title=\"Akimo\"\n               data-description=\"\"\n               data-image-slug=\"akimo\"\n               class=\"ngg-fancybox\" rel=\"9fef75c6d70b876f441c440f88d5fc20\">\n                <img\n                    title=\"Akimo\"\n                    alt=\"Akimo\"\n                    src=\"https:\/\/www.hundeschule-happylife.ch\/wp-content\/gallery\/unsere-schueler\/thumbs\/thumbs_abc-11-4-009.jpg\"\n                    width=\"100\"\n                    height=\"75\"\n                    style=\"max-width:100%;\"\n                \/>\n            <\/a>\n        <\/div>\n\t\t\t\t\t\t\t<\/div> \n\t\t\t\n\t\t\t\t<div id=\"ngg-image-3\" class=\"ngg-gallery-thumbnail-box \" >\n\t\t\t\t        <div class=\"ngg-gallery-thumbnail\">\n            <a href=\"https:\/\/www.hundeschule-happylife.ch\/wp-content\/gallery\/unsere-schueler\/akira.jpg\"\n               title=\"\"\n               data-src=\"https:\/\/www.hundeschule-happylife.ch\/wp-content\/gallery\/unsere-schueler\/akira.jpg\"\n               data-thumbnail=\"https:\/\/www.hundeschule-happylife.ch\/wp-content\/gallery\/unsere-schueler\/thumbs\/thumbs_akira.jpg\"\n               data-image-id=\"5064\"\n               data-title=\"akira\"\n               data-description=\"\"\n               data-image-slug=\"akira\"\n               class=\"ngg-fancybox\" rel=\"9fef75c6d70b876f441c440f88d5fc20\">\n                <img\n                    title=\"akira\"\n                    alt=\"akira\"\n                    src=\"https:\/\/www.hundeschule-happylife.ch\/wp-content\/gallery\/unsere-schueler\/thumbs\/thumbs_akira.jpg\"\n                    width=\"100\"\n                    height=\"75\"\n                    style=\"max-width:100%;\"\n                \/>\n            <\/a>\n        <\/div>\n\t\t\t\t\t\t\t<\/div> \n\t\t\t\n\t\t\t\t<div id=\"ngg-image-4\" class=\"ngg-gallery-thumbnail-box \" >\n\t\t\t\t        <div class=\"ngg-gallery-thumbnail\">\n            <a href=\"https:\/\/www.hundeschule-happylife.ch\/wp-content\/gallery\/unsere-schueler\/2-juni-2012-151.jpg\"\n               title=\"\"\n               data-src=\"https:\/\/www.hundeschule-happylife.ch\/wp-content\/gallery\/unsere-schueler\/2-juni-2012-151.jpg\"\n               data-thumbnail=\"https:\/\/www.hundeschule-happylife.ch\/wp-content\/gallery\/unsere-schueler\/thumbs\/thumbs_2-juni-2012-151.jpg\"\n               data-image-id=\"5186\"\n               data-title=\"Aling\"\n               data-description=\"\"\n               data-image-slug=\"aling\"\n               class=\"ngg-fancybox\" rel=\"9fef75c6d70b876f441c440f88d5fc20\">\n                <img\n                    title=\"Aling\"\n                    alt=\"Aling\"\n                    src=\"https:\/\/www.hundeschule-happylife.ch\/wp-content\/gallery\/unsere-schueler\/thumbs\/thumbs_2-juni-2012-151.jpg\"\n                    width=\"100\"\n                    height=\"75\"\n                    style=\"max-width:100%;\"\n                \/>\n            <\/a>\n        <\/div>\n\t\t\t\t\t\t\t<\/div> \n\t\t\t\n\t\t\t\t<div id=\"ngg-image-5\" class=\"ngg-gallery-thumbnail-box \" >\n\t\t\t\t        <div class=\"ngg-gallery-thumbnail\">\n            <a href=\"https:\/\/www.hundeschule-happylife.ch\/wp-content\/gallery\/unsere-schueler\/aly.jpg\"\n               title=\"\"\n               data-src=\"https:\/\/www.hundeschule-happylife.ch\/wp-content\/gallery\/unsere-schueler\/aly.jpg\"\n               data-thumbnail=\"https:\/\/www.hundeschule-happylife.ch\/wp-content\/gallery\/unsere-schueler\/thumbs\/thumbs_aly.jpg\"\n               data-image-id=\"5065\"\n               data-title=\"aly\"\n               data-description=\"\"\n               data-image-slug=\"aly-2\"\n               class=\"ngg-fancybox\" rel=\"9fef75c6d70b876f441c440f88d5fc20\">\n                <img\n                    title=\"aly\"\n                    alt=\"aly\"\n                    src=\"https:\/\/www.hundeschule-happylife.ch\/wp-content\/gallery\/unsere-schueler\/thumbs\/thumbs_aly.jpg\"\n                    width=\"100\"\n                    height=\"75\"\n                    style=\"max-width:100%;\"\n                \/>\n            <\/a>\n        <\/div>\n\t\t\t\t\t\t\t<\/div> \n\t\t\t\n\t\t\t\t<div id=\"ngg-image-6\" class=\"ngg-gallery-thumbnail-box \" >\n\t\t\t\t        <div class=\"ngg-gallery-thumbnail\">\n            <a href=\"https:\/\/www.hundeschule-happylife.ch\/wp-content\/gallery\/unsere-schueler\/amaro.jpg\"\n               title=\"\"\n               data-src=\"https:\/\/www.hundeschule-happylife.ch\/wp-content\/gallery\/unsere-schueler\/amaro.jpg\"\n               data-thumbnail=\"https:\/\/www.hundeschule-happylife.ch\/wp-content\/gallery\/unsere-schueler\/thumbs\/thumbs_amaro.jpg\"\n               data-image-id=\"5066\"\n               data-title=\"amaro\"\n               data-description=\"\"\n               data-image-slug=\"amaro\"\n               class=\"ngg-fancybox\" rel=\"9fef75c6d70b876f441c440f88d5fc20\">\n                <img\n                    title=\"amaro\"\n                    alt=\"amaro\"\n                    src=\"https:\/\/www.hundeschule-happylife.ch\/wp-content\/gallery\/unsere-schueler\/thumbs\/thumbs_amaro.jpg\"\n                    width=\"100\"\n                    height=\"75\"\n                    style=\"max-width:100%;\"\n                \/>\n            <\/a>\n        <\/div>\n\t\t\t\t\t\t\t<\/div> \n\t\t\t\n\t\t\t\t<div id=\"ngg-image-7\" class=\"ngg-gallery-thumbnail-box \" >\n\t\t\t\t        <div class=\"ngg-gallery-thumbnail\">\n            <a href=\"https:\/\/www.hundeschule-happylife.ch\/wp-content\/gallery\/unsere-schueler\/ambra.jpg\"\n               title=\"\"\n               data-src=\"https:\/\/www.hundeschule-happylife.ch\/wp-content\/gallery\/unsere-schueler\/ambra.jpg\"\n               data-thumbnail=\"https:\/\/www.hundeschule-happylife.ch\/wp-content\/gallery\/unsere-schueler\/thumbs\/thumbs_ambra.jpg\"\n               data-image-id=\"5058\"\n               data-title=\"Ambra\"\n               data-description=\"\"\n               data-image-slug=\"ambra\"\n               class=\"ngg-fancybox\" rel=\"9fef75c6d70b876f441c440f88d5fc20\">\n                <img\n                    title=\"Ambra\"\n                    alt=\"Ambra\"\n                    src=\"https:\/\/www.hundeschule-happylife.ch\/wp-content\/gallery\/unsere-schueler\/thumbs\/thumbs_ambra.jpg\"\n                    width=\"100\"\n                    height=\"75\"\n                    style=\"max-width:100%;\"\n                \/>\n            <\/a>\n        <\/div>\n\t\t\t\t\t\t\t<\/div> \n\t\t\t\n\t\t\t\t<div id=\"ngg-image-8\" class=\"ngg-gallery-thumbnail-box \" >\n\t\t\t\t        <div class=\"ngg-gallery-thumbnail\">\n            <a href=\"https:\/\/www.hundeschule-happylife.ch\/wp-content\/gallery\/unsere-schueler\/6-8-2015-024.jpg\"\n               title=\"\"\n               data-src=\"https:\/\/www.hundeschule-happylife.ch\/wp-content\/gallery\/unsere-schueler\/6-8-2015-024.jpg\"\n               data-thumbnail=\"https:\/\/www.hundeschule-happylife.ch\/wp-content\/gallery\/unsere-schueler\/thumbs\/thumbs_6-8-2015-024.jpg\"\n               data-image-id=\"17772\"\n               data-title=\"Ambra\"\n               data-description=\"\"\n               data-image-slug=\"ambra-2\"\n               class=\"ngg-fancybox\" rel=\"9fef75c6d70b876f441c440f88d5fc20\">\n                <img\n                    title=\"Ambra\"\n                    alt=\"Ambra\"\n                    src=\"https:\/\/www.hundeschule-happylife.ch\/wp-content\/gallery\/unsere-schueler\/thumbs\/thumbs_6-8-2015-024.jpg\"\n                    width=\"100\"\n                    height=\"75\"\n                    style=\"max-width:100%;\"\n                \/>\n            <\/a>\n        <\/div>\n\t\t\t\t\t\t\t<\/div> \n\t\t\t\n\t\t\t\t<div id=\"ngg-image-9\" class=\"ngg-gallery-thumbnail-box \" >\n\t\t\t\t        <div class=\"ngg-gallery-thumbnail\">\n            <a href=\"https:\/\/www.hundeschule-happylife.ch\/wp-content\/gallery\/unsere-schueler\/amy.jpg\"\n               title=\"\"\n               data-src=\"https:\/\/www.hundeschule-happylife.ch\/wp-content\/gallery\/unsere-schueler\/amy.jpg\"\n               data-thumbnail=\"https:\/\/www.hundeschule-happylife.ch\/wp-content\/gallery\/unsere-schueler\/thumbs\/thumbs_amy.jpg\"\n               data-image-id=\"5067\"\n               data-title=\"amy\"\n               data-description=\"\"\n               data-image-slug=\"amy\"\n               class=\"ngg-fancybox\" rel=\"9fef75c6d70b876f441c440f88d5fc20\">\n                <img\n                    title=\"amy\"\n                    alt=\"amy\"\n                    src=\"https:\/\/www.hundeschule-happylife.ch\/wp-content\/gallery\/unsere-schueler\/thumbs\/thumbs_amy.jpg\"\n                    width=\"100\"\n                    height=\"75\"\n                    style=\"max-width:100%;\"\n                \/>\n            <\/a>\n        <\/div>\n\t\t\t\t\t\t\t<\/div> \n\t\t\t\n\t\t\t\t<div id=\"ngg-image-10\" class=\"ngg-gallery-thumbnail-box \" >\n\t\t\t\t        <div class=\"ngg-gallery-thumbnail\">\n            <a href=\"https:\/\/www.hundeschule-happylife.ch\/wp-content\/gallery\/unsere-schueler\/anjo.jpg\"\n               title=\"\"\n               data-src=\"https:\/\/www.hundeschule-happylife.ch\/wp-content\/gallery\/unsere-schueler\/anjo.jpg\"\n               data-thumbnail=\"https:\/\/www.hundeschule-happylife.ch\/wp-content\/gallery\/unsere-schueler\/thumbs\/thumbs_anjo.jpg\"\n               data-image-id=\"15117\"\n               data-title=\"anjo\"\n               data-description=\"\"\n               data-image-slug=\"anjo\"\n               class=\"ngg-fancybox\" rel=\"9fef75c6d70b876f441c440f88d5fc20\">\n                <img\n                    title=\"anjo\"\n                    alt=\"anjo\"\n                    src=\"https:\/\/www.hundeschule-happylife.ch\/wp-content\/gallery\/unsere-schueler\/thumbs\/thumbs_anjo.jpg\"\n                    width=\"100\"\n                    height=\"75\"\n                    style=\"max-width:100%;\"\n                \/>\n            <\/a>\n        <\/div>\n\t\t\t\t\t\t\t<\/div> \n\t\t\t\n\t\t\t\t<div id=\"ngg-image-11\" class=\"ngg-gallery-thumbnail-box \" >\n\t\t\t\t        <div class=\"ngg-gallery-thumbnail\">\n            <a href=\"https:\/\/www.hundeschule-happylife.ch\/wp-content\/gallery\/unsere-schueler\/arthos.jpg\"\n               title=\"\"\n               data-src=\"https:\/\/www.hundeschule-happylife.ch\/wp-content\/gallery\/unsere-schueler\/arthos.jpg\"\n               data-thumbnail=\"https:\/\/www.hundeschule-happylife.ch\/wp-content\/gallery\/unsere-schueler\/thumbs\/thumbs_arthos.jpg\"\n               data-image-id=\"15094\"\n               data-title=\"arthos\"\n               data-description=\"\"\n               data-image-slug=\"arthos\"\n               class=\"ngg-fancybox\" rel=\"9fef75c6d70b876f441c440f88d5fc20\">\n                <img\n                    title=\"arthos\"\n                    alt=\"arthos\"\n                    src=\"https:\/\/www.hundeschule-happylife.ch\/wp-content\/gallery\/unsere-schueler\/thumbs\/thumbs_arthos.jpg\"\n                    width=\"100\"\n                    height=\"75\"\n                    style=\"max-width:100%;\"\n                \/>\n            <\/a>\n        <\/div>\n\t\t\t\t\t\t\t<\/div> \n\t\t\t\n\t\t\t\t<div id=\"ngg-image-12\" class=\"ngg-gallery-thumbnail-box \" >\n\t\t\t\t        <div class=\"ngg-gallery-thumbnail\">\n            <a href=\"https:\/\/www.hundeschule-happylife.ch\/wp-content\/gallery\/unsere-schueler\/asko.jpg\"\n               title=\"\"\n               data-src=\"https:\/\/www.hundeschule-happylife.ch\/wp-content\/gallery\/unsere-schueler\/asko.jpg\"\n               data-thumbnail=\"https:\/\/www.hundeschule-happylife.ch\/wp-content\/gallery\/unsere-schueler\/thumbs\/thumbs_asko.jpg\"\n               data-image-id=\"15095\"\n               data-title=\"asko\"\n               data-description=\"\"\n               data-image-slug=\"asko\"\n               class=\"ngg-fancybox\" rel=\"9fef75c6d70b876f441c440f88d5fc20\">\n                <img\n                    title=\"asko\"\n                    alt=\"asko\"\n                    src=\"https:\/\/www.hundeschule-happylife.ch\/wp-content\/gallery\/unsere-schueler\/thumbs\/thumbs_asko.jpg\"\n                    width=\"100\"\n                    height=\"75\"\n                    style=\"max-width:100%;\"\n                \/>\n            <\/a>\n        <\/div>\n\t\t\t\t\t\t\t<\/div> \n\t\t\t\n\t\t\t\t<div id=\"ngg-image-13\" class=\"ngg-gallery-thumbnail-box \" >\n\t\t\t\t        <div class=\"ngg-gallery-thumbnail\">\n            <a href=\"https:\/\/www.hundeschule-happylife.ch\/wp-content\/gallery\/unsere-schueler\/attila.jpg\"\n               title=\"\"\n               data-src=\"https:\/\/www.hundeschule-happylife.ch\/wp-content\/gallery\/unsere-schueler\/attila.jpg\"\n               data-thumbnail=\"https:\/\/www.hundeschule-happylife.ch\/wp-content\/gallery\/unsere-schueler\/thumbs\/thumbs_attila.jpg\"\n               data-image-id=\"15096\"\n               data-title=\"attila\"\n               data-description=\"\"\n               data-image-slug=\"attila\"\n               class=\"ngg-fancybox\" rel=\"9fef75c6d70b876f441c440f88d5fc20\">\n                <img\n                    title=\"attila\"\n                    alt=\"attila\"\n                    src=\"https:\/\/www.hundeschule-happylife.ch\/wp-content\/gallery\/unsere-schueler\/thumbs\/thumbs_attila.jpg\"\n                    width=\"100\"\n                    height=\"75\"\n                    style=\"max-width:100%;\"\n                \/>\n            <\/a>\n        <\/div>\n\t\t\t\t\t\t\t<\/div> \n\t\t\t\n\t\t\t\t<div id=\"ngg-image-14\" class=\"ngg-gallery-thumbnail-box \" >\n\t\t\t\t        <div class=\"ngg-gallery-thumbnail\">\n            <a href=\"https:\/\/www.hundeschule-happylife.ch\/wp-content\/gallery\/unsere-schueler\/aurelia.jpg\"\n               title=\"\"\n               data-src=\"https:\/\/www.hundeschule-happylife.ch\/wp-content\/gallery\/unsere-schueler\/aurelia.jpg\"\n               data-thumbnail=\"https:\/\/www.hundeschule-happylife.ch\/wp-content\/gallery\/unsere-schueler\/thumbs\/thumbs_aurelia.jpg\"\n               data-image-id=\"5068\"\n               data-title=\"aurelia\"\n               data-description=\"\"\n               data-image-slug=\"aurelia\"\n               class=\"ngg-fancybox\" rel=\"9fef75c6d70b876f441c440f88d5fc20\">\n                <img\n                    title=\"aurelia\"\n                    alt=\"aurelia\"\n                    src=\"https:\/\/www.hundeschule-happylife.ch\/wp-content\/gallery\/unsere-schueler\/thumbs\/thumbs_aurelia.jpg\"\n                    width=\"100\"\n                    height=\"75\"\n                    style=\"max-width:100%;\"\n                \/>\n            <\/a>\n        <\/div>\n\t\t\t\t\t\t\t<\/div> \n\t\t\t\n\t\t\t\t<div id=\"ngg-image-15\" class=\"ngg-gallery-thumbnail-box \" >\n\t\t\t\t        <div class=\"ngg-gallery-thumbnail\">\n            <a href=\"https:\/\/www.hundeschule-happylife.ch\/wp-content\/gallery\/unsere-schueler\/baba.jpg\"\n               title=\"\"\n               data-src=\"https:\/\/www.hundeschule-happylife.ch\/wp-content\/gallery\/unsere-schueler\/baba.jpg\"\n               data-thumbnail=\"https:\/\/www.hundeschule-happylife.ch\/wp-content\/gallery\/unsere-schueler\/thumbs\/thumbs_baba.jpg\"\n               data-image-id=\"5060\"\n               data-title=\"Baba\"\n               data-description=\"\"\n               data-image-slug=\"baba\"\n               class=\"ngg-fancybox\" rel=\"9fef75c6d70b876f441c440f88d5fc20\">\n                <img\n                    title=\"Baba\"\n                    alt=\"Baba\"\n                    src=\"https:\/\/www.hundeschule-happylife.ch\/wp-content\/gallery\/unsere-schueler\/thumbs\/thumbs_baba.jpg\"\n                    width=\"100\"\n                    height=\"75\"\n                    style=\"max-width:100%;\"\n                \/>\n            <\/a>\n        <\/div>\n\t\t\t\t\t\t\t<\/div> \n\t\t\t\n\t\t\t\t<div id=\"ngg-image-16\" class=\"ngg-gallery-thumbnail-box \" >\n\t\t\t\t        <div class=\"ngg-gallery-thumbnail\">\n            <a href=\"https:\/\/www.hundeschule-happylife.ch\/wp-content\/gallery\/unsere-schueler\/badut.jpg\"\n               title=\"\"\n               data-src=\"https:\/\/www.hundeschule-happylife.ch\/wp-content\/gallery\/unsere-schueler\/badut.jpg\"\n               data-thumbnail=\"https:\/\/www.hundeschule-happylife.ch\/wp-content\/gallery\/unsere-schueler\/thumbs\/thumbs_badut.jpg\"\n               data-image-id=\"6306\"\n               data-title=\"badut\"\n               data-description=\"\"\n               data-image-slug=\"badut\"\n               class=\"ngg-fancybox\" rel=\"9fef75c6d70b876f441c440f88d5fc20\">\n                <img\n                    title=\"badut\"\n                    alt=\"badut\"\n                    src=\"https:\/\/www.hundeschule-happylife.ch\/wp-content\/gallery\/unsere-schueler\/thumbs\/thumbs_badut.jpg\"\n                    width=\"100\"\n                    height=\"75\"\n                    style=\"max-width:100%;\"\n                \/>\n            <\/a>\n        <\/div>\n\t\t\t\t\t\t\t<\/div> \n\t\t\t\n\t\t\t\t<div id=\"ngg-image-17\" class=\"ngg-gallery-thumbnail-box \" >\n\t\t\t\t        <div class=\"ngg-gallery-thumbnail\">\n            <a href=\"https:\/\/www.hundeschule-happylife.ch\/wp-content\/gallery\/unsere-schueler\/bailey.jpg\"\n               title=\"\"\n               data-src=\"https:\/\/www.hundeschule-happylife.ch\/wp-content\/gallery\/unsere-schueler\/bailey.jpg\"\n               data-thumbnail=\"https:\/\/www.hundeschule-happylife.ch\/wp-content\/gallery\/unsere-schueler\/thumbs\/thumbs_bailey.jpg\"\n               data-image-id=\"5061\"\n               data-title=\"Bailey\"\n               data-description=\"\"\n               data-image-slug=\"bailey\"\n               class=\"ngg-fancybox\" rel=\"9fef75c6d70b876f441c440f88d5fc20\">\n                <img\n                    title=\"Bailey\"\n                    alt=\"Bailey\"\n                    src=\"https:\/\/www.hundeschule-happylife.ch\/wp-content\/gallery\/unsere-schueler\/thumbs\/thumbs_bailey.jpg\"\n                    width=\"100\"\n                    height=\"75\"\n                    style=\"max-width:100%;\"\n                \/>\n            <\/a>\n        <\/div>\n\t\t\t\t\t\t\t<\/div> \n\t\t\t\n\t\t\t\t<div id=\"ngg-image-18\" class=\"ngg-gallery-thumbnail-box \" >\n\t\t\t\t        <div class=\"ngg-gallery-thumbnail\">\n            <a href=\"https:\/\/www.hundeschule-happylife.ch\/wp-content\/gallery\/unsere-schueler\/bali.jpg\"\n               title=\"Bali\"\n               data-src=\"https:\/\/www.hundeschule-happylife.ch\/wp-content\/gallery\/unsere-schueler\/bali.jpg\"\n               data-thumbnail=\"https:\/\/www.hundeschule-happylife.ch\/wp-content\/gallery\/unsere-schueler\/thumbs\/thumbs_bali.jpg\"\n               data-image-id=\"5062\"\n               data-title=\"Bali\"\n               data-description=\"Bali\"\n               data-image-slug=\"bali\"\n               class=\"ngg-fancybox\" rel=\"9fef75c6d70b876f441c440f88d5fc20\">\n                <img\n                    title=\"Bali\"\n                    alt=\"Bali\"\n                    src=\"https:\/\/www.hundeschule-happylife.ch\/wp-content\/gallery\/unsere-schueler\/thumbs\/thumbs_bali.jpg\"\n                    width=\"100\"\n                    height=\"75\"\n                    style=\"max-width:100%;\"\n                \/>\n            <\/a>\n        <\/div>\n\t\t\t\t\t\t\t<\/div> \n\t\t\t\n\t\t\t\t<div id=\"ngg-image-19\" class=\"ngg-gallery-thumbnail-box \" >\n\t\t\t\t        <div class=\"ngg-gallery-thumbnail\">\n            <a href=\"https:\/\/www.hundeschule-happylife.ch\/wp-content\/gallery\/unsere-schueler\/9-6-2012-047.jpg\"\n               title=\"\"\n               data-src=\"https:\/\/www.hundeschule-happylife.ch\/wp-content\/gallery\/unsere-schueler\/9-6-2012-047.jpg\"\n               data-thumbnail=\"https:\/\/www.hundeschule-happylife.ch\/wp-content\/gallery\/unsere-schueler\/thumbs\/thumbs_9-6-2012-047.jpg\"\n               data-image-id=\"5478\"\n               data-title=\"Balu\"\n               data-description=\"\"\n               data-image-slug=\"balu-2\"\n               class=\"ngg-fancybox\" rel=\"9fef75c6d70b876f441c440f88d5fc20\">\n                <img\n                    title=\"Balu\"\n                    alt=\"Balu\"\n                    src=\"https:\/\/www.hundeschule-happylife.ch\/wp-content\/gallery\/unsere-schueler\/thumbs\/thumbs_9-6-2012-047.jpg\"\n                    width=\"100\"\n                    height=\"75\"\n                    style=\"max-width:100%;\"\n                \/>\n            <\/a>\n        <\/div>\n\t\t\t\t\t\t\t<\/div> \n\t\t\t\n\t\n\t<br style=\"clear: both\" \/>\n\n\t\n\t\t<!-- Pagination -->\n\t<div class='ngg-navigation'><span class=\"current\">1<\/span><a class=\"page-numbers\" data-pageid=\"2\" href=\"https:\/\/www.hundeschule-happylife.ch\/index.php\/nggallery\/page\/2?page_id=303\">2<\/a><a class=\"page-numbers\" data-pageid=\"3\" href=\"https:\/\/www.hundeschule-happylife.ch\/index.php\/nggallery\/page\/3?page_id=303\">3<\/a><a class=\"page-numbers\" data-pageid=\"4\" href=\"https:\/\/www.hundeschule-happylife.ch\/index.php\/nggallery\/page\/4?page_id=303\">4<\/a><a class=\"page-numbers\" data-pageid=\"11\" href=\"https:\/\/www.hundeschule-happylife.ch\/index.php\/nggallery\/page\/11?page_id=303\">11<\/a><a class=\"page-numbers\" data-pageid=\"12\" href=\"https:\/\/www.hundeschule-happylife.ch\/index.php\/nggallery\/page\/12?page_id=303\">12<\/a><a class=\"page-numbers\" data-pageid=\"13\" href=\"https:\/\/www.hundeschule-happylife.ch\/index.php\/nggallery\/page\/13?page_id=303\">13<\/a><a class=\"next\" data-pageid=\"2\" id=\"ngg-next-2\" href=\"https:\/\/www.hundeschule-happylife.ch\/index.php\/nggallery\/page\/2?page_id=303\">&#9658;<\/a><\/div>\t<\/div>\n<\/span><\/p>\n<p><span style=\"color: #888888;\">Bitte klicken Sie auf das Bild&#8230;schon geht es los!<\/span><\/p>\n","protected":false},"excerpt":{"rendered":"<p>Unsere &#8222;Sch\u00fcler\/innen&#8220; zeigen sich&#8230;.<\/p>\n<p>M\u00f6chten Sie Ihren Hund auch hier pr\u00e4sentieren? Dann mailen Sie uns ein Bild von ihm &#8211; wir werden es gerne ver\u00f6ffentlichen!<br \/>\nDiese Seite wird laufend erweitert!<\/p>\n<p>Bitte klicken Sie auf das Bild&#8230;schon geht es los!<\/p>\n","protected":false},"author":2,"featured_media":0,"parent":0,"menu_order":120,"comment_status":"closed","ping_status":"closed","template":"","meta":{"ngg_post_thumbnail":0},"_links":{"self":[{"href":"https:\/\/www.hundeschule-happylife.ch\/index.php?rest_route=\/wp\/v2\/pages\/303"}],"collection":[{"href":"https:\/\/www.hundeschule-happylife.ch\/index.php?rest_route=\/wp\/v2\/pages"}],"about":[{"href":"https:\/\/www.hundeschule-happylife.ch\/index.php?rest_route=\/wp\/v2\/types\/page"}],"author":[{"embeddable":true,"href":"https:\/\/www.hundeschule-happylife.ch\/index.php?rest_route=\/wp\/v2\/users\/2"}],"replies":[{"embeddable":true,"href":"https:\/\/www.hundeschule-happylife.ch\/index.php?rest_route=%2Fwp%2Fv2%2Fcomments&post=303"}],"version-history":[{"count":47,"href":"https:\/\/www.hundeschule-happylife.ch\/index.php?rest_route=\/wp\/v2\/pages\/303\/revisions"}],"predecessor-version":[{"id":6356,"href":"https:\/\/www.hundeschule-happylife.ch\/index.php?rest_route=\/wp\/v2\/pages\/303\/revisions\/6356"}],"wp:attachment":[{"href":"https:\/\/www.hundeschule-happylife.ch\/index.php?rest_route=%2Fwp%2Fv2%2Fmedia&parent=303"}],"curies":[{"name":"wp","href":"https:\/\/api.w.org\/{rel}","templated":true}]}}