{"id":23200,"date":"2025-04-17T14:06:38","date_gmt":"2025-04-17T14:06:38","guid":{"rendered":"http:\/\/www.hundeschule-happylife.ch\/?page_id=23200"},"modified":"2025-04-17T14:14:11","modified_gmt":"2025-04-17T14:14:11","slug":"pot-25-1","status":"publish","type":"page","link":"https:\/\/www.hundeschule-happylife.ch\/?page_id=23200","title":{"rendered":"Pot 25.1"},"content":{"rendered":"\n<p class=\"has-cyan-bluish-gray-color has-text-color\">Dieses Gr\u00fcppchen hat eine besondere Belohnungsart: den POT! Erst wenn die Hundef\u00fchrerin mit der Arbeit des Hundes zufrieden ist, sagt sie laut POT &#8211; und der Hund darf losrennen. Der Pot wird mit Fernbedienung ausgel\u00f6st und die Belohnung f\u00e4llt ins Schubl\u00e4dli. Die Hunde finden das so toll und wir auch!<\/p>\n\n\n\n<!-- default-view.php -->\n<div\n\tclass=\"ngg-galleryoverview default-view  ngg-ajax-pagination-none\"\n\tid=\"ngg-gallery-9528ff507c1044d0bb8dd1566961baa2-1\">\n\n\t\t<!-- Thumbnails -->\n\t\t\t\t<div id=\"ngg-image-0\" class=\"ngg-gallery-thumbnail-box \" >\n\t\t\t\t        <div class=\"ngg-gallery-thumbnail\">\n            <a href=\"https:\/\/www.hundeschule-happylife.ch\/wp-content\/gallery\/pot-25-1\/image002.jpg\"\n               title=\"\"\n               data-src=\"https:\/\/www.hundeschule-happylife.ch\/wp-content\/gallery\/pot-25-1\/image002.jpg\"\n               data-thumbnail=\"https:\/\/www.hundeschule-happylife.ch\/wp-content\/gallery\/pot-25-1\/thumbs\/thumbs_image002.jpg\"\n               data-image-id=\"45981\"\n               data-title=\"image002\"\n               data-description=\"\"\n               data-image-slug=\"image002-91\"\n               class=\"ngg-fancybox\" rel=\"9528ff507c1044d0bb8dd1566961baa2\">\n                <img\n                    title=\"image002\"\n                    alt=\"image002\"\n                    src=\"https:\/\/www.hundeschule-happylife.ch\/wp-content\/gallery\/pot-25-1\/thumbs\/thumbs_image002.jpg\"\n                    width=\"100\"\n                    height=\"75\"\n                    style=\"max-width:100%;\"\n                \/>\n            <\/a>\n        <\/div>\n\t\t\t\t\t\t\t<\/div> \n\t\t\t\n\t\t\t\t<div id=\"ngg-image-1\" class=\"ngg-gallery-thumbnail-box \" >\n\t\t\t\t        <div class=\"ngg-gallery-thumbnail\">\n            <a href=\"https:\/\/www.hundeschule-happylife.ch\/wp-content\/gallery\/pot-25-1\/image003.jpg\"\n               title=\"\"\n               data-src=\"https:\/\/www.hundeschule-happylife.ch\/wp-content\/gallery\/pot-25-1\/image003.jpg\"\n               data-thumbnail=\"https:\/\/www.hundeschule-happylife.ch\/wp-content\/gallery\/pot-25-1\/thumbs\/thumbs_image003.jpg\"\n               data-image-id=\"45982\"\n               data-title=\"image003\"\n               data-description=\"\"\n               data-image-slug=\"image003-91\"\n               class=\"ngg-fancybox\" rel=\"9528ff507c1044d0bb8dd1566961baa2\">\n                <img\n                    title=\"image003\"\n                    alt=\"image003\"\n                    src=\"https:\/\/www.hundeschule-happylife.ch\/wp-content\/gallery\/pot-25-1\/thumbs\/thumbs_image003.jpg\"\n                    width=\"100\"\n                    height=\"75\"\n                    style=\"max-width:100%;\"\n                \/>\n            <\/a>\n        <\/div>\n\t\t\t\t\t\t\t<\/div> \n\t\t\t\n\t\t\t\t<div id=\"ngg-image-2\" class=\"ngg-gallery-thumbnail-box \" >\n\t\t\t\t        <div class=\"ngg-gallery-thumbnail\">\n            <a href=\"https:\/\/www.hundeschule-happylife.ch\/wp-content\/gallery\/pot-25-1\/image001.jpg\"\n               title=\"\"\n               data-src=\"https:\/\/www.hundeschule-happylife.ch\/wp-content\/gallery\/pot-25-1\/image001.jpg\"\n               data-thumbnail=\"https:\/\/www.hundeschule-happylife.ch\/wp-content\/gallery\/pot-25-1\/thumbs\/thumbs_image001.jpg\"\n               data-image-id=\"45983\"\n               data-title=\"image001\"\n               data-description=\"\"\n               data-image-slug=\"image001-91\"\n               class=\"ngg-fancybox\" rel=\"9528ff507c1044d0bb8dd1566961baa2\">\n                <img\n                    title=\"image001\"\n                    alt=\"image001\"\n                    src=\"https:\/\/www.hundeschule-happylife.ch\/wp-content\/gallery\/pot-25-1\/thumbs\/thumbs_image001.jpg\"\n                    width=\"100\"\n                    height=\"75\"\n                    style=\"max-width:100%;\"\n                \/>\n            <\/a>\n        <\/div>\n\t\t\t\t\t\t\t<\/div> \n\t\t\t\n\t\t\t\t<div id=\"ngg-image-3\" class=\"ngg-gallery-thumbnail-box \" >\n\t\t\t\t        <div class=\"ngg-gallery-thumbnail\">\n            <a href=\"https:\/\/www.hundeschule-happylife.ch\/wp-content\/gallery\/pot-25-1\/image004.jpg\"\n               title=\"\"\n               data-src=\"https:\/\/www.hundeschule-happylife.ch\/wp-content\/gallery\/pot-25-1\/image004.jpg\"\n               data-thumbnail=\"https:\/\/www.hundeschule-happylife.ch\/wp-content\/gallery\/pot-25-1\/thumbs\/thumbs_image004.jpg\"\n               data-image-id=\"45984\"\n               data-title=\"image004\"\n               data-description=\"\"\n               data-image-slug=\"image004-91\"\n               class=\"ngg-fancybox\" rel=\"9528ff507c1044d0bb8dd1566961baa2\">\n                <img\n                    title=\"image004\"\n                    alt=\"image004\"\n                    src=\"https:\/\/www.hundeschule-happylife.ch\/wp-content\/gallery\/pot-25-1\/thumbs\/thumbs_image004.jpg\"\n                    width=\"100\"\n                    height=\"75\"\n                    style=\"max-width:100%;\"\n                \/>\n            <\/a>\n        <\/div>\n\t\t\t\t\t\t\t<\/div> \n\t\t\t\n\t\t\t\t<div id=\"ngg-image-4\" class=\"ngg-gallery-thumbnail-box \" >\n\t\t\t\t        <div class=\"ngg-gallery-thumbnail\">\n            <a href=\"https:\/\/www.hundeschule-happylife.ch\/wp-content\/gallery\/pot-25-1\/image005.jpg\"\n               title=\"\"\n               data-src=\"https:\/\/www.hundeschule-happylife.ch\/wp-content\/gallery\/pot-25-1\/image005.jpg\"\n               data-thumbnail=\"https:\/\/www.hundeschule-happylife.ch\/wp-content\/gallery\/pot-25-1\/thumbs\/thumbs_image005.jpg\"\n               data-image-id=\"45985\"\n               data-title=\"image005\"\n               data-description=\"\"\n               data-image-slug=\"image005-90\"\n               class=\"ngg-fancybox\" rel=\"9528ff507c1044d0bb8dd1566961baa2\">\n                <img\n                    title=\"image005\"\n                    alt=\"image005\"\n                    src=\"https:\/\/www.hundeschule-happylife.ch\/wp-content\/gallery\/pot-25-1\/thumbs\/thumbs_image005.jpg\"\n                    width=\"100\"\n                    height=\"75\"\n                    style=\"max-width:100%;\"\n                \/>\n            <\/a>\n        <\/div>\n\t\t\t\t\t\t\t<\/div> \n\t\t\t\n\t\t\t\t<div id=\"ngg-image-5\" class=\"ngg-gallery-thumbnail-box \" >\n\t\t\t\t        <div class=\"ngg-gallery-thumbnail\">\n            <a href=\"https:\/\/www.hundeschule-happylife.ch\/wp-content\/gallery\/pot-25-1\/image007.jpg\"\n               title=\"\"\n               data-src=\"https:\/\/www.hundeschule-happylife.ch\/wp-content\/gallery\/pot-25-1\/image007.jpg\"\n               data-thumbnail=\"https:\/\/www.hundeschule-happylife.ch\/wp-content\/gallery\/pot-25-1\/thumbs\/thumbs_image007.jpg\"\n               data-image-id=\"45986\"\n               data-title=\"image007\"\n               data-description=\"\"\n               data-image-slug=\"image007-89\"\n               class=\"ngg-fancybox\" rel=\"9528ff507c1044d0bb8dd1566961baa2\">\n                <img\n                    title=\"image007\"\n                    alt=\"image007\"\n                    src=\"https:\/\/www.hundeschule-happylife.ch\/wp-content\/gallery\/pot-25-1\/thumbs\/thumbs_image007.jpg\"\n                    width=\"100\"\n                    height=\"75\"\n                    style=\"max-width:100%;\"\n                \/>\n            <\/a>\n        <\/div>\n\t\t\t\t\t\t\t<\/div> \n\t\t\t\n\t\t\t\t<div id=\"ngg-image-6\" class=\"ngg-gallery-thumbnail-box \" >\n\t\t\t\t        <div class=\"ngg-gallery-thumbnail\">\n            <a href=\"https:\/\/www.hundeschule-happylife.ch\/wp-content\/gallery\/pot-25-1\/image008.jpg\"\n               title=\"\"\n               data-src=\"https:\/\/www.hundeschule-happylife.ch\/wp-content\/gallery\/pot-25-1\/image008.jpg\"\n               data-thumbnail=\"https:\/\/www.hundeschule-happylife.ch\/wp-content\/gallery\/pot-25-1\/thumbs\/thumbs_image008.jpg\"\n               data-image-id=\"45987\"\n               data-title=\"image008\"\n               data-description=\"\"\n               data-image-slug=\"image008-89\"\n               class=\"ngg-fancybox\" rel=\"9528ff507c1044d0bb8dd1566961baa2\">\n                <img\n                    title=\"image008\"\n                    alt=\"image008\"\n                    src=\"https:\/\/www.hundeschule-happylife.ch\/wp-content\/gallery\/pot-25-1\/thumbs\/thumbs_image008.jpg\"\n                    width=\"100\"\n                    height=\"75\"\n                    style=\"max-width:100%;\"\n                \/>\n            <\/a>\n        <\/div>\n\t\t\t\t\t\t\t<\/div> \n\t\t\t\n\t\t\t\t<div id=\"ngg-image-7\" class=\"ngg-gallery-thumbnail-box \" >\n\t\t\t\t        <div class=\"ngg-gallery-thumbnail\">\n            <a href=\"https:\/\/www.hundeschule-happylife.ch\/wp-content\/gallery\/pot-25-1\/image012.jpg\"\n               title=\"\"\n               data-src=\"https:\/\/www.hundeschule-happylife.ch\/wp-content\/gallery\/pot-25-1\/image012.jpg\"\n               data-thumbnail=\"https:\/\/www.hundeschule-happylife.ch\/wp-content\/gallery\/pot-25-1\/thumbs\/thumbs_image012.jpg\"\n               data-image-id=\"45988\"\n               data-title=\"image012\"\n               data-description=\"\"\n               data-image-slug=\"image012-87\"\n               class=\"ngg-fancybox\" rel=\"9528ff507c1044d0bb8dd1566961baa2\">\n                <img\n                    title=\"image012\"\n                    alt=\"image012\"\n                    src=\"https:\/\/www.hundeschule-happylife.ch\/wp-content\/gallery\/pot-25-1\/thumbs\/thumbs_image012.jpg\"\n                    width=\"100\"\n                    height=\"75\"\n                    style=\"max-width:100%;\"\n                \/>\n            <\/a>\n        <\/div>\n\t\t\t\t\t\t\t<\/div> \n\t\t\t\n\t\t\t\t<div id=\"ngg-image-8\" class=\"ngg-gallery-thumbnail-box \" >\n\t\t\t\t        <div class=\"ngg-gallery-thumbnail\">\n            <a href=\"https:\/\/www.hundeschule-happylife.ch\/wp-content\/gallery\/pot-25-1\/image014.jpg\"\n               title=\"\"\n               data-src=\"https:\/\/www.hundeschule-happylife.ch\/wp-content\/gallery\/pot-25-1\/image014.jpg\"\n               data-thumbnail=\"https:\/\/www.hundeschule-happylife.ch\/wp-content\/gallery\/pot-25-1\/thumbs\/thumbs_image014.jpg\"\n               data-image-id=\"45989\"\n               data-title=\"image014\"\n               data-description=\"\"\n               data-image-slug=\"image014-87\"\n               class=\"ngg-fancybox\" rel=\"9528ff507c1044d0bb8dd1566961baa2\">\n                <img\n                    title=\"image014\"\n                    alt=\"image014\"\n                    src=\"https:\/\/www.hundeschule-happylife.ch\/wp-content\/gallery\/pot-25-1\/thumbs\/thumbs_image014.jpg\"\n                    width=\"100\"\n                    height=\"75\"\n                    style=\"max-width:100%;\"\n                \/>\n            <\/a>\n        <\/div>\n\t\t\t\t\t\t\t<\/div> \n\t\t\t\n\t\t\t\t<div id=\"ngg-image-9\" class=\"ngg-gallery-thumbnail-box \" >\n\t\t\t\t        <div class=\"ngg-gallery-thumbnail\">\n            <a href=\"https:\/\/www.hundeschule-happylife.ch\/wp-content\/gallery\/pot-25-1\/image013.jpg\"\n               title=\"\"\n               data-src=\"https:\/\/www.hundeschule-happylife.ch\/wp-content\/gallery\/pot-25-1\/image013.jpg\"\n               data-thumbnail=\"https:\/\/www.hundeschule-happylife.ch\/wp-content\/gallery\/pot-25-1\/thumbs\/thumbs_image013.jpg\"\n               data-image-id=\"45990\"\n               data-title=\"image013\"\n               data-description=\"\"\n               data-image-slug=\"image013-87\"\n               class=\"ngg-fancybox\" rel=\"9528ff507c1044d0bb8dd1566961baa2\">\n                <img\n                    title=\"image013\"\n                    alt=\"image013\"\n                    src=\"https:\/\/www.hundeschule-happylife.ch\/wp-content\/gallery\/pot-25-1\/thumbs\/thumbs_image013.jpg\"\n                    width=\"100\"\n                    height=\"75\"\n                    style=\"max-width:100%;\"\n                \/>\n            <\/a>\n        <\/div>\n\t\t\t\t\t\t\t<\/div> \n\t\t\t\n\t\t\t\t<div id=\"ngg-image-10\" class=\"ngg-gallery-thumbnail-box \" >\n\t\t\t\t        <div class=\"ngg-gallery-thumbnail\">\n            <a href=\"https:\/\/www.hundeschule-happylife.ch\/wp-content\/gallery\/pot-25-1\/image015.jpg\"\n               title=\"\"\n               data-src=\"https:\/\/www.hundeschule-happylife.ch\/wp-content\/gallery\/pot-25-1\/image015.jpg\"\n               data-thumbnail=\"https:\/\/www.hundeschule-happylife.ch\/wp-content\/gallery\/pot-25-1\/thumbs\/thumbs_image015.jpg\"\n               data-image-id=\"45991\"\n               data-title=\"image015\"\n               data-description=\"\"\n               data-image-slug=\"image015-87\"\n               class=\"ngg-fancybox\" rel=\"9528ff507c1044d0bb8dd1566961baa2\">\n                <img\n                    title=\"image015\"\n                    alt=\"image015\"\n                    src=\"https:\/\/www.hundeschule-happylife.ch\/wp-content\/gallery\/pot-25-1\/thumbs\/thumbs_image015.jpg\"\n                    width=\"100\"\n                    height=\"75\"\n                    style=\"max-width:100%;\"\n                \/>\n            <\/a>\n        <\/div>\n\t\t\t\t\t\t\t<\/div> \n\t\t\t\n\t\t\t\t<div id=\"ngg-image-11\" class=\"ngg-gallery-thumbnail-box \" >\n\t\t\t\t        <div class=\"ngg-gallery-thumbnail\">\n            <a href=\"https:\/\/www.hundeschule-happylife.ch\/wp-content\/gallery\/pot-25-1\/image016.jpg\"\n               title=\"\"\n               data-src=\"https:\/\/www.hundeschule-happylife.ch\/wp-content\/gallery\/pot-25-1\/image016.jpg\"\n               data-thumbnail=\"https:\/\/www.hundeschule-happylife.ch\/wp-content\/gallery\/pot-25-1\/thumbs\/thumbs_image016.jpg\"\n               data-image-id=\"45992\"\n               data-title=\"image016\"\n               data-description=\"\"\n               data-image-slug=\"image016-86\"\n               class=\"ngg-fancybox\" rel=\"9528ff507c1044d0bb8dd1566961baa2\">\n                <img\n                    title=\"image016\"\n                    alt=\"image016\"\n                    src=\"https:\/\/www.hundeschule-happylife.ch\/wp-content\/gallery\/pot-25-1\/thumbs\/thumbs_image016.jpg\"\n                    width=\"100\"\n                    height=\"75\"\n                    style=\"max-width:100%;\"\n                \/>\n            <\/a>\n        <\/div>\n\t\t\t\t\t\t\t<\/div> \n\t\t\t\n\t\t\t\t<div id=\"ngg-image-12\" class=\"ngg-gallery-thumbnail-box \" >\n\t\t\t\t        <div class=\"ngg-gallery-thumbnail\">\n            <a href=\"https:\/\/www.hundeschule-happylife.ch\/wp-content\/gallery\/pot-25-1\/image010.jpg\"\n               title=\"\"\n               data-src=\"https:\/\/www.hundeschule-happylife.ch\/wp-content\/gallery\/pot-25-1\/image010.jpg\"\n               data-thumbnail=\"https:\/\/www.hundeschule-happylife.ch\/wp-content\/gallery\/pot-25-1\/thumbs\/thumbs_image010.jpg\"\n               data-image-id=\"45993\"\n               data-title=\"image010\"\n               data-description=\"\"\n               data-image-slug=\"image010-88\"\n               class=\"ngg-fancybox\" rel=\"9528ff507c1044d0bb8dd1566961baa2\">\n                <img\n                    title=\"image010\"\n                    alt=\"image010\"\n                    src=\"https:\/\/www.hundeschule-happylife.ch\/wp-content\/gallery\/pot-25-1\/thumbs\/thumbs_image010.jpg\"\n                    width=\"100\"\n                    height=\"75\"\n                    style=\"max-width:100%;\"\n                \/>\n            <\/a>\n        <\/div>\n\t\t\t\t\t\t\t<\/div> \n\t\t\t\n\t\t\t\t<div id=\"ngg-image-13\" class=\"ngg-gallery-thumbnail-box \" >\n\t\t\t\t        <div class=\"ngg-gallery-thumbnail\">\n            <a href=\"https:\/\/www.hundeschule-happylife.ch\/wp-content\/gallery\/pot-25-1\/image017.jpg\"\n               title=\"\"\n               data-src=\"https:\/\/www.hundeschule-happylife.ch\/wp-content\/gallery\/pot-25-1\/image017.jpg\"\n               data-thumbnail=\"https:\/\/www.hundeschule-happylife.ch\/wp-content\/gallery\/pot-25-1\/thumbs\/thumbs_image017.jpg\"\n               data-image-id=\"45994\"\n               data-title=\"image017\"\n               data-description=\"\"\n               data-image-slug=\"image017-86\"\n               class=\"ngg-fancybox\" rel=\"9528ff507c1044d0bb8dd1566961baa2\">\n                <img\n                    title=\"image017\"\n                    alt=\"image017\"\n                    src=\"https:\/\/www.hundeschule-happylife.ch\/wp-content\/gallery\/pot-25-1\/thumbs\/thumbs_image017.jpg\"\n                    width=\"100\"\n                    height=\"75\"\n                    style=\"max-width:100%;\"\n                \/>\n            <\/a>\n        <\/div>\n\t\t\t\t\t\t\t<\/div> \n\t\t\t\n\t\t\t\t<div id=\"ngg-image-14\" class=\"ngg-gallery-thumbnail-box \" >\n\t\t\t\t        <div class=\"ngg-gallery-thumbnail\">\n            <a href=\"https:\/\/www.hundeschule-happylife.ch\/wp-content\/gallery\/pot-25-1\/image018.jpg\"\n               title=\"\"\n               data-src=\"https:\/\/www.hundeschule-happylife.ch\/wp-content\/gallery\/pot-25-1\/image018.jpg\"\n               data-thumbnail=\"https:\/\/www.hundeschule-happylife.ch\/wp-content\/gallery\/pot-25-1\/thumbs\/thumbs_image018.jpg\"\n               data-image-id=\"45995\"\n               data-title=\"image018\"\n               data-description=\"\"\n               data-image-slug=\"image018-86\"\n               class=\"ngg-fancybox\" rel=\"9528ff507c1044d0bb8dd1566961baa2\">\n                <img\n                    title=\"image018\"\n                    alt=\"image018\"\n                    src=\"https:\/\/www.hundeschule-happylife.ch\/wp-content\/gallery\/pot-25-1\/thumbs\/thumbs_image018.jpg\"\n                    width=\"100\"\n                    height=\"75\"\n                    style=\"max-width:100%;\"\n                \/>\n            <\/a>\n        <\/div>\n\t\t\t\t\t\t\t<\/div> \n\t\t\t\n\t\t\t\t<div id=\"ngg-image-15\" class=\"ngg-gallery-thumbnail-box \" >\n\t\t\t\t        <div class=\"ngg-gallery-thumbnail\">\n            <a href=\"https:\/\/www.hundeschule-happylife.ch\/wp-content\/gallery\/pot-25-1\/image011.jpg\"\n               title=\"\"\n               data-src=\"https:\/\/www.hundeschule-happylife.ch\/wp-content\/gallery\/pot-25-1\/image011.jpg\"\n               data-thumbnail=\"https:\/\/www.hundeschule-happylife.ch\/wp-content\/gallery\/pot-25-1\/thumbs\/thumbs_image011.jpg\"\n               data-image-id=\"45996\"\n               data-title=\"image011\"\n               data-description=\"\"\n               data-image-slug=\"image011-87\"\n               class=\"ngg-fancybox\" rel=\"9528ff507c1044d0bb8dd1566961baa2\">\n                <img\n                    title=\"image011\"\n                    alt=\"image011\"\n                    src=\"https:\/\/www.hundeschule-happylife.ch\/wp-content\/gallery\/pot-25-1\/thumbs\/thumbs_image011.jpg\"\n                    width=\"100\"\n                    height=\"75\"\n                    style=\"max-width:100%;\"\n                \/>\n            <\/a>\n        <\/div>\n\t\t\t\t\t\t\t<\/div> \n\t\t\t\n\t\t\t\t<div id=\"ngg-image-16\" class=\"ngg-gallery-thumbnail-box \" >\n\t\t\t\t        <div class=\"ngg-gallery-thumbnail\">\n            <a href=\"https:\/\/www.hundeschule-happylife.ch\/wp-content\/gallery\/pot-25-1\/image020.jpg\"\n               title=\"\"\n               data-src=\"https:\/\/www.hundeschule-happylife.ch\/wp-content\/gallery\/pot-25-1\/image020.jpg\"\n               data-thumbnail=\"https:\/\/www.hundeschule-happylife.ch\/wp-content\/gallery\/pot-25-1\/thumbs\/thumbs_image020.jpg\"\n               data-image-id=\"45997\"\n               data-title=\"image020\"\n               data-description=\"\"\n               data-image-slug=\"image020-84\"\n               class=\"ngg-fancybox\" rel=\"9528ff507c1044d0bb8dd1566961baa2\">\n                <img\n                    title=\"image020\"\n                    alt=\"image020\"\n                    src=\"https:\/\/www.hundeschule-happylife.ch\/wp-content\/gallery\/pot-25-1\/thumbs\/thumbs_image020.jpg\"\n                    width=\"100\"\n                    height=\"75\"\n                    style=\"max-width:100%;\"\n                \/>\n            <\/a>\n        <\/div>\n\t\t\t\t\t\t\t<\/div> \n\t\t\t\n\t\t\t\t<div id=\"ngg-image-17\" class=\"ngg-gallery-thumbnail-box \" >\n\t\t\t\t        <div class=\"ngg-gallery-thumbnail\">\n            <a href=\"https:\/\/www.hundeschule-happylife.ch\/wp-content\/gallery\/pot-25-1\/image009.jpg\"\n               title=\"\"\n               data-src=\"https:\/\/www.hundeschule-happylife.ch\/wp-content\/gallery\/pot-25-1\/image009.jpg\"\n               data-thumbnail=\"https:\/\/www.hundeschule-happylife.ch\/wp-content\/gallery\/pot-25-1\/thumbs\/thumbs_image009.jpg\"\n               data-image-id=\"45998\"\n               data-title=\"image009\"\n               data-description=\"\"\n               data-image-slug=\"image009-88\"\n               class=\"ngg-fancybox\" rel=\"9528ff507c1044d0bb8dd1566961baa2\">\n                <img\n                    title=\"image009\"\n                    alt=\"image009\"\n                    src=\"https:\/\/www.hundeschule-happylife.ch\/wp-content\/gallery\/pot-25-1\/thumbs\/thumbs_image009.jpg\"\n                    width=\"100\"\n                    height=\"75\"\n                    style=\"max-width:100%;\"\n                \/>\n            <\/a>\n        <\/div>\n\t\t\t\t\t\t\t<\/div> \n\t\t\t\n\t\t\t\t<div id=\"ngg-image-18\" class=\"ngg-gallery-thumbnail-box \" >\n\t\t\t\t        <div class=\"ngg-gallery-thumbnail\">\n            <a href=\"https:\/\/www.hundeschule-happylife.ch\/wp-content\/gallery\/pot-25-1\/image021.jpg\"\n               title=\"\"\n               data-src=\"https:\/\/www.hundeschule-happylife.ch\/wp-content\/gallery\/pot-25-1\/image021.jpg\"\n               data-thumbnail=\"https:\/\/www.hundeschule-happylife.ch\/wp-content\/gallery\/pot-25-1\/thumbs\/thumbs_image021.jpg\"\n               data-image-id=\"45999\"\n               data-title=\"image021\"\n               data-description=\"\"\n               data-image-slug=\"image021-83\"\n               class=\"ngg-fancybox\" rel=\"9528ff507c1044d0bb8dd1566961baa2\">\n                <img\n                    title=\"image021\"\n                    alt=\"image021\"\n                    src=\"https:\/\/www.hundeschule-happylife.ch\/wp-content\/gallery\/pot-25-1\/thumbs\/thumbs_image021.jpg\"\n                    width=\"100\"\n                    height=\"75\"\n                    style=\"max-width:100%;\"\n                \/>\n            <\/a>\n        <\/div>\n\t\t\t\t\t\t\t<\/div> \n\t\t\t\n\t\t\t\t<div id=\"ngg-image-19\" class=\"ngg-gallery-thumbnail-box \" >\n\t\t\t\t        <div class=\"ngg-gallery-thumbnail\">\n            <a href=\"https:\/\/www.hundeschule-happylife.ch\/wp-content\/gallery\/pot-25-1\/image019.jpg\"\n               title=\"\"\n               data-src=\"https:\/\/www.hundeschule-happylife.ch\/wp-content\/gallery\/pot-25-1\/image019.jpg\"\n               data-thumbnail=\"https:\/\/www.hundeschule-happylife.ch\/wp-content\/gallery\/pot-25-1\/thumbs\/thumbs_image019.jpg\"\n               data-image-id=\"46000\"\n               data-title=\"image019\"\n               data-description=\"\"\n               data-image-slug=\"image019-85\"\n               class=\"ngg-fancybox\" rel=\"9528ff507c1044d0bb8dd1566961baa2\">\n                <img\n                    title=\"image019\"\n                    alt=\"image019\"\n                    src=\"https:\/\/www.hundeschule-happylife.ch\/wp-content\/gallery\/pot-25-1\/thumbs\/thumbs_image019.jpg\"\n                    width=\"100\"\n                    height=\"75\"\n                    style=\"max-width:100%;\"\n                \/>\n            <\/a>\n        <\/div>\n\t\t\t\t\t\t\t<\/div> \n\t\t\t\n\t\n\t<br style=\"clear: both\" \/>\n\n\t\n\t\t<!-- Pagination -->\n\t<div class='ngg-navigation'><span class=\"current\">1<\/span><a class=\"page-numbers\" data-pageid=\"2\" href=\"https:\/\/www.hundeschule-happylife.ch\/index.php\/nggallery\/page\/2?page_id=23200\">2<\/a><a class=\"page-numbers\" data-pageid=\"3\" href=\"https:\/\/www.hundeschule-happylife.ch\/index.php\/nggallery\/page\/3?page_id=23200\">3<\/a><a class=\"page-numbers\" data-pageid=\"4\" href=\"https:\/\/www.hundeschule-happylife.ch\/index.php\/nggallery\/page\/4?page_id=23200\">4<\/a><a class=\"next\" data-pageid=\"2\" id=\"ngg-next-2\" href=\"https:\/\/www.hundeschule-happylife.ch\/index.php\/nggallery\/page\/2?page_id=23200\">&#9658;<\/a><\/div>\t<\/div>\n\n","protected":false},"excerpt":{"rendered":"<p>Dieses Gr\u00fcppchen hat eine besondere Belohnungsart: den POT! Erst wenn die Hundef\u00fchrerin mit der Arbeit des Hundes zufrieden ist, sagt sie laut POT &#8211; und der Hund darf losrennen. Der Pot wird mit Fernbedienung ausgel\u00f6st und die Belohnung f\u00e4llt ins Schubl\u00e4dli. Die Hunde finden das so toll und wir auch!<\/p>\n","protected":false},"author":2,"featured_media":0,"parent":760,"menu_order":500,"comment_status":"closed","ping_status":"closed","template":"","meta":{"ngg_post_thumbnail":0},"_links":{"self":[{"href":"https:\/\/www.hundeschule-happylife.ch\/index.php?rest_route=\/wp\/v2\/pages\/23200"}],"collection":[{"href":"https:\/\/www.hundeschule-happylife.ch\/index.php?rest_route=\/wp\/v2\/pages"}],"about":[{"href":"https:\/\/www.hundeschule-happylife.ch\/index.php?rest_route=\/wp\/v2\/types\/page"}],"author":[{"embeddable":true,"href":"https:\/\/www.hundeschule-happylife.ch\/index.php?rest_route=\/wp\/v2\/users\/2"}],"replies":[{"embeddable":true,"href":"https:\/\/www.hundeschule-happylife.ch\/index.php?rest_route=%2Fwp%2Fv2%2Fcomments&post=23200"}],"version-history":[{"count":3,"href":"https:\/\/www.hundeschule-happylife.ch\/index.php?rest_route=\/wp\/v2\/pages\/23200\/revisions"}],"predecessor-version":[{"id":23311,"href":"https:\/\/www.hundeschule-happylife.ch\/index.php?rest_route=\/wp\/v2\/pages\/23200\/revisions\/23311"}],"up":[{"embeddable":true,"href":"https:\/\/www.hundeschule-happylife.ch\/index.php?rest_route=\/wp\/v2\/pages\/760"}],"wp:attachment":[{"href":"https:\/\/www.hundeschule-happylife.ch\/index.php?rest_route=%2Fwp%2Fv2%2Fmedia&parent=23200"}],"curies":[{"name":"wp","href":"https:\/\/api.w.org\/{rel}","templated":true}]}}