{"id":22621,"date":"2025-04-12T15:21:39","date_gmt":"2025-04-12T15:21:39","guid":{"rendered":"http:\/\/www.hundeschule-happylife.ch\/?page_id=22621"},"modified":"2025-04-12T15:34:23","modified_gmt":"2025-04-12T15:34:23","slug":"abc-2025","status":"publish","type":"page","link":"https:\/\/www.hundeschule-happylife.ch\/?page_id=22621","title":{"rendered":"ABC 2025"},"content":{"rendered":"\n<p class=\"has-cyan-bluish-gray-color has-text-color\">Die ABC Gruppe ist die Gruppe der Junioren! Hier wird alles gelernt und ausprobiert und die Fortschritte sind immer enorm. In wenigen Wochen, lernen die jungen Hunde das Leinenlaufen, das SITZ, das Platz, das Warten und sie lernen nach und nach ein paar Ger\u00e4te wie Tunnel, Tisch etc. kennen. Der Kurs ist mit Theorie gespickt und wir \u00fcben auch Alltagssituationen und wichtige \u00dcbungen, wie Hunde anbinden und warten lassen, Maulkorb Angew\u00f6nung. Aber auch 1. Schn\u00fcffelspiele werden aufgebaut. <\/p>\n\n\n\n<p class=\"has-cyan-bluish-gray-color has-text-color\">Hier ein paar Fotos zum &#8222;gluschtig&#8220; machen! Viel Spass<\/p>\n\n\n\n<!-- default-view.php -->\n<div\n\tclass=\"ngg-galleryoverview default-view  ngg-ajax-pagination-none\"\n\tid=\"ngg-gallery-cc93b1f01939f429c7843c0ee633d57e-1\">\n\n\t\t<!-- Thumbnails -->\n\t\t\t\t<div id=\"ngg-image-0\" class=\"ngg-gallery-thumbnail-box \" >\n\t\t\t\t        <div class=\"ngg-gallery-thumbnail\">\n            <a href=\"https:\/\/www.hundeschule-happylife.ch\/wp-content\/gallery\/abc-2025\/image002.jpg\"\n               title=\"\"\n               data-src=\"https:\/\/www.hundeschule-happylife.ch\/wp-content\/gallery\/abc-2025\/image002.jpg\"\n               data-thumbnail=\"https:\/\/www.hundeschule-happylife.ch\/wp-content\/gallery\/abc-2025\/thumbs\/thumbs_image002.jpg\"\n               data-image-id=\"45401\"\n               data-title=\"image002\"\n               data-description=\"\"\n               data-image-slug=\"image002-83\"\n               class=\"ngg-fancybox\" rel=\"cc93b1f01939f429c7843c0ee633d57e\">\n                <img\n                    title=\"image002\"\n                    alt=\"image002\"\n                    src=\"https:\/\/www.hundeschule-happylife.ch\/wp-content\/gallery\/abc-2025\/thumbs\/thumbs_image002.jpg\"\n                    width=\"100\"\n                    height=\"75\"\n                    style=\"max-width:100%;\"\n                \/>\n            <\/a>\n        <\/div>\n\t\t\t\t\t\t\t<\/div> \n\t\t\t\n\t\t\t\t<div id=\"ngg-image-1\" class=\"ngg-gallery-thumbnail-box \" >\n\t\t\t\t        <div class=\"ngg-gallery-thumbnail\">\n            <a href=\"https:\/\/www.hundeschule-happylife.ch\/wp-content\/gallery\/abc-2025\/image001.jpg\"\n               title=\"\"\n               data-src=\"https:\/\/www.hundeschule-happylife.ch\/wp-content\/gallery\/abc-2025\/image001.jpg\"\n               data-thumbnail=\"https:\/\/www.hundeschule-happylife.ch\/wp-content\/gallery\/abc-2025\/thumbs\/thumbs_image001.jpg\"\n               data-image-id=\"45402\"\n               data-title=\"image001\"\n               data-description=\"\"\n               data-image-slug=\"image001-83\"\n               class=\"ngg-fancybox\" rel=\"cc93b1f01939f429c7843c0ee633d57e\">\n                <img\n                    title=\"image001\"\n                    alt=\"image001\"\n                    src=\"https:\/\/www.hundeschule-happylife.ch\/wp-content\/gallery\/abc-2025\/thumbs\/thumbs_image001.jpg\"\n                    width=\"100\"\n                    height=\"75\"\n                    style=\"max-width:100%;\"\n                \/>\n            <\/a>\n        <\/div>\n\t\t\t\t\t\t\t<\/div> \n\t\t\t\n\t\t\t\t<div id=\"ngg-image-2\" class=\"ngg-gallery-thumbnail-box \" >\n\t\t\t\t        <div class=\"ngg-gallery-thumbnail\">\n            <a href=\"https:\/\/www.hundeschule-happylife.ch\/wp-content\/gallery\/abc-2025\/image005.jpg\"\n               title=\"\"\n               data-src=\"https:\/\/www.hundeschule-happylife.ch\/wp-content\/gallery\/abc-2025\/image005.jpg\"\n               data-thumbnail=\"https:\/\/www.hundeschule-happylife.ch\/wp-content\/gallery\/abc-2025\/thumbs\/thumbs_image005.jpg\"\n               data-image-id=\"45403\"\n               data-title=\"image005\"\n               data-description=\"\"\n               data-image-slug=\"image005-82\"\n               class=\"ngg-fancybox\" rel=\"cc93b1f01939f429c7843c0ee633d57e\">\n                <img\n                    title=\"image005\"\n                    alt=\"image005\"\n                    src=\"https:\/\/www.hundeschule-happylife.ch\/wp-content\/gallery\/abc-2025\/thumbs\/thumbs_image005.jpg\"\n                    width=\"100\"\n                    height=\"75\"\n                    style=\"max-width:100%;\"\n                \/>\n            <\/a>\n        <\/div>\n\t\t\t\t\t\t\t<\/div> \n\t\t\t\n\t\t\t\t<div id=\"ngg-image-3\" class=\"ngg-gallery-thumbnail-box \" >\n\t\t\t\t        <div class=\"ngg-gallery-thumbnail\">\n            <a href=\"https:\/\/www.hundeschule-happylife.ch\/wp-content\/gallery\/abc-2025\/image004.jpg\"\n               title=\"\"\n               data-src=\"https:\/\/www.hundeschule-happylife.ch\/wp-content\/gallery\/abc-2025\/image004.jpg\"\n               data-thumbnail=\"https:\/\/www.hundeschule-happylife.ch\/wp-content\/gallery\/abc-2025\/thumbs\/thumbs_image004.jpg\"\n               data-image-id=\"45404\"\n               data-title=\"image004\"\n               data-description=\"\"\n               data-image-slug=\"image004-83\"\n               class=\"ngg-fancybox\" rel=\"cc93b1f01939f429c7843c0ee633d57e\">\n                <img\n                    title=\"image004\"\n                    alt=\"image004\"\n                    src=\"https:\/\/www.hundeschule-happylife.ch\/wp-content\/gallery\/abc-2025\/thumbs\/thumbs_image004.jpg\"\n                    width=\"100\"\n                    height=\"75\"\n                    style=\"max-width:100%;\"\n                \/>\n            <\/a>\n        <\/div>\n\t\t\t\t\t\t\t<\/div> \n\t\t\t\n\t\t\t\t<div id=\"ngg-image-4\" class=\"ngg-gallery-thumbnail-box \" >\n\t\t\t\t        <div class=\"ngg-gallery-thumbnail\">\n            <a href=\"https:\/\/www.hundeschule-happylife.ch\/wp-content\/gallery\/abc-2025\/image006.jpg\"\n               title=\"\"\n               data-src=\"https:\/\/www.hundeschule-happylife.ch\/wp-content\/gallery\/abc-2025\/image006.jpg\"\n               data-thumbnail=\"https:\/\/www.hundeschule-happylife.ch\/wp-content\/gallery\/abc-2025\/thumbs\/thumbs_image006.jpg\"\n               data-image-id=\"45405\"\n               data-title=\"image006\"\n               data-description=\"\"\n               data-image-slug=\"image006-82\"\n               class=\"ngg-fancybox\" rel=\"cc93b1f01939f429c7843c0ee633d57e\">\n                <img\n                    title=\"image006\"\n                    alt=\"image006\"\n                    src=\"https:\/\/www.hundeschule-happylife.ch\/wp-content\/gallery\/abc-2025\/thumbs\/thumbs_image006.jpg\"\n                    width=\"100\"\n                    height=\"75\"\n                    style=\"max-width:100%;\"\n                \/>\n            <\/a>\n        <\/div>\n\t\t\t\t\t\t\t<\/div> \n\t\t\t\n\t\t\t\t<div id=\"ngg-image-5\" class=\"ngg-gallery-thumbnail-box \" >\n\t\t\t\t        <div class=\"ngg-gallery-thumbnail\">\n            <a href=\"https:\/\/www.hundeschule-happylife.ch\/wp-content\/gallery\/abc-2025\/image003.jpg\"\n               title=\"\"\n               data-src=\"https:\/\/www.hundeschule-happylife.ch\/wp-content\/gallery\/abc-2025\/image003.jpg\"\n               data-thumbnail=\"https:\/\/www.hundeschule-happylife.ch\/wp-content\/gallery\/abc-2025\/thumbs\/thumbs_image003.jpg\"\n               data-image-id=\"45406\"\n               data-title=\"image003\"\n               data-description=\"\"\n               data-image-slug=\"image003-83\"\n               class=\"ngg-fancybox\" rel=\"cc93b1f01939f429c7843c0ee633d57e\">\n                <img\n                    title=\"image003\"\n                    alt=\"image003\"\n                    src=\"https:\/\/www.hundeschule-happylife.ch\/wp-content\/gallery\/abc-2025\/thumbs\/thumbs_image003.jpg\"\n                    width=\"100\"\n                    height=\"75\"\n                    style=\"max-width:100%;\"\n                \/>\n            <\/a>\n        <\/div>\n\t\t\t\t\t\t\t<\/div> \n\t\t\t\n\t\t\t\t<div id=\"ngg-image-6\" class=\"ngg-gallery-thumbnail-box \" >\n\t\t\t\t        <div class=\"ngg-gallery-thumbnail\">\n            <a href=\"https:\/\/www.hundeschule-happylife.ch\/wp-content\/gallery\/abc-2025\/image009.jpg\"\n               title=\"\"\n               data-src=\"https:\/\/www.hundeschule-happylife.ch\/wp-content\/gallery\/abc-2025\/image009.jpg\"\n               data-thumbnail=\"https:\/\/www.hundeschule-happylife.ch\/wp-content\/gallery\/abc-2025\/thumbs\/thumbs_image009.jpg\"\n               data-image-id=\"45407\"\n               data-title=\"image009\"\n               data-description=\"\"\n               data-image-slug=\"image009-80\"\n               class=\"ngg-fancybox\" rel=\"cc93b1f01939f429c7843c0ee633d57e\">\n                <img\n                    title=\"image009\"\n                    alt=\"image009\"\n                    src=\"https:\/\/www.hundeschule-happylife.ch\/wp-content\/gallery\/abc-2025\/thumbs\/thumbs_image009.jpg\"\n                    width=\"100\"\n                    height=\"75\"\n                    style=\"max-width:100%;\"\n                \/>\n            <\/a>\n        <\/div>\n\t\t\t\t\t\t\t<\/div> \n\t\t\t\n\t\t\t\t<div id=\"ngg-image-7\" class=\"ngg-gallery-thumbnail-box \" >\n\t\t\t\t        <div class=\"ngg-gallery-thumbnail\">\n            <a href=\"https:\/\/www.hundeschule-happylife.ch\/wp-content\/gallery\/abc-2025\/image010.jpg\"\n               title=\"\"\n               data-src=\"https:\/\/www.hundeschule-happylife.ch\/wp-content\/gallery\/abc-2025\/image010.jpg\"\n               data-thumbnail=\"https:\/\/www.hundeschule-happylife.ch\/wp-content\/gallery\/abc-2025\/thumbs\/thumbs_image010.jpg\"\n               data-image-id=\"45408\"\n               data-title=\"image010\"\n               data-description=\"\"\n               data-image-slug=\"image010-80\"\n               class=\"ngg-fancybox\" rel=\"cc93b1f01939f429c7843c0ee633d57e\">\n                <img\n                    title=\"image010\"\n                    alt=\"image010\"\n                    src=\"https:\/\/www.hundeschule-happylife.ch\/wp-content\/gallery\/abc-2025\/thumbs\/thumbs_image010.jpg\"\n                    width=\"100\"\n                    height=\"75\"\n                    style=\"max-width:100%;\"\n                \/>\n            <\/a>\n        <\/div>\n\t\t\t\t\t\t\t<\/div> \n\t\t\t\n\t\t\t\t<div id=\"ngg-image-8\" class=\"ngg-gallery-thumbnail-box \" >\n\t\t\t\t        <div class=\"ngg-gallery-thumbnail\">\n            <a href=\"https:\/\/www.hundeschule-happylife.ch\/wp-content\/gallery\/abc-2025\/image011.jpg\"\n               title=\"\"\n               data-src=\"https:\/\/www.hundeschule-happylife.ch\/wp-content\/gallery\/abc-2025\/image011.jpg\"\n               data-thumbnail=\"https:\/\/www.hundeschule-happylife.ch\/wp-content\/gallery\/abc-2025\/thumbs\/thumbs_image011.jpg\"\n               data-image-id=\"45409\"\n               data-title=\"image011\"\n               data-description=\"\"\n               data-image-slug=\"image011-79\"\n               class=\"ngg-fancybox\" rel=\"cc93b1f01939f429c7843c0ee633d57e\">\n                <img\n                    title=\"image011\"\n                    alt=\"image011\"\n                    src=\"https:\/\/www.hundeschule-happylife.ch\/wp-content\/gallery\/abc-2025\/thumbs\/thumbs_image011.jpg\"\n                    width=\"100\"\n                    height=\"75\"\n                    style=\"max-width:100%;\"\n                \/>\n            <\/a>\n        <\/div>\n\t\t\t\t\t\t\t<\/div> \n\t\t\t\n\t\t\t\t<div id=\"ngg-image-9\" class=\"ngg-gallery-thumbnail-box \" >\n\t\t\t\t        <div class=\"ngg-gallery-thumbnail\">\n            <a href=\"https:\/\/www.hundeschule-happylife.ch\/wp-content\/gallery\/abc-2025\/image007.jpg\"\n               title=\"\"\n               data-src=\"https:\/\/www.hundeschule-happylife.ch\/wp-content\/gallery\/abc-2025\/image007.jpg\"\n               data-thumbnail=\"https:\/\/www.hundeschule-happylife.ch\/wp-content\/gallery\/abc-2025\/thumbs\/thumbs_image007.jpg\"\n               data-image-id=\"45410\"\n               data-title=\"image007\"\n               data-description=\"\"\n               data-image-slug=\"image007-81\"\n               class=\"ngg-fancybox\" rel=\"cc93b1f01939f429c7843c0ee633d57e\">\n                <img\n                    title=\"image007\"\n                    alt=\"image007\"\n                    src=\"https:\/\/www.hundeschule-happylife.ch\/wp-content\/gallery\/abc-2025\/thumbs\/thumbs_image007.jpg\"\n                    width=\"100\"\n                    height=\"75\"\n                    style=\"max-width:100%;\"\n                \/>\n            <\/a>\n        <\/div>\n\t\t\t\t\t\t\t<\/div> \n\t\t\t\n\t\t\t\t<div id=\"ngg-image-10\" class=\"ngg-gallery-thumbnail-box \" >\n\t\t\t\t        <div class=\"ngg-gallery-thumbnail\">\n            <a href=\"https:\/\/www.hundeschule-happylife.ch\/wp-content\/gallery\/abc-2025\/image014.jpg\"\n               title=\"\"\n               data-src=\"https:\/\/www.hundeschule-happylife.ch\/wp-content\/gallery\/abc-2025\/image014.jpg\"\n               data-thumbnail=\"https:\/\/www.hundeschule-happylife.ch\/wp-content\/gallery\/abc-2025\/thumbs\/thumbs_image014.jpg\"\n               data-image-id=\"45411\"\n               data-title=\"image014\"\n               data-description=\"\"\n               data-image-slug=\"image014-79\"\n               class=\"ngg-fancybox\" rel=\"cc93b1f01939f429c7843c0ee633d57e\">\n                <img\n                    title=\"image014\"\n                    alt=\"image014\"\n                    src=\"https:\/\/www.hundeschule-happylife.ch\/wp-content\/gallery\/abc-2025\/thumbs\/thumbs_image014.jpg\"\n                    width=\"100\"\n                    height=\"75\"\n                    style=\"max-width:100%;\"\n                \/>\n            <\/a>\n        <\/div>\n\t\t\t\t\t\t\t<\/div> \n\t\t\t\n\t\t\t\t<div id=\"ngg-image-11\" class=\"ngg-gallery-thumbnail-box \" >\n\t\t\t\t        <div class=\"ngg-gallery-thumbnail\">\n            <a href=\"https:\/\/www.hundeschule-happylife.ch\/wp-content\/gallery\/abc-2025\/image015.jpg\"\n               title=\"\"\n               data-src=\"https:\/\/www.hundeschule-happylife.ch\/wp-content\/gallery\/abc-2025\/image015.jpg\"\n               data-thumbnail=\"https:\/\/www.hundeschule-happylife.ch\/wp-content\/gallery\/abc-2025\/thumbs\/thumbs_image015.jpg\"\n               data-image-id=\"45412\"\n               data-title=\"image015\"\n               data-description=\"\"\n               data-image-slug=\"image015-79\"\n               class=\"ngg-fancybox\" rel=\"cc93b1f01939f429c7843c0ee633d57e\">\n                <img\n                    title=\"image015\"\n                    alt=\"image015\"\n                    src=\"https:\/\/www.hundeschule-happylife.ch\/wp-content\/gallery\/abc-2025\/thumbs\/thumbs_image015.jpg\"\n                    width=\"100\"\n                    height=\"75\"\n                    style=\"max-width:100%;\"\n                \/>\n            <\/a>\n        <\/div>\n\t\t\t\t\t\t\t<\/div> \n\t\t\t\n\t\t\t\t<div id=\"ngg-image-12\" class=\"ngg-gallery-thumbnail-box \" >\n\t\t\t\t        <div class=\"ngg-gallery-thumbnail\">\n            <a href=\"https:\/\/www.hundeschule-happylife.ch\/wp-content\/gallery\/abc-2025\/image017.jpg\"\n               title=\"\"\n               data-src=\"https:\/\/www.hundeschule-happylife.ch\/wp-content\/gallery\/abc-2025\/image017.jpg\"\n               data-thumbnail=\"https:\/\/www.hundeschule-happylife.ch\/wp-content\/gallery\/abc-2025\/thumbs\/thumbs_image017.jpg\"\n               data-image-id=\"45413\"\n               data-title=\"image017\"\n               data-description=\"\"\n               data-image-slug=\"image017-78\"\n               class=\"ngg-fancybox\" rel=\"cc93b1f01939f429c7843c0ee633d57e\">\n                <img\n                    title=\"image017\"\n                    alt=\"image017\"\n                    src=\"https:\/\/www.hundeschule-happylife.ch\/wp-content\/gallery\/abc-2025\/thumbs\/thumbs_image017.jpg\"\n                    width=\"100\"\n                    height=\"75\"\n                    style=\"max-width:100%;\"\n                \/>\n            <\/a>\n        <\/div>\n\t\t\t\t\t\t\t<\/div> \n\t\t\t\n\t\t\t\t<div id=\"ngg-image-13\" class=\"ngg-gallery-thumbnail-box \" >\n\t\t\t\t        <div class=\"ngg-gallery-thumbnail\">\n            <a href=\"https:\/\/www.hundeschule-happylife.ch\/wp-content\/gallery\/abc-2025\/image013.jpg\"\n               title=\"\"\n               data-src=\"https:\/\/www.hundeschule-happylife.ch\/wp-content\/gallery\/abc-2025\/image013.jpg\"\n               data-thumbnail=\"https:\/\/www.hundeschule-happylife.ch\/wp-content\/gallery\/abc-2025\/thumbs\/thumbs_image013.jpg\"\n               data-image-id=\"45414\"\n               data-title=\"image013\"\n               data-description=\"\"\n               data-image-slug=\"image013-79\"\n               class=\"ngg-fancybox\" rel=\"cc93b1f01939f429c7843c0ee633d57e\">\n                <img\n                    title=\"image013\"\n                    alt=\"image013\"\n                    src=\"https:\/\/www.hundeschule-happylife.ch\/wp-content\/gallery\/abc-2025\/thumbs\/thumbs_image013.jpg\"\n                    width=\"100\"\n                    height=\"75\"\n                    style=\"max-width:100%;\"\n                \/>\n            <\/a>\n        <\/div>\n\t\t\t\t\t\t\t<\/div> \n\t\t\t\n\t\t\t\t<div id=\"ngg-image-14\" class=\"ngg-gallery-thumbnail-box \" >\n\t\t\t\t        <div class=\"ngg-gallery-thumbnail\">\n            <a href=\"https:\/\/www.hundeschule-happylife.ch\/wp-content\/gallery\/abc-2025\/image008.jpg\"\n               title=\"\"\n               data-src=\"https:\/\/www.hundeschule-happylife.ch\/wp-content\/gallery\/abc-2025\/image008.jpg\"\n               data-thumbnail=\"https:\/\/www.hundeschule-happylife.ch\/wp-content\/gallery\/abc-2025\/thumbs\/thumbs_image008.jpg\"\n               data-image-id=\"45415\"\n               data-title=\"image008\"\n               data-description=\"\"\n               data-image-slug=\"image008-81\"\n               class=\"ngg-fancybox\" rel=\"cc93b1f01939f429c7843c0ee633d57e\">\n                <img\n                    title=\"image008\"\n                    alt=\"image008\"\n                    src=\"https:\/\/www.hundeschule-happylife.ch\/wp-content\/gallery\/abc-2025\/thumbs\/thumbs_image008.jpg\"\n                    width=\"100\"\n                    height=\"75\"\n                    style=\"max-width:100%;\"\n                \/>\n            <\/a>\n        <\/div>\n\t\t\t\t\t\t\t<\/div> \n\t\t\t\n\t\t\t\t<div id=\"ngg-image-15\" class=\"ngg-gallery-thumbnail-box \" >\n\t\t\t\t        <div class=\"ngg-gallery-thumbnail\">\n            <a href=\"https:\/\/www.hundeschule-happylife.ch\/wp-content\/gallery\/abc-2025\/image020.jpg\"\n               title=\"\"\n               data-src=\"https:\/\/www.hundeschule-happylife.ch\/wp-content\/gallery\/abc-2025\/image020.jpg\"\n               data-thumbnail=\"https:\/\/www.hundeschule-happylife.ch\/wp-content\/gallery\/abc-2025\/thumbs\/thumbs_image020.jpg\"\n               data-image-id=\"45416\"\n               data-title=\"image020\"\n               data-description=\"\"\n               data-image-slug=\"image020-76\"\n               class=\"ngg-fancybox\" rel=\"cc93b1f01939f429c7843c0ee633d57e\">\n                <img\n                    title=\"image020\"\n                    alt=\"image020\"\n                    src=\"https:\/\/www.hundeschule-happylife.ch\/wp-content\/gallery\/abc-2025\/thumbs\/thumbs_image020.jpg\"\n                    width=\"100\"\n                    height=\"75\"\n                    style=\"max-width:100%;\"\n                \/>\n            <\/a>\n        <\/div>\n\t\t\t\t\t\t\t<\/div> \n\t\t\t\n\t\t\t\t<div id=\"ngg-image-16\" class=\"ngg-gallery-thumbnail-box \" >\n\t\t\t\t        <div class=\"ngg-gallery-thumbnail\">\n            <a href=\"https:\/\/www.hundeschule-happylife.ch\/wp-content\/gallery\/abc-2025\/image018.jpg\"\n               title=\"\"\n               data-src=\"https:\/\/www.hundeschule-happylife.ch\/wp-content\/gallery\/abc-2025\/image018.jpg\"\n               data-thumbnail=\"https:\/\/www.hundeschule-happylife.ch\/wp-content\/gallery\/abc-2025\/thumbs\/thumbs_image018.jpg\"\n               data-image-id=\"45417\"\n               data-title=\"image018\"\n               data-description=\"\"\n               data-image-slug=\"image018-78\"\n               class=\"ngg-fancybox\" rel=\"cc93b1f01939f429c7843c0ee633d57e\">\n                <img\n                    title=\"image018\"\n                    alt=\"image018\"\n                    src=\"https:\/\/www.hundeschule-happylife.ch\/wp-content\/gallery\/abc-2025\/thumbs\/thumbs_image018.jpg\"\n                    width=\"100\"\n                    height=\"75\"\n                    style=\"max-width:100%;\"\n                \/>\n            <\/a>\n        <\/div>\n\t\t\t\t\t\t\t<\/div> \n\t\t\t\n\t\t\t\t<div id=\"ngg-image-17\" class=\"ngg-gallery-thumbnail-box \" >\n\t\t\t\t        <div class=\"ngg-gallery-thumbnail\">\n            <a href=\"https:\/\/www.hundeschule-happylife.ch\/wp-content\/gallery\/abc-2025\/image021.jpg\"\n               title=\"\"\n               data-src=\"https:\/\/www.hundeschule-happylife.ch\/wp-content\/gallery\/abc-2025\/image021.jpg\"\n               data-thumbnail=\"https:\/\/www.hundeschule-happylife.ch\/wp-content\/gallery\/abc-2025\/thumbs\/thumbs_image021.jpg\"\n               data-image-id=\"45418\"\n               data-title=\"image021\"\n               data-description=\"\"\n               data-image-slug=\"image021-75\"\n               class=\"ngg-fancybox\" rel=\"cc93b1f01939f429c7843c0ee633d57e\">\n                <img\n                    title=\"image021\"\n                    alt=\"image021\"\n                    src=\"https:\/\/www.hundeschule-happylife.ch\/wp-content\/gallery\/abc-2025\/thumbs\/thumbs_image021.jpg\"\n                    width=\"100\"\n                    height=\"75\"\n                    style=\"max-width:100%;\"\n                \/>\n            <\/a>\n        <\/div>\n\t\t\t\t\t\t\t<\/div> \n\t\t\t\n\t\t\t\t<div id=\"ngg-image-18\" class=\"ngg-gallery-thumbnail-box \" >\n\t\t\t\t        <div class=\"ngg-gallery-thumbnail\">\n            <a href=\"https:\/\/www.hundeschule-happylife.ch\/wp-content\/gallery\/abc-2025\/image022.jpg\"\n               title=\"\"\n               data-src=\"https:\/\/www.hundeschule-happylife.ch\/wp-content\/gallery\/abc-2025\/image022.jpg\"\n               data-thumbnail=\"https:\/\/www.hundeschule-happylife.ch\/wp-content\/gallery\/abc-2025\/thumbs\/thumbs_image022.jpg\"\n               data-image-id=\"45419\"\n               data-title=\"image022\"\n               data-description=\"\"\n               data-image-slug=\"image022-75\"\n               class=\"ngg-fancybox\" rel=\"cc93b1f01939f429c7843c0ee633d57e\">\n                <img\n                    title=\"image022\"\n                    alt=\"image022\"\n                    src=\"https:\/\/www.hundeschule-happylife.ch\/wp-content\/gallery\/abc-2025\/thumbs\/thumbs_image022.jpg\"\n                    width=\"100\"\n                    height=\"75\"\n                    style=\"max-width:100%;\"\n                \/>\n            <\/a>\n        <\/div>\n\t\t\t\t\t\t\t<\/div> \n\t\t\t\n\t\t\t\t<div id=\"ngg-image-19\" class=\"ngg-gallery-thumbnail-box \" >\n\t\t\t\t        <div class=\"ngg-gallery-thumbnail\">\n            <a href=\"https:\/\/www.hundeschule-happylife.ch\/wp-content\/gallery\/abc-2025\/image023.jpg\"\n               title=\"\"\n               data-src=\"https:\/\/www.hundeschule-happylife.ch\/wp-content\/gallery\/abc-2025\/image023.jpg\"\n               data-thumbnail=\"https:\/\/www.hundeschule-happylife.ch\/wp-content\/gallery\/abc-2025\/thumbs\/thumbs_image023.jpg\"\n               data-image-id=\"45420\"\n               data-title=\"image023\"\n               data-description=\"\"\n               data-image-slug=\"image023-75\"\n               class=\"ngg-fancybox\" rel=\"cc93b1f01939f429c7843c0ee633d57e\">\n                <img\n                    title=\"image023\"\n                    alt=\"image023\"\n                    src=\"https:\/\/www.hundeschule-happylife.ch\/wp-content\/gallery\/abc-2025\/thumbs\/thumbs_image023.jpg\"\n                    width=\"100\"\n                    height=\"75\"\n                    style=\"max-width:100%;\"\n                \/>\n            <\/a>\n        <\/div>\n\t\t\t\t\t\t\t<\/div> \n\t\t\t\n\t\n\t<br style=\"clear: both\" \/>\n\n\t\n\t\t<!-- Pagination -->\n\t<div class='ngg-navigation'><span class=\"current\">1<\/span><a class=\"page-numbers\" data-pageid=\"2\" href=\"https:\/\/www.hundeschule-happylife.ch\/index.php\/nggallery\/page\/2?page_id=22621\">2<\/a><a class=\"next\" data-pageid=\"2\" id=\"ngg-next-2\" href=\"https:\/\/www.hundeschule-happylife.ch\/index.php\/nggallery\/page\/2?page_id=22621\">&#9658;<\/a><\/div>\t<\/div>\n\n","protected":false},"excerpt":{"rendered":"<p>Die ABC Gruppe ist die Gruppe der Junioren! Hier wird alles gelernt und ausprobiert und die Fortschritte sind immer enorm. In wenigen Wochen, lernen die jungen Hunde das Leinenlaufen, das SITZ, das Platz, das Warten und sie lernen nach und nach ein paar Ger\u00e4te wie Tunnel, Tisch etc. kennen. Der Kurs ist mit Theorie gespickt und wir \u00fcben auch Alltagssituationen und wichtige \u00dcbungen, wie Hunde anbinden und warten lassen, Maulkorb Angew\u00f6nung. Aber auch 1. Schn\u00fcffelspiele werden aufgebaut. <\/p>\n<p>Hier ein paar Fotos zum &#8222;gluschtig&#8220; machen! Viel Spass<\/p>\n","protected":false},"author":2,"featured_media":0,"parent":760,"menu_order":10,"comment_status":"closed","ping_status":"closed","template":"","meta":{"ngg_post_thumbnail":0},"_links":{"self":[{"href":"https:\/\/www.hundeschule-happylife.ch\/index.php?rest_route=\/wp\/v2\/pages\/22621"}],"collection":[{"href":"https:\/\/www.hundeschule-happylife.ch\/index.php?rest_route=\/wp\/v2\/pages"}],"about":[{"href":"https:\/\/www.hundeschule-happylife.ch\/index.php?rest_route=\/wp\/v2\/types\/page"}],"author":[{"embeddable":true,"href":"https:\/\/www.hundeschule-happylife.ch\/index.php?rest_route=\/wp\/v2\/users\/2"}],"replies":[{"embeddable":true,"href":"https:\/\/www.hundeschule-happylife.ch\/index.php?rest_route=%2Fwp%2Fv2%2Fcomments&post=22621"}],"version-history":[{"count":4,"href":"https:\/\/www.hundeschule-happylife.ch\/index.php?rest_route=\/wp\/v2\/pages\/22621\/revisions"}],"predecessor-version":[{"id":22649,"href":"https:\/\/www.hundeschule-happylife.ch\/index.php?rest_route=\/wp\/v2\/pages\/22621\/revisions\/22649"}],"up":[{"embeddable":true,"href":"https:\/\/www.hundeschule-happylife.ch\/index.php?rest_route=\/wp\/v2\/pages\/760"}],"wp:attachment":[{"href":"https:\/\/www.hundeschule-happylife.ch\/index.php?rest_route=%2Fwp%2Fv2%2Fmedia&parent=22621"}],"curies":[{"name":"wp","href":"https:\/\/api.w.org\/{rel}","templated":true}]}}