{"id":22583,"date":"2024-12-22T12:46:23","date_gmt":"2024-12-22T12:46:23","guid":{"rendered":"http:\/\/www.hundeschule-happylife.ch\/?page_id=22583"},"modified":"2024-12-22T12:48:37","modified_gmt":"2024-12-22T12:48:37","slug":"2024-2","status":"publish","type":"page","link":"https:\/\/www.hundeschule-happylife.ch\/?page_id=22583","title":{"rendered":"2024"},"content":{"rendered":"\n<p class=\"has-cyan-bluish-gray-color has-text-color\">Ein Jahr voller sch\u00f6ner Begegnungen und vielen sch\u00f6nen Momenten auf dem \u00dcbungsplatz!<\/p>\n\n\n\n<!-- default-view.php -->\n<div\n\tclass=\"ngg-galleryoverview default-view  ngg-ajax-pagination-none\"\n\tid=\"ngg-gallery-4b444e0291f56341eaad3e0a1c28e50c-1\">\n\n\t\t<!-- Thumbnails -->\n\t\t\t\t<div id=\"ngg-image-0\" class=\"ngg-gallery-thumbnail-box \" >\n\t\t\t\t        <div class=\"ngg-gallery-thumbnail\">\n            <a href=\"https:\/\/www.hundeschule-happylife.ch\/wp-content\/gallery\/2024\/image001.jpg\"\n               title=\"\"\n               data-src=\"https:\/\/www.hundeschule-happylife.ch\/wp-content\/gallery\/2024\/image001.jpg\"\n               data-thumbnail=\"https:\/\/www.hundeschule-happylife.ch\/wp-content\/gallery\/2024\/thumbs\/thumbs_image001.jpg\"\n               data-image-id=\"45136\"\n               data-title=\"image001\"\n               data-description=\"\"\n               data-image-slug=\"image001-82\"\n               class=\"ngg-fancybox\" rel=\"4b444e0291f56341eaad3e0a1c28e50c\">\n                <img\n                    title=\"image001\"\n                    alt=\"image001\"\n                    src=\"https:\/\/www.hundeschule-happylife.ch\/wp-content\/gallery\/2024\/thumbs\/thumbs_image001.jpg\"\n                    width=\"100\"\n                    height=\"75\"\n                    style=\"max-width:100%;\"\n                \/>\n            <\/a>\n        <\/div>\n\t\t\t\t\t\t\t<\/div> \n\t\t\t\n\t\t\t\t<div id=\"ngg-image-1\" class=\"ngg-gallery-thumbnail-box \" >\n\t\t\t\t        <div class=\"ngg-gallery-thumbnail\">\n            <a href=\"https:\/\/www.hundeschule-happylife.ch\/wp-content\/gallery\/2024\/image004.jpg\"\n               title=\"\"\n               data-src=\"https:\/\/www.hundeschule-happylife.ch\/wp-content\/gallery\/2024\/image004.jpg\"\n               data-thumbnail=\"https:\/\/www.hundeschule-happylife.ch\/wp-content\/gallery\/2024\/thumbs\/thumbs_image004.jpg\"\n               data-image-id=\"45137\"\n               data-title=\"image004\"\n               data-description=\"\"\n               data-image-slug=\"image004-82\"\n               class=\"ngg-fancybox\" rel=\"4b444e0291f56341eaad3e0a1c28e50c\">\n                <img\n                    title=\"image004\"\n                    alt=\"image004\"\n                    src=\"https:\/\/www.hundeschule-happylife.ch\/wp-content\/gallery\/2024\/thumbs\/thumbs_image004.jpg\"\n                    width=\"100\"\n                    height=\"75\"\n                    style=\"max-width:100%;\"\n                \/>\n            <\/a>\n        <\/div>\n\t\t\t\t\t\t\t<\/div> \n\t\t\t\n\t\t\t\t<div id=\"ngg-image-2\" class=\"ngg-gallery-thumbnail-box \" >\n\t\t\t\t        <div class=\"ngg-gallery-thumbnail\">\n            <a href=\"https:\/\/www.hundeschule-happylife.ch\/wp-content\/gallery\/2024\/image002.jpg\"\n               title=\"\"\n               data-src=\"https:\/\/www.hundeschule-happylife.ch\/wp-content\/gallery\/2024\/image002.jpg\"\n               data-thumbnail=\"https:\/\/www.hundeschule-happylife.ch\/wp-content\/gallery\/2024\/thumbs\/thumbs_image002.jpg\"\n               data-image-id=\"45138\"\n               data-title=\"image002\"\n               data-description=\"\"\n               data-image-slug=\"image002-82\"\n               class=\"ngg-fancybox\" rel=\"4b444e0291f56341eaad3e0a1c28e50c\">\n                <img\n                    title=\"image002\"\n                    alt=\"image002\"\n                    src=\"https:\/\/www.hundeschule-happylife.ch\/wp-content\/gallery\/2024\/thumbs\/thumbs_image002.jpg\"\n                    width=\"100\"\n                    height=\"75\"\n                    style=\"max-width:100%;\"\n                \/>\n            <\/a>\n        <\/div>\n\t\t\t\t\t\t\t<\/div> \n\t\t\t\n\t\t\t\t<div id=\"ngg-image-3\" class=\"ngg-gallery-thumbnail-box \" >\n\t\t\t\t        <div class=\"ngg-gallery-thumbnail\">\n            <a href=\"https:\/\/www.hundeschule-happylife.ch\/wp-content\/gallery\/2024\/image003.jpg\"\n               title=\"\"\n               data-src=\"https:\/\/www.hundeschule-happylife.ch\/wp-content\/gallery\/2024\/image003.jpg\"\n               data-thumbnail=\"https:\/\/www.hundeschule-happylife.ch\/wp-content\/gallery\/2024\/thumbs\/thumbs_image003.jpg\"\n               data-image-id=\"45139\"\n               data-title=\"image003\"\n               data-description=\"\"\n               data-image-slug=\"image003-82\"\n               class=\"ngg-fancybox\" rel=\"4b444e0291f56341eaad3e0a1c28e50c\">\n                <img\n                    title=\"image003\"\n                    alt=\"image003\"\n                    src=\"https:\/\/www.hundeschule-happylife.ch\/wp-content\/gallery\/2024\/thumbs\/thumbs_image003.jpg\"\n                    width=\"100\"\n                    height=\"75\"\n                    style=\"max-width:100%;\"\n                \/>\n            <\/a>\n        <\/div>\n\t\t\t\t\t\t\t<\/div> \n\t\t\t\n\t\t\t\t<div id=\"ngg-image-4\" class=\"ngg-gallery-thumbnail-box \" >\n\t\t\t\t        <div class=\"ngg-gallery-thumbnail\">\n            <a href=\"https:\/\/www.hundeschule-happylife.ch\/wp-content\/gallery\/2024\/image007.jpg\"\n               title=\"\"\n               data-src=\"https:\/\/www.hundeschule-happylife.ch\/wp-content\/gallery\/2024\/image007.jpg\"\n               data-thumbnail=\"https:\/\/www.hundeschule-happylife.ch\/wp-content\/gallery\/2024\/thumbs\/thumbs_image007.jpg\"\n               data-image-id=\"45140\"\n               data-title=\"image007\"\n               data-description=\"\"\n               data-image-slug=\"image007-80\"\n               class=\"ngg-fancybox\" rel=\"4b444e0291f56341eaad3e0a1c28e50c\">\n                <img\n                    title=\"image007\"\n                    alt=\"image007\"\n                    src=\"https:\/\/www.hundeschule-happylife.ch\/wp-content\/gallery\/2024\/thumbs\/thumbs_image007.jpg\"\n                    width=\"100\"\n                    height=\"75\"\n                    style=\"max-width:100%;\"\n                \/>\n            <\/a>\n        <\/div>\n\t\t\t\t\t\t\t<\/div> \n\t\t\t\n\t\t\t\t<div id=\"ngg-image-5\" class=\"ngg-gallery-thumbnail-box \" >\n\t\t\t\t        <div class=\"ngg-gallery-thumbnail\">\n            <a href=\"https:\/\/www.hundeschule-happylife.ch\/wp-content\/gallery\/2024\/image005.jpg\"\n               title=\"\"\n               data-src=\"https:\/\/www.hundeschule-happylife.ch\/wp-content\/gallery\/2024\/image005.jpg\"\n               data-thumbnail=\"https:\/\/www.hundeschule-happylife.ch\/wp-content\/gallery\/2024\/thumbs\/thumbs_image005.jpg\"\n               data-image-id=\"45141\"\n               data-title=\"image005\"\n               data-description=\"\"\n               data-image-slug=\"image005-81\"\n               class=\"ngg-fancybox\" rel=\"4b444e0291f56341eaad3e0a1c28e50c\">\n                <img\n                    title=\"image005\"\n                    alt=\"image005\"\n                    src=\"https:\/\/www.hundeschule-happylife.ch\/wp-content\/gallery\/2024\/thumbs\/thumbs_image005.jpg\"\n                    width=\"100\"\n                    height=\"75\"\n                    style=\"max-width:100%;\"\n                \/>\n            <\/a>\n        <\/div>\n\t\t\t\t\t\t\t<\/div> \n\t\t\t\n\t\t\t\t<div id=\"ngg-image-6\" class=\"ngg-gallery-thumbnail-box \" >\n\t\t\t\t        <div class=\"ngg-gallery-thumbnail\">\n            <a href=\"https:\/\/www.hundeschule-happylife.ch\/wp-content\/gallery\/2024\/image008.jpg\"\n               title=\"\"\n               data-src=\"https:\/\/www.hundeschule-happylife.ch\/wp-content\/gallery\/2024\/image008.jpg\"\n               data-thumbnail=\"https:\/\/www.hundeschule-happylife.ch\/wp-content\/gallery\/2024\/thumbs\/thumbs_image008.jpg\"\n               data-image-id=\"45142\"\n               data-title=\"image008\"\n               data-description=\"\"\n               data-image-slug=\"image008-80\"\n               class=\"ngg-fancybox\" rel=\"4b444e0291f56341eaad3e0a1c28e50c\">\n                <img\n                    title=\"image008\"\n                    alt=\"image008\"\n                    src=\"https:\/\/www.hundeschule-happylife.ch\/wp-content\/gallery\/2024\/thumbs\/thumbs_image008.jpg\"\n                    width=\"100\"\n                    height=\"75\"\n                    style=\"max-width:100%;\"\n                \/>\n            <\/a>\n        <\/div>\n\t\t\t\t\t\t\t<\/div> \n\t\t\t\n\t\t\t\t<div id=\"ngg-image-7\" class=\"ngg-gallery-thumbnail-box \" >\n\t\t\t\t        <div class=\"ngg-gallery-thumbnail\">\n            <a href=\"https:\/\/www.hundeschule-happylife.ch\/wp-content\/gallery\/2024\/image009.jpg\"\n               title=\"\"\n               data-src=\"https:\/\/www.hundeschule-happylife.ch\/wp-content\/gallery\/2024\/image009.jpg\"\n               data-thumbnail=\"https:\/\/www.hundeschule-happylife.ch\/wp-content\/gallery\/2024\/thumbs\/thumbs_image009.jpg\"\n               data-image-id=\"45143\"\n               data-title=\"image009\"\n               data-description=\"\"\n               data-image-slug=\"image009-79\"\n               class=\"ngg-fancybox\" rel=\"4b444e0291f56341eaad3e0a1c28e50c\">\n                <img\n                    title=\"image009\"\n                    alt=\"image009\"\n                    src=\"https:\/\/www.hundeschule-happylife.ch\/wp-content\/gallery\/2024\/thumbs\/thumbs_image009.jpg\"\n                    width=\"100\"\n                    height=\"75\"\n                    style=\"max-width:100%;\"\n                \/>\n            <\/a>\n        <\/div>\n\t\t\t\t\t\t\t<\/div> \n\t\t\t\n\t\t\t\t<div id=\"ngg-image-8\" class=\"ngg-gallery-thumbnail-box \" >\n\t\t\t\t        <div class=\"ngg-gallery-thumbnail\">\n            <a href=\"https:\/\/www.hundeschule-happylife.ch\/wp-content\/gallery\/2024\/image006.jpg\"\n               title=\"\"\n               data-src=\"https:\/\/www.hundeschule-happylife.ch\/wp-content\/gallery\/2024\/image006.jpg\"\n               data-thumbnail=\"https:\/\/www.hundeschule-happylife.ch\/wp-content\/gallery\/2024\/thumbs\/thumbs_image006.jpg\"\n               data-image-id=\"45144\"\n               data-title=\"image006\"\n               data-description=\"\"\n               data-image-slug=\"image006-81\"\n               class=\"ngg-fancybox\" rel=\"4b444e0291f56341eaad3e0a1c28e50c\">\n                <img\n                    title=\"image006\"\n                    alt=\"image006\"\n                    src=\"https:\/\/www.hundeschule-happylife.ch\/wp-content\/gallery\/2024\/thumbs\/thumbs_image006.jpg\"\n                    width=\"100\"\n                    height=\"75\"\n                    style=\"max-width:100%;\"\n                \/>\n            <\/a>\n        <\/div>\n\t\t\t\t\t\t\t<\/div> \n\t\t\t\n\t\t\t\t<div id=\"ngg-image-9\" class=\"ngg-gallery-thumbnail-box \" >\n\t\t\t\t        <div class=\"ngg-gallery-thumbnail\">\n            <a href=\"https:\/\/www.hundeschule-happylife.ch\/wp-content\/gallery\/2024\/image014.jpg\"\n               title=\"\"\n               data-src=\"https:\/\/www.hundeschule-happylife.ch\/wp-content\/gallery\/2024\/image014.jpg\"\n               data-thumbnail=\"https:\/\/www.hundeschule-happylife.ch\/wp-content\/gallery\/2024\/thumbs\/thumbs_image014.jpg\"\n               data-image-id=\"45145\"\n               data-title=\"image014\"\n               data-description=\"\"\n               data-image-slug=\"image014-78\"\n               class=\"ngg-fancybox\" rel=\"4b444e0291f56341eaad3e0a1c28e50c\">\n                <img\n                    title=\"image014\"\n                    alt=\"image014\"\n                    src=\"https:\/\/www.hundeschule-happylife.ch\/wp-content\/gallery\/2024\/thumbs\/thumbs_image014.jpg\"\n                    width=\"100\"\n                    height=\"75\"\n                    style=\"max-width:100%;\"\n                \/>\n            <\/a>\n        <\/div>\n\t\t\t\t\t\t\t<\/div> \n\t\t\t\n\t\t\t\t<div id=\"ngg-image-10\" class=\"ngg-gallery-thumbnail-box \" >\n\t\t\t\t        <div class=\"ngg-gallery-thumbnail\">\n            <a href=\"https:\/\/www.hundeschule-happylife.ch\/wp-content\/gallery\/2024\/image015.jpg\"\n               title=\"\"\n               data-src=\"https:\/\/www.hundeschule-happylife.ch\/wp-content\/gallery\/2024\/image015.jpg\"\n               data-thumbnail=\"https:\/\/www.hundeschule-happylife.ch\/wp-content\/gallery\/2024\/thumbs\/thumbs_image015.jpg\"\n               data-image-id=\"45146\"\n               data-title=\"image015\"\n               data-description=\"\"\n               data-image-slug=\"image015-78\"\n               class=\"ngg-fancybox\" rel=\"4b444e0291f56341eaad3e0a1c28e50c\">\n                <img\n                    title=\"image015\"\n                    alt=\"image015\"\n                    src=\"https:\/\/www.hundeschule-happylife.ch\/wp-content\/gallery\/2024\/thumbs\/thumbs_image015.jpg\"\n                    width=\"100\"\n                    height=\"75\"\n                    style=\"max-width:100%;\"\n                \/>\n            <\/a>\n        <\/div>\n\t\t\t\t\t\t\t<\/div> \n\t\t\t\n\t\t\t\t<div id=\"ngg-image-11\" class=\"ngg-gallery-thumbnail-box \" >\n\t\t\t\t        <div class=\"ngg-gallery-thumbnail\">\n            <a href=\"https:\/\/www.hundeschule-happylife.ch\/wp-content\/gallery\/2024\/image011.jpg\"\n               title=\"\"\n               data-src=\"https:\/\/www.hundeschule-happylife.ch\/wp-content\/gallery\/2024\/image011.jpg\"\n               data-thumbnail=\"https:\/\/www.hundeschule-happylife.ch\/wp-content\/gallery\/2024\/thumbs\/thumbs_image011.jpg\"\n               data-image-id=\"45147\"\n               data-title=\"image011\"\n               data-description=\"\"\n               data-image-slug=\"image011-78\"\n               class=\"ngg-fancybox\" rel=\"4b444e0291f56341eaad3e0a1c28e50c\">\n                <img\n                    title=\"image011\"\n                    alt=\"image011\"\n                    src=\"https:\/\/www.hundeschule-happylife.ch\/wp-content\/gallery\/2024\/thumbs\/thumbs_image011.jpg\"\n                    width=\"100\"\n                    height=\"75\"\n                    style=\"max-width:100%;\"\n                \/>\n            <\/a>\n        <\/div>\n\t\t\t\t\t\t\t<\/div> \n\t\t\t\n\t\t\t\t<div id=\"ngg-image-12\" class=\"ngg-gallery-thumbnail-box \" >\n\t\t\t\t        <div class=\"ngg-gallery-thumbnail\">\n            <a href=\"https:\/\/www.hundeschule-happylife.ch\/wp-content\/gallery\/2024\/image013.jpg\"\n               title=\"\"\n               data-src=\"https:\/\/www.hundeschule-happylife.ch\/wp-content\/gallery\/2024\/image013.jpg\"\n               data-thumbnail=\"https:\/\/www.hundeschule-happylife.ch\/wp-content\/gallery\/2024\/thumbs\/thumbs_image013.jpg\"\n               data-image-id=\"45148\"\n               data-title=\"image013\"\n               data-description=\"\"\n               data-image-slug=\"image013-78\"\n               class=\"ngg-fancybox\" rel=\"4b444e0291f56341eaad3e0a1c28e50c\">\n                <img\n                    title=\"image013\"\n                    alt=\"image013\"\n                    src=\"https:\/\/www.hundeschule-happylife.ch\/wp-content\/gallery\/2024\/thumbs\/thumbs_image013.jpg\"\n                    width=\"100\"\n                    height=\"75\"\n                    style=\"max-width:100%;\"\n                \/>\n            <\/a>\n        <\/div>\n\t\t\t\t\t\t\t<\/div> \n\t\t\t\n\t\t\t\t<div id=\"ngg-image-13\" class=\"ngg-gallery-thumbnail-box \" >\n\t\t\t\t        <div class=\"ngg-gallery-thumbnail\">\n            <a href=\"https:\/\/www.hundeschule-happylife.ch\/wp-content\/gallery\/2024\/image010.jpg\"\n               title=\"\"\n               data-src=\"https:\/\/www.hundeschule-happylife.ch\/wp-content\/gallery\/2024\/image010.jpg\"\n               data-thumbnail=\"https:\/\/www.hundeschule-happylife.ch\/wp-content\/gallery\/2024\/thumbs\/thumbs_image010.jpg\"\n               data-image-id=\"45149\"\n               data-title=\"image010\"\n               data-description=\"\"\n               data-image-slug=\"image010-79\"\n               class=\"ngg-fancybox\" rel=\"4b444e0291f56341eaad3e0a1c28e50c\">\n                <img\n                    title=\"image010\"\n                    alt=\"image010\"\n                    src=\"https:\/\/www.hundeschule-happylife.ch\/wp-content\/gallery\/2024\/thumbs\/thumbs_image010.jpg\"\n                    width=\"100\"\n                    height=\"75\"\n                    style=\"max-width:100%;\"\n                \/>\n            <\/a>\n        <\/div>\n\t\t\t\t\t\t\t<\/div> \n\t\t\t\n\t\t\t\t<div id=\"ngg-image-14\" class=\"ngg-gallery-thumbnail-box \" >\n\t\t\t\t        <div class=\"ngg-gallery-thumbnail\">\n            <a href=\"https:\/\/www.hundeschule-happylife.ch\/wp-content\/gallery\/2024\/image016.jpg\"\n               title=\"\"\n               data-src=\"https:\/\/www.hundeschule-happylife.ch\/wp-content\/gallery\/2024\/image016.jpg\"\n               data-thumbnail=\"https:\/\/www.hundeschule-happylife.ch\/wp-content\/gallery\/2024\/thumbs\/thumbs_image016.jpg\"\n               data-image-id=\"45150\"\n               data-title=\"image016\"\n               data-description=\"\"\n               data-image-slug=\"image016-77\"\n               class=\"ngg-fancybox\" rel=\"4b444e0291f56341eaad3e0a1c28e50c\">\n                <img\n                    title=\"image016\"\n                    alt=\"image016\"\n                    src=\"https:\/\/www.hundeschule-happylife.ch\/wp-content\/gallery\/2024\/thumbs\/thumbs_image016.jpg\"\n                    width=\"100\"\n                    height=\"75\"\n                    style=\"max-width:100%;\"\n                \/>\n            <\/a>\n        <\/div>\n\t\t\t\t\t\t\t<\/div> \n\t\t\t\n\t\t\t\t<div id=\"ngg-image-15\" class=\"ngg-gallery-thumbnail-box \" >\n\t\t\t\t        <div class=\"ngg-gallery-thumbnail\">\n            <a href=\"https:\/\/www.hundeschule-happylife.ch\/wp-content\/gallery\/2024\/image020.jpg\"\n               title=\"\"\n               data-src=\"https:\/\/www.hundeschule-happylife.ch\/wp-content\/gallery\/2024\/image020.jpg\"\n               data-thumbnail=\"https:\/\/www.hundeschule-happylife.ch\/wp-content\/gallery\/2024\/thumbs\/thumbs_image020.jpg\"\n               data-image-id=\"45151\"\n               data-title=\"image020\"\n               data-description=\"\"\n               data-image-slug=\"image020-75\"\n               class=\"ngg-fancybox\" rel=\"4b444e0291f56341eaad3e0a1c28e50c\">\n                <img\n                    title=\"image020\"\n                    alt=\"image020\"\n                    src=\"https:\/\/www.hundeschule-happylife.ch\/wp-content\/gallery\/2024\/thumbs\/thumbs_image020.jpg\"\n                    width=\"100\"\n                    height=\"75\"\n                    style=\"max-width:100%;\"\n                \/>\n            <\/a>\n        <\/div>\n\t\t\t\t\t\t\t<\/div> \n\t\t\t\n\t\t\t\t<div id=\"ngg-image-16\" class=\"ngg-gallery-thumbnail-box \" >\n\t\t\t\t        <div class=\"ngg-gallery-thumbnail\">\n            <a href=\"https:\/\/www.hundeschule-happylife.ch\/wp-content\/gallery\/2024\/image017.jpg\"\n               title=\"\"\n               data-src=\"https:\/\/www.hundeschule-happylife.ch\/wp-content\/gallery\/2024\/image017.jpg\"\n               data-thumbnail=\"https:\/\/www.hundeschule-happylife.ch\/wp-content\/gallery\/2024\/thumbs\/thumbs_image017.jpg\"\n               data-image-id=\"45152\"\n               data-title=\"image017\"\n               data-description=\"\"\n               data-image-slug=\"image017-77\"\n               class=\"ngg-fancybox\" rel=\"4b444e0291f56341eaad3e0a1c28e50c\">\n                <img\n                    title=\"image017\"\n                    alt=\"image017\"\n                    src=\"https:\/\/www.hundeschule-happylife.ch\/wp-content\/gallery\/2024\/thumbs\/thumbs_image017.jpg\"\n                    width=\"100\"\n                    height=\"75\"\n                    style=\"max-width:100%;\"\n                \/>\n            <\/a>\n        <\/div>\n\t\t\t\t\t\t\t<\/div> \n\t\t\t\n\t\t\t\t<div id=\"ngg-image-17\" class=\"ngg-gallery-thumbnail-box \" >\n\t\t\t\t        <div class=\"ngg-gallery-thumbnail\">\n            <a href=\"https:\/\/www.hundeschule-happylife.ch\/wp-content\/gallery\/2024\/image019.jpg\"\n               title=\"\"\n               data-src=\"https:\/\/www.hundeschule-happylife.ch\/wp-content\/gallery\/2024\/image019.jpg\"\n               data-thumbnail=\"https:\/\/www.hundeschule-happylife.ch\/wp-content\/gallery\/2024\/thumbs\/thumbs_image019.jpg\"\n               data-image-id=\"45153\"\n               data-title=\"image019\"\n               data-description=\"\"\n               data-image-slug=\"image019-76\"\n               class=\"ngg-fancybox\" rel=\"4b444e0291f56341eaad3e0a1c28e50c\">\n                <img\n                    title=\"image019\"\n                    alt=\"image019\"\n                    src=\"https:\/\/www.hundeschule-happylife.ch\/wp-content\/gallery\/2024\/thumbs\/thumbs_image019.jpg\"\n                    width=\"100\"\n                    height=\"75\"\n                    style=\"max-width:100%;\"\n                \/>\n            <\/a>\n        <\/div>\n\t\t\t\t\t\t\t<\/div> \n\t\t\t\n\t\t\t\t<div id=\"ngg-image-18\" class=\"ngg-gallery-thumbnail-box \" >\n\t\t\t\t        <div class=\"ngg-gallery-thumbnail\">\n            <a href=\"https:\/\/www.hundeschule-happylife.ch\/wp-content\/gallery\/2024\/image012.jpg\"\n               title=\"\"\n               data-src=\"https:\/\/www.hundeschule-happylife.ch\/wp-content\/gallery\/2024\/image012.jpg\"\n               data-thumbnail=\"https:\/\/www.hundeschule-happylife.ch\/wp-content\/gallery\/2024\/thumbs\/thumbs_image012.jpg\"\n               data-image-id=\"45154\"\n               data-title=\"image012\"\n               data-description=\"\"\n               data-image-slug=\"image012-78\"\n               class=\"ngg-fancybox\" rel=\"4b444e0291f56341eaad3e0a1c28e50c\">\n                <img\n                    title=\"image012\"\n                    alt=\"image012\"\n                    src=\"https:\/\/www.hundeschule-happylife.ch\/wp-content\/gallery\/2024\/thumbs\/thumbs_image012.jpg\"\n                    width=\"100\"\n                    height=\"75\"\n                    style=\"max-width:100%;\"\n                \/>\n            <\/a>\n        <\/div>\n\t\t\t\t\t\t\t<\/div> \n\t\t\t\n\t\t\t\t<div id=\"ngg-image-19\" class=\"ngg-gallery-thumbnail-box \" >\n\t\t\t\t        <div class=\"ngg-gallery-thumbnail\">\n            <a href=\"https:\/\/www.hundeschule-happylife.ch\/wp-content\/gallery\/2024\/image021.jpg\"\n               title=\"\"\n               data-src=\"https:\/\/www.hundeschule-happylife.ch\/wp-content\/gallery\/2024\/image021.jpg\"\n               data-thumbnail=\"https:\/\/www.hundeschule-happylife.ch\/wp-content\/gallery\/2024\/thumbs\/thumbs_image021.jpg\"\n               data-image-id=\"45155\"\n               data-title=\"image021\"\n               data-description=\"\"\n               data-image-slug=\"image021-74\"\n               class=\"ngg-fancybox\" rel=\"4b444e0291f56341eaad3e0a1c28e50c\">\n                <img\n                    title=\"image021\"\n                    alt=\"image021\"\n                    src=\"https:\/\/www.hundeschule-happylife.ch\/wp-content\/gallery\/2024\/thumbs\/thumbs_image021.jpg\"\n                    width=\"100\"\n                    height=\"75\"\n                    style=\"max-width:100%;\"\n                \/>\n            <\/a>\n        <\/div>\n\t\t\t\t\t\t\t<\/div> \n\t\t\t\n\t\n\t<br style=\"clear: both\" \/>\n\n\t\n\t\t<!-- Pagination -->\n\t<div class='ngg-navigation'><span class=\"current\">1<\/span><a class=\"page-numbers\" data-pageid=\"2\" href=\"https:\/\/www.hundeschule-happylife.ch\/index.php\/nggallery\/page\/2?page_id=22583\">2<\/a><a class=\"page-numbers\" data-pageid=\"3\" href=\"https:\/\/www.hundeschule-happylife.ch\/index.php\/nggallery\/page\/3?page_id=22583\">3<\/a><a class=\"page-numbers\" data-pageid=\"4\" href=\"https:\/\/www.hundeschule-happylife.ch\/index.php\/nggallery\/page\/4?page_id=22583\">4<\/a><a class=\"page-numbers\" data-pageid=\"12\" href=\"https:\/\/www.hundeschule-happylife.ch\/index.php\/nggallery\/page\/12?page_id=22583\">12<\/a><a class=\"page-numbers\" data-pageid=\"13\" href=\"https:\/\/www.hundeschule-happylife.ch\/index.php\/nggallery\/page\/13?page_id=22583\">13<\/a><a class=\"page-numbers\" data-pageid=\"14\" href=\"https:\/\/www.hundeschule-happylife.ch\/index.php\/nggallery\/page\/14?page_id=22583\">14<\/a><a class=\"next\" data-pageid=\"2\" id=\"ngg-next-2\" href=\"https:\/\/www.hundeschule-happylife.ch\/index.php\/nggallery\/page\/2?page_id=22583\">&#9658;<\/a><\/div>\t<\/div>\n\n","protected":false},"excerpt":{"rendered":"<p>Ein Jahr voller sch\u00f6ner Begegnungen und vielen sch\u00f6nen Momenten auf dem \u00dcbungsplatz!<\/p>\n","protected":false},"author":2,"featured_media":0,"parent":61,"menu_order":182,"comment_status":"closed","ping_status":"closed","template":"","meta":{"ngg_post_thumbnail":0},"_links":{"self":[{"href":"https:\/\/www.hundeschule-happylife.ch\/index.php?rest_route=\/wp\/v2\/pages\/22583"}],"collection":[{"href":"https:\/\/www.hundeschule-happylife.ch\/index.php?rest_route=\/wp\/v2\/pages"}],"about":[{"href":"https:\/\/www.hundeschule-happylife.ch\/index.php?rest_route=\/wp\/v2\/types\/page"}],"author":[{"embeddable":true,"href":"https:\/\/www.hundeschule-happylife.ch\/index.php?rest_route=\/wp\/v2\/users\/2"}],"replies":[{"embeddable":true,"href":"https:\/\/www.hundeschule-happylife.ch\/index.php?rest_route=%2Fwp%2Fv2%2Fcomments&post=22583"}],"version-history":[{"count":2,"href":"https:\/\/www.hundeschule-happylife.ch\/index.php?rest_route=\/wp\/v2\/pages\/22583\/revisions"}],"predecessor-version":[{"id":22585,"href":"https:\/\/www.hundeschule-happylife.ch\/index.php?rest_route=\/wp\/v2\/pages\/22583\/revisions\/22585"}],"up":[{"embeddable":true,"href":"https:\/\/www.hundeschule-happylife.ch\/index.php?rest_route=\/wp\/v2\/pages\/61"}],"wp:attachment":[{"href":"https:\/\/www.hundeschule-happylife.ch\/index.php?rest_route=%2Fwp%2Fv2%2Fmedia&parent=22583"}],"curies":[{"name":"wp","href":"https:\/\/api.w.org\/{rel}","templated":true}]}}