{"id":21495,"date":"2023-11-15T09:19:57","date_gmt":"2023-11-15T09:19:57","guid":{"rendered":"http:\/\/www.hundeschule-happylife.ch\/?page_id=21495"},"modified":"2023-11-15T09:39:18","modified_gmt":"2023-11-15T09:39:18","slug":"nhb","status":"publish","type":"page","link":"https:\/\/www.hundeschule-happylife.ch\/?page_id=21495","title":{"rendered":"NHB"},"content":{"rendered":"\n<p class=\"has-medium-font-size\"><span class=\"has-inline-color has-vivid-red-color\">N<\/span><span class=\"has-inline-color has-cyan-bluish-gray-color\">ationales <\/span><\/p>\n\n\n\n<p class=\"has-medium-font-size\"><span class=\"has-inline-color has-vivid-red-color\">H<\/span><span class=\"has-inline-color has-cyan-bluish-gray-color\">undehalter<\/span><\/p>\n\n\n\n<p class=\"has-medium-font-size\"><span class=\"has-inline-color has-vivid-red-color\">B<\/span><span class=\"has-inline-color has-cyan-bluish-gray-color\">revet<\/span><\/p>\n\n\n\n<p class=\"has-cyan-bluish-gray-color has-text-color\">Seit dem 1. Januar 2023 ist im Kanton Luzern eine Hundehalterpr\u00fcfung obligatorisch:<\/p>\n\n\n\n<p class=\"has-cyan-bluish-gray-color has-text-color\">Diese Pr\u00fcfung gilt f\u00fcr alle Ersthundehalter\/innen und Hunde, welche aus dem Ausland importiert werden. Auch f\u00fcr Tiere aus dem Tierschutz oder aus dem Tierheim. <\/p>\n\n\n\n<p class=\"has-cyan-bluish-gray-color has-text-color\">Es gibt eine Theorie- und eine Praktische Pr\u00fcfung. Nur der praktische Teil muss absolviert werden.<\/p>\n\n\n\n<p class=\"has-cyan-bluish-gray-color has-text-color\">Das NHB muss innert 18 Monaten (nach Erwerbsdatum) absolviert werden, fr\u00fchestens aber im Alter von 12 Monaten.<\/p>\n\n\n\n<p class=\"has-cyan-bluish-gray-color has-text-color\">Es m\u00fcssen 18 von 24 Punkten erzielt werden. dann ist die Pr\u00fcfung bestanden.<\/p>\n\n\n\n<p class=\"has-cyan-bluish-gray-color has-text-color\">Wird die Pr\u00fcfung nicht bestanden, entscheidet das Veterin\u00e4ramt \u00fcber das weitere Vorgehen, resp. Besuch von weiteren Kursen etc. <\/p>\n\n\n\n<p class=\"has-cyan-bluish-gray-color has-text-color\">Wir bereiten Sie und Ihren Hund in unseren Kursen auf das NHB vor. ABER Sie k\u00f6nnen auch spezielle &#8222;NHB &#8211; Vorbereitungskurse&#8220; buchen, wo Sie intensiv auf die Pr\u00fcfung vorbereitet werden.<\/p>\n\n\n\n<p>.<\/p>\n\n\n\n<p class=\"has-cyan-bluish-gray-color has-text-color\">Wir arbeiten mit einer anerkannten Hundeschule zusammen, die wir Ihnen f\u00fcr dieses Vorgaben sehr empfehlen. Wenden Sie sich bitte an:<\/p>\n\n\n\n<p class=\"has-vivid-red-color has-text-color has-medium-font-size\"><strong>Alexandra H\u00fcsser<\/strong><\/p>\n\n\n\n<p class=\"has-cyan-bluish-gray-color has-text-color\">Hundeschule Hochdorf, Nunwilstrasse 40, 6280 Hochdorf, Tel. 078 717 75 78<\/p>\n\n\n\n<p class=\"has-vivid-cyan-blue-color has-text-color\"><a href=\"http:\/\/www.hundeschule-hochdorf.ch\">www.hundeschule-hochdorf.ch<\/a>    \/  hundeschule.hochdorf@gmx.ch<\/p>\n","protected":false},"excerpt":{"rendered":"<p>Nationales <\/p>\n<p>Hundehalter<\/p>\n<p>Brevet<\/p>\n<p>Seit dem 1. Januar 2023 ist im Kanton Luzern eine Hundehalterpr\u00fcfung obligatorisch:<\/p>\n<p>Diese Pr\u00fcfung gilt f\u00fcr alle Ersthundehalter\/innen und Hunde, welche aus dem Ausland importiert werden. Auch f\u00fcr Tiere aus dem Tierschutz oder aus dem Tierheim. <\/p>\n<p>Es gibt eine Theorie- und eine Praktische Pr\u00fcfung. Nur der praktische Teil muss absolviert werden.<\/p>\n<p>Das NHB muss innert 18 Monaten (nach Erwerbsdatum) absolviert werden, fr\u00fchestens aber im Alter von 12 Monaten.<\/p>\n<p>Es m\u00fcssen 18 von 24 Punkten erzielt werden. dann ist die Pr\u00fcfung bestanden.<\/p>\n<p>Wird die Pr\u00fcfung nicht bestanden, entscheidet das Veterin\u00e4ramt \u00fcber das weitere Vorgehen, &#8230;<\/p>\n","protected":false},"author":2,"featured_media":0,"parent":0,"menu_order":145,"comment_status":"closed","ping_status":"closed","template":"","meta":{"ngg_post_thumbnail":0},"_links":{"self":[{"href":"https:\/\/www.hundeschule-happylife.ch\/index.php?rest_route=\/wp\/v2\/pages\/21495"}],"collection":[{"href":"https:\/\/www.hundeschule-happylife.ch\/index.php?rest_route=\/wp\/v2\/pages"}],"about":[{"href":"https:\/\/www.hundeschule-happylife.ch\/index.php?rest_route=\/wp\/v2\/types\/page"}],"author":[{"embeddable":true,"href":"https:\/\/www.hundeschule-happylife.ch\/index.php?rest_route=\/wp\/v2\/users\/2"}],"replies":[{"embeddable":true,"href":"https:\/\/www.hundeschule-happylife.ch\/index.php?rest_route=%2Fwp%2Fv2%2Fcomments&post=21495"}],"version-history":[{"count":4,"href":"https:\/\/www.hundeschule-happylife.ch\/index.php?rest_route=\/wp\/v2\/pages\/21495\/revisions"}],"predecessor-version":[{"id":21499,"href":"https:\/\/www.hundeschule-happylife.ch\/index.php?rest_route=\/wp\/v2\/pages\/21495\/revisions\/21499"}],"wp:attachment":[{"href":"https:\/\/www.hundeschule-happylife.ch\/index.php?rest_route=%2Fwp%2Fv2%2Fmedia&parent=21495"}],"curies":[{"name":"wp","href":"https:\/\/api.w.org\/{rel}","templated":true}]}}