{"id":21,"date":"2010-05-02T11:09:46","date_gmt":"2010-05-02T11:09:46","guid":{"rendered":"http:\/\/www.hundeschule-happylife.ch\/?page_id=21"},"modified":"2019-01-19T16:43:07","modified_gmt":"2019-01-19T16:43:07","slug":"kurse","status":"publish","type":"page","link":"https:\/\/www.hundeschule-happylife.ch\/?page_id=21","title":{"rendered":"Kurse"},"content":{"rendered":"<p style=\"text-align: left;\"><!-- default-view.php -->\n<div\n\tclass=\"ngg-galleryoverview default-view  ngg-ajax-pagination-none\"\n\tid=\"ngg-gallery-01a354e7d5c28f044e9c435cb597c548-1\">\n\n\t\t<!-- Thumbnails -->\n\t\t\t\t<div id=\"ngg-image-0\" class=\"ngg-gallery-thumbnail-box \" >\n\t\t\t\t        <div class=\"ngg-gallery-thumbnail\">\n            <a href=\"https:\/\/www.hundeschule-happylife.ch\/wp-content\/gallery\/uebungsplatz-inwil\/003.jpg\"\n               title=\"H\u00e4gli f\u00fcr korrekte Positionen im BH Bereich\"\n               data-src=\"https:\/\/www.hundeschule-happylife.ch\/wp-content\/gallery\/uebungsplatz-inwil\/003.jpg\"\n               data-thumbnail=\"https:\/\/www.hundeschule-happylife.ch\/wp-content\/gallery\/uebungsplatz-inwil\/thumbs\/thumbs_003.jpg\"\n               data-image-id=\"67\"\n               data-title=\"003\"\n               data-description=\"H\u00e4gli f\u00fcr korrekte Positionen im BH Bereich\"\n               data-image-slug=\"003\"\n               class=\"ngg-fancybox\" rel=\"01a354e7d5c28f044e9c435cb597c548\">\n                <img\n                    title=\"003\"\n                    alt=\"003\"\n                    src=\"https:\/\/www.hundeschule-happylife.ch\/wp-content\/gallery\/uebungsplatz-inwil\/thumbs\/thumbs_003.jpg\"\n                    width=\"99\"\n                    height=\"75\"\n                    style=\"max-width:100%;\"\n                \/>\n            <\/a>\n        <\/div>\n\t\t\t\t\t\t\t<\/div> \n\t\t\t\n\t\t\t\t<div id=\"ngg-image-1\" class=\"ngg-gallery-thumbnail-box \" >\n\t\t\t\t        <div class=\"ngg-gallery-thumbnail\">\n            <a href=\"https:\/\/www.hundeschule-happylife.ch\/wp-content\/gallery\/uebungsplatz-inwil\/hagli-fur-korrekte-positionen-bh-i.jpg\"\n               title=\"H\u00e4gli f\u00fcr korrektes FUSS laufen im BH Bereic\"\n               data-src=\"https:\/\/www.hundeschule-happylife.ch\/wp-content\/gallery\/uebungsplatz-inwil\/hagli-fur-korrekte-positionen-bh-i.jpg\"\n               data-thumbnail=\"https:\/\/www.hundeschule-happylife.ch\/wp-content\/gallery\/uebungsplatz-inwil\/thumbs\/thumbs_hagli-fur-korrekte-positionen-bh-i.jpg\"\n               data-image-id=\"68\"\n               data-title=\"hagli-fur-korrekte-positionen-bh-i\"\n               data-description=\"H\u00e4gli f\u00fcr korrektes FUSS laufen im BH Bereic\"\n               data-image-slug=\"hagli-fur-korrekte-positionen-bh-i\"\n               class=\"ngg-fancybox\" rel=\"01a354e7d5c28f044e9c435cb597c548\">\n                <img\n                    title=\"hagli-fur-korrekte-positionen-bh-i\"\n                    alt=\"hagli-fur-korrekte-positionen-bh-i\"\n                    src=\"https:\/\/www.hundeschule-happylife.ch\/wp-content\/gallery\/uebungsplatz-inwil\/thumbs\/thumbs_hagli-fur-korrekte-positionen-bh-i.jpg\"\n                    width=\"99\"\n                    height=\"75\"\n                    style=\"max-width:100%;\"\n                \/>\n            <\/a>\n        <\/div>\n\t\t\t\t\t\t\t<\/div> \n\t\t\t\n\t\t\t\t<div id=\"ngg-image-2\" class=\"ngg-gallery-thumbnail-box \" >\n\t\t\t\t        <div class=\"ngg-gallery-thumbnail\">\n            <a href=\"https:\/\/www.hundeschule-happylife.ch\/wp-content\/gallery\/uebungsplatz-inwil\/neu-003.jpg\"\n               title=\"Der Platz f\u00fcr eine 3 S Lektion\"\n               data-src=\"https:\/\/www.hundeschule-happylife.ch\/wp-content\/gallery\/uebungsplatz-inwil\/neu-003.jpg\"\n               data-thumbnail=\"https:\/\/www.hundeschule-happylife.ch\/wp-content\/gallery\/uebungsplatz-inwil\/thumbs\/thumbs_neu-003.jpg\"\n               data-image-id=\"70\"\n               data-title=\"neu-003\"\n               data-description=\"Der Platz f\u00fcr eine 3 S Lektion\"\n               data-image-slug=\"neu-003\"\n               class=\"ngg-fancybox\" rel=\"01a354e7d5c28f044e9c435cb597c548\">\n                <img\n                    title=\"neu-003\"\n                    alt=\"neu-003\"\n                    src=\"https:\/\/www.hundeschule-happylife.ch\/wp-content\/gallery\/uebungsplatz-inwil\/thumbs\/thumbs_neu-003.jpg\"\n                    width=\"99\"\n                    height=\"75\"\n                    style=\"max-width:100%;\"\n                \/>\n            <\/a>\n        <\/div>\n\t\t\t\t\t\t\t<\/div> \n\t\t\t\n\t\t\t\t<div id=\"ngg-image-3\" class=\"ngg-gallery-thumbnail-box \" >\n\t\t\t\t        <div class=\"ngg-gallery-thumbnail\">\n            <a href=\"https:\/\/www.hundeschule-happylife.ch\/wp-content\/gallery\/uebungsplatz-inwil\/neu-023.jpg\"\n               title=\"Tunnel und Wippe stehen bereit\"\n               data-src=\"https:\/\/www.hundeschule-happylife.ch\/wp-content\/gallery\/uebungsplatz-inwil\/neu-023.jpg\"\n               data-thumbnail=\"https:\/\/www.hundeschule-happylife.ch\/wp-content\/gallery\/uebungsplatz-inwil\/thumbs\/thumbs_neu-023.jpg\"\n               data-image-id=\"71\"\n               data-title=\"neu-023\"\n               data-description=\"Tunnel und Wippe stehen bereit\"\n               data-image-slug=\"neu-023\"\n               class=\"ngg-fancybox\" rel=\"01a354e7d5c28f044e9c435cb597c548\">\n                <img\n                    title=\"neu-023\"\n                    alt=\"neu-023\"\n                    src=\"https:\/\/www.hundeschule-happylife.ch\/wp-content\/gallery\/uebungsplatz-inwil\/thumbs\/thumbs_neu-023.jpg\"\n                    width=\"100\"\n                    height=\"75\"\n                    style=\"max-width:100%;\"\n                \/>\n            <\/a>\n        <\/div>\n\t\t\t\t\t\t\t<\/div> \n\t\t\t\n\t\t\t\t<div id=\"ngg-image-4\" class=\"ngg-gallery-thumbnail-box \" >\n\t\t\t\t        <div class=\"ngg-gallery-thumbnail\">\n            <a href=\"https:\/\/www.hundeschule-happylife.ch\/wp-content\/gallery\/uebungsplatz-inwil\/platz-bereit-fur-mobility.jpg\"\n               title=\"Der Platz im Hochsommer f\u00fcr Mobility\"\n               data-src=\"https:\/\/www.hundeschule-happylife.ch\/wp-content\/gallery\/uebungsplatz-inwil\/platz-bereit-fur-mobility.jpg\"\n               data-thumbnail=\"https:\/\/www.hundeschule-happylife.ch\/wp-content\/gallery\/uebungsplatz-inwil\/thumbs\/thumbs_platz-bereit-fur-mobility.jpg\"\n               data-image-id=\"72\"\n               data-title=\"platz-bereit-fur-mobility\"\n               data-description=\"Der Platz im Hochsommer f\u00fcr Mobility\"\n               data-image-slug=\"platz-bereit-fur-mobility\"\n               class=\"ngg-fancybox\" rel=\"01a354e7d5c28f044e9c435cb597c548\">\n                <img\n                    title=\"platz-bereit-fur-mobility\"\n                    alt=\"platz-bereit-fur-mobility\"\n                    src=\"https:\/\/www.hundeschule-happylife.ch\/wp-content\/gallery\/uebungsplatz-inwil\/thumbs\/thumbs_platz-bereit-fur-mobility.jpg\"\n                    width=\"99\"\n                    height=\"75\"\n                    style=\"max-width:100%;\"\n                \/>\n            <\/a>\n        <\/div>\n\t\t\t\t\t\t\t<\/div> \n\t\t\t\n\t\t\t\t<div id=\"ngg-image-5\" class=\"ngg-gallery-thumbnail-box \" >\n\t\t\t\t        <div class=\"ngg-gallery-thumbnail\">\n            <a href=\"https:\/\/www.hundeschule-happylife.ch\/wp-content\/gallery\/uebungsplatz-inwil\/platz-fur-3-s-gruppe-bereit.jpg\"\n               title=\"\"\n               data-src=\"https:\/\/www.hundeschule-happylife.ch\/wp-content\/gallery\/uebungsplatz-inwil\/platz-fur-3-s-gruppe-bereit.jpg\"\n               data-thumbnail=\"https:\/\/www.hundeschule-happylife.ch\/wp-content\/gallery\/uebungsplatz-inwil\/thumbs\/thumbs_platz-fur-3-s-gruppe-bereit.jpg\"\n               data-image-id=\"73\"\n               data-title=\"platz-fur-3-s-gruppe-bereit\"\n               data-description=\"\"\n               data-image-slug=\"platz-fur-3-s-gruppe-bereit\"\n               class=\"ngg-fancybox\" rel=\"01a354e7d5c28f044e9c435cb597c548\">\n                <img\n                    title=\"platz-fur-3-s-gruppe-bereit\"\n                    alt=\"platz-fur-3-s-gruppe-bereit\"\n                    src=\"https:\/\/www.hundeschule-happylife.ch\/wp-content\/gallery\/uebungsplatz-inwil\/thumbs\/thumbs_platz-fur-3-s-gruppe-bereit.jpg\"\n                    width=\"99\"\n                    height=\"75\"\n                    style=\"max-width:100%;\"\n                \/>\n            <\/a>\n        <\/div>\n\t\t\t\t\t\t\t<\/div> \n\t\t\t\n\t\t\t\t<div id=\"ngg-image-6\" class=\"ngg-gallery-thumbnail-box \" >\n\t\t\t\t        <div class=\"ngg-gallery-thumbnail\">\n            <a href=\"https:\/\/www.hundeschule-happylife.ch\/wp-content\/gallery\/uebungsplatz-inwil\/sprung-kombination.jpg\"\n               title=\"4 Spruenge als Kombination stehen zur Verfuegung\"\n               data-src=\"https:\/\/www.hundeschule-happylife.ch\/wp-content\/gallery\/uebungsplatz-inwil\/sprung-kombination.jpg\"\n               data-thumbnail=\"https:\/\/www.hundeschule-happylife.ch\/wp-content\/gallery\/uebungsplatz-inwil\/thumbs\/thumbs_sprung-kombination.jpg\"\n               data-image-id=\"74\"\n               data-title=\"sprung-kombination\"\n               data-description=\"4 Spruenge als Kombination stehen zur Verfuegung\"\n               data-image-slug=\"sprung-kombination\"\n               class=\"ngg-fancybox\" rel=\"01a354e7d5c28f044e9c435cb597c548\">\n                <img\n                    title=\"sprung-kombination\"\n                    alt=\"sprung-kombination\"\n                    src=\"https:\/\/www.hundeschule-happylife.ch\/wp-content\/gallery\/uebungsplatz-inwil\/thumbs\/thumbs_sprung-kombination.jpg\"\n                    width=\"99\"\n                    height=\"75\"\n                    style=\"max-width:100%;\"\n                \/>\n            <\/a>\n        <\/div>\n\t\t\t\t\t\t\t<\/div> \n\t\t\t\n\t\t\t\t<div id=\"ngg-image-7\" class=\"ngg-gallery-thumbnail-box \" >\n\t\t\t\t        <div class=\"ngg-gallery-thumbnail\">\n            <a href=\"https:\/\/www.hundeschule-happylife.ch\/wp-content\/gallery\/uebungsplatz-inwil\/tunnel.jpg\"\n               title=\"Tunnel, leicht gebogen\"\n               data-src=\"https:\/\/www.hundeschule-happylife.ch\/wp-content\/gallery\/uebungsplatz-inwil\/tunnel.jpg\"\n               data-thumbnail=\"https:\/\/www.hundeschule-happylife.ch\/wp-content\/gallery\/uebungsplatz-inwil\/thumbs\/thumbs_tunnel.jpg\"\n               data-image-id=\"75\"\n               data-title=\"tunnel\"\n               data-description=\"Tunnel, leicht gebogen\"\n               data-image-slug=\"tunnel\"\n               class=\"ngg-fancybox\" rel=\"01a354e7d5c28f044e9c435cb597c548\">\n                <img\n                    title=\"tunnel\"\n                    alt=\"tunnel\"\n                    src=\"https:\/\/www.hundeschule-happylife.ch\/wp-content\/gallery\/uebungsplatz-inwil\/thumbs\/thumbs_tunnel.jpg\"\n                    width=\"99\"\n                    height=\"75\"\n                    style=\"max-width:100%;\"\n                \/>\n            <\/a>\n        <\/div>\n\t\t\t\t\t\t\t<\/div> \n\t\t\t\n\t\t\t\t<div id=\"ngg-image-8\" class=\"ngg-gallery-thumbnail-box \" >\n\t\t\t\t        <div class=\"ngg-gallery-thumbnail\">\n            <a href=\"https:\/\/www.hundeschule-happylife.ch\/wp-content\/gallery\/uebungsplatz-inwil\/wageli-2.jpg\"\n               title=\"W\u00e4geli fahren im Mobility\"\n               data-src=\"https:\/\/www.hundeschule-happylife.ch\/wp-content\/gallery\/uebungsplatz-inwil\/wageli-2.jpg\"\n               data-thumbnail=\"https:\/\/www.hundeschule-happylife.ch\/wp-content\/gallery\/uebungsplatz-inwil\/thumbs\/thumbs_wageli-2.jpg\"\n               data-image-id=\"76\"\n               data-title=\"wageli-2\"\n               data-description=\"W\u00e4geli fahren im Mobility\"\n               data-image-slug=\"wageli-2\"\n               class=\"ngg-fancybox\" rel=\"01a354e7d5c28f044e9c435cb597c548\">\n                <img\n                    title=\"wageli-2\"\n                    alt=\"wageli-2\"\n                    src=\"https:\/\/www.hundeschule-happylife.ch\/wp-content\/gallery\/uebungsplatz-inwil\/thumbs\/thumbs_wageli-2.jpg\"\n                    width=\"99\"\n                    height=\"75\"\n                    style=\"max-width:100%;\"\n                \/>\n            <\/a>\n        <\/div>\n\t\t\t\t\t\t\t<\/div> \n\t\t\t\n\t\t\t\t<div id=\"ngg-image-9\" class=\"ngg-gallery-thumbnail-box \" >\n\t\t\t\t        <div class=\"ngg-gallery-thumbnail\">\n            <a href=\"https:\/\/www.hundeschule-happylife.ch\/wp-content\/gallery\/uebungsplatz-inwil\/wippe.jpg\"\n               title=\"Die Wippe - eine grosse Herausforderung\"\n               data-src=\"https:\/\/www.hundeschule-happylife.ch\/wp-content\/gallery\/uebungsplatz-inwil\/wippe.jpg\"\n               data-thumbnail=\"https:\/\/www.hundeschule-happylife.ch\/wp-content\/gallery\/uebungsplatz-inwil\/thumbs\/thumbs_wippe.jpg\"\n               data-image-id=\"77\"\n               data-title=\"wippe\"\n               data-description=\"Die Wippe - eine grosse Herausforderung\"\n               data-image-slug=\"wippe\"\n               class=\"ngg-fancybox\" rel=\"01a354e7d5c28f044e9c435cb597c548\">\n                <img\n                    title=\"wippe\"\n                    alt=\"wippe\"\n                    src=\"https:\/\/www.hundeschule-happylife.ch\/wp-content\/gallery\/uebungsplatz-inwil\/thumbs\/thumbs_wippe.jpg\"\n                    width=\"99\"\n                    height=\"75\"\n                    style=\"max-width:100%;\"\n                \/>\n            <\/a>\n        <\/div>\n\t\t\t\t\t\t\t<\/div> \n\t\t\t\n\t\n\t<br style=\"clear: both\" \/>\n\n\t\n\t\t<!-- Pagination -->\n\t<div class='ngg-clear'><\/div>\t<\/div>\n<span style=\"color: #888888;\">Unser \u00dcbungsplatz ist in Inwil. Mit dem Auto bequem erreichbar.<\/span><\/p>\n<p><small><a style=\"color: #0000ff; text-align: left;\" href=\"http:\/\/www.google.ch\/maps\/ms?ie=UTF8&amp;hl=de&amp;t=h&amp;msa=0&amp;msid=103793653318058197893.00048c854033989fbaec5&amp;ll=47.133104,8.366604&amp;spn=0.043092,0.096645&amp;z=13&amp;iwloc=00048c8540354c05016f1&amp;source=embed\">\u00dcbungsplatz Hundeschule-Happylife<\/a> <span style=\"color: #888888;\">auf einer gr\u00f6\u00dferen Karte anzeigen<\/span><\/small><\/p>\n<p style=\"text-align: left;\"><span style=\"color: #888888;\">Folgende Kurse bieten wir an:<\/span><\/p>\n<p>&nbsp;<\/p>\n<p><span style=\"color: #888888;\">Welpenpr\u00e4gungsstunden <\/span><\/p>\n<p><span style=\"color: #888888;\">ABC (Aufmerksamkeit &#8211; Bindung &#8211; Cleverness)<\/span><\/p>\n<p><span style=\"color: #808080;\">1 x 1 f\u00fcr Junioren<\/span><\/p>\n<p><span style=\"color: #888888;\">3S Beginner&#8217;s (Spiel &#8211; Spass &#8211; Sport als Einf\u00fchrung!)<\/span><\/p>\n<p><span style=\"color: #888888;\">3S (Spiel &#8211; Spass &#8211; Sport)<\/span><span style=\"color: #888888;\"><br \/>\n<\/span><\/p>\n<p><span style=\"color: #888888;\">NADAC<\/span><\/p>\n<p><span style=\"color: #808080;\">Sport und Fun Gruppe<\/span><\/p>\n<p><span style=\"color: #808080;\">Kleingruppen<\/span><\/p>\n<p><span style=\"color: #888888;\">Workshop: Mobility, Topility u.v.m.<\/span><\/p>\n<p><span style=\"color: #888888;\">Einzelstunden<\/span><\/p>\n<p><span style=\"color: #888888;\"><br \/>\n<\/span><\/p>\n<p><span style=\"color: #00ff00;\">Falls Sie mal\u00a0 bei einem Training nicht dabei sein k\u00f6nnen &#8211; oder Sie uns sonst dringend erreichen m\u00f6chten:<\/span><\/p>\n<p><span style=\"color: #00ff00;\">Natel Pia Gijseman ist praktisch immer in Betrieb: 079 632 27 58<\/span><\/p>\n","protected":false},"excerpt":{"rendered":"<p>Unser \u00dcbungsplatz ist in Inwil. Mit dem Auto bequem erreichbar.<br \/>\n\u00dcbungsplatz Hundeschule-Happylife auf einer gr\u00f6\u00dferen Karte anzeigen<br \/>\nFolgende Kurse bieten wir an:<br \/>\n&nbsp;<br \/>\nWelpenpr\u00e4gungsstunden<br \/>\nABC (Aufmerksamkeit &#8211; Bindung &#8211; Cleverness)<br \/>\n1 x 1 f\u00fcr Junioren<br \/>\n3S Beginner&#8217;s (Spiel &#8211; Spass &#8211; Sport als Einf\u00fchrung!)<br \/>\n3S (Spiel &#8211; Spass &#8211; Sport)<\/p>\n<p>NADAC<br \/>\nSport und Fun Gruppe<br \/>\nKleingruppen<br \/>\nWorkshop: Mobility, Topility u.v.m.<br \/>\nEinzelstunden<\/p>\n<p>Falls Sie mal\u00a0 bei einem Training nicht dabei sein k\u00f6nnen &#8211; oder Sie uns sonst dringend erreichen m\u00f6chten:<br \/>\nNatel Pia Gijseman ist praktisch immer in Betrieb: 079 632 27 58<\/p>\n","protected":false},"author":1,"featured_media":0,"parent":0,"menu_order":50,"comment_status":"closed","ping_status":"closed","template":"","meta":{"ngg_post_thumbnail":0},"_links":{"self":[{"href":"https:\/\/www.hundeschule-happylife.ch\/index.php?rest_route=\/wp\/v2\/pages\/21"}],"collection":[{"href":"https:\/\/www.hundeschule-happylife.ch\/index.php?rest_route=\/wp\/v2\/pages"}],"about":[{"href":"https:\/\/www.hundeschule-happylife.ch\/index.php?rest_route=\/wp\/v2\/types\/page"}],"author":[{"embeddable":true,"href":"https:\/\/www.hundeschule-happylife.ch\/index.php?rest_route=\/wp\/v2\/users\/1"}],"replies":[{"embeddable":true,"href":"https:\/\/www.hundeschule-happylife.ch\/index.php?rest_route=%2Fwp%2Fv2%2Fcomments&post=21"}],"version-history":[{"count":57,"href":"https:\/\/www.hundeschule-happylife.ch\/index.php?rest_route=\/wp\/v2\/pages\/21\/revisions"}],"predecessor-version":[{"id":6010,"href":"https:\/\/www.hundeschule-happylife.ch\/index.php?rest_route=\/wp\/v2\/pages\/21\/revisions\/6010"}],"wp:attachment":[{"href":"https:\/\/www.hundeschule-happylife.ch\/index.php?rest_route=%2Fwp%2Fv2%2Fmedia&parent=21"}],"curies":[{"name":"wp","href":"https:\/\/api.w.org\/{rel}","templated":true}]}}