{"id":2074,"date":"2013-01-02T17:26:29","date_gmt":"2013-01-02T17:26:29","guid":{"rendered":"http:\/\/www.hundeschule-happylife.ch\/?page_id=2074"},"modified":"2013-01-02T17:27:48","modified_gmt":"2013-01-02T17:27:48","slug":"2011-2","status":"publish","type":"page","link":"https:\/\/www.hundeschule-happylife.ch\/?page_id=2074","title":{"rendered":"2011"},"content":{"rendered":"<p><span style=\"color: #888888;\">Einen R\u00fcckblick auf unser Jahr 2011! Ein sch\u00f6nes interessantes Jahr. Viele durften wir WIEDER bei uns begr\u00fcssen &#8211; und dann kamen auch NEUE Teams dazu. Unser Kursprogramm hat sich ausgedehnt &#8211; gewisse Event&#8217;s sind bereits zur kleinen Tradition geworden. Viel Spass beim R\u00fcckblick ins 2011!<\/span><\/p>\n<p><span style=\"color: #888888;\"><!-- default-view.php -->\n<div\n\tclass=\"ngg-galleryoverview default-view  ngg-ajax-pagination-none\"\n\tid=\"ngg-gallery-177b1d8f2ecdbbd4d26c273d5d18cf9f-1\">\n\n\t\t<!-- Thumbnails -->\n\t\t\t\t<div id=\"ngg-image-0\" class=\"ngg-gallery-thumbnail-box \" >\n\t\t\t\t        <div class=\"ngg-gallery-thumbnail\">\n            <a href=\"https:\/\/www.hundeschule-happylife.ch\/wp-content\/gallery\/2011\/1-5-2011-019.jpg\"\n               title=\"\"\n               data-src=\"https:\/\/www.hundeschule-happylife.ch\/wp-content\/gallery\/2011\/1-5-2011-019.jpg\"\n               data-thumbnail=\"https:\/\/www.hundeschule-happylife.ch\/wp-content\/gallery\/2011\/thumbs\/thumbs_1-5-2011-019.jpg\"\n               data-image-id=\"6666\"\n               data-title=\"1-5-2011-019\"\n               data-description=\"\"\n               data-image-slug=\"1-5-2011-019\"\n               class=\"ngg-fancybox\" rel=\"177b1d8f2ecdbbd4d26c273d5d18cf9f\">\n                <img\n                    title=\"1-5-2011-019\"\n                    alt=\"1-5-2011-019\"\n                    src=\"https:\/\/www.hundeschule-happylife.ch\/wp-content\/gallery\/2011\/thumbs\/thumbs_1-5-2011-019.jpg\"\n                    width=\"100\"\n                    height=\"75\"\n                    style=\"max-width:100%;\"\n                \/>\n            <\/a>\n        <\/div>\n\t\t\t\t\t\t\t<\/div> \n\t\t\t\n\t\t\t\t<div id=\"ngg-image-1\" class=\"ngg-gallery-thumbnail-box \" >\n\t\t\t\t        <div class=\"ngg-gallery-thumbnail\">\n            <a href=\"https:\/\/www.hundeschule-happylife.ch\/wp-content\/gallery\/2011\/10-12-2011-010.jpg\"\n               title=\"\"\n               data-src=\"https:\/\/www.hundeschule-happylife.ch\/wp-content\/gallery\/2011\/10-12-2011-010.jpg\"\n               data-thumbnail=\"https:\/\/www.hundeschule-happylife.ch\/wp-content\/gallery\/2011\/thumbs\/thumbs_10-12-2011-010.jpg\"\n               data-image-id=\"6667\"\n               data-title=\"10-12-2011-010\"\n               data-description=\"\"\n               data-image-slug=\"10-12-2011-010\"\n               class=\"ngg-fancybox\" rel=\"177b1d8f2ecdbbd4d26c273d5d18cf9f\">\n                <img\n                    title=\"10-12-2011-010\"\n                    alt=\"10-12-2011-010\"\n                    src=\"https:\/\/www.hundeschule-happylife.ch\/wp-content\/gallery\/2011\/thumbs\/thumbs_10-12-2011-010.jpg\"\n                    width=\"100\"\n                    height=\"75\"\n                    style=\"max-width:100%;\"\n                \/>\n            <\/a>\n        <\/div>\n\t\t\t\t\t\t\t<\/div> \n\t\t\t\n\t\t\t\t<div id=\"ngg-image-2\" class=\"ngg-gallery-thumbnail-box \" >\n\t\t\t\t        <div class=\"ngg-gallery-thumbnail\">\n            <a href=\"https:\/\/www.hundeschule-happylife.ch\/wp-content\/gallery\/2011\/10-12-2011-020.jpg\"\n               title=\"\"\n               data-src=\"https:\/\/www.hundeschule-happylife.ch\/wp-content\/gallery\/2011\/10-12-2011-020.jpg\"\n               data-thumbnail=\"https:\/\/www.hundeschule-happylife.ch\/wp-content\/gallery\/2011\/thumbs\/thumbs_10-12-2011-020.jpg\"\n               data-image-id=\"6668\"\n               data-title=\"10-12-2011-020\"\n               data-description=\"\"\n               data-image-slug=\"10-12-2011-020\"\n               class=\"ngg-fancybox\" rel=\"177b1d8f2ecdbbd4d26c273d5d18cf9f\">\n                <img\n                    title=\"10-12-2011-020\"\n                    alt=\"10-12-2011-020\"\n                    src=\"https:\/\/www.hundeschule-happylife.ch\/wp-content\/gallery\/2011\/thumbs\/thumbs_10-12-2011-020.jpg\"\n                    width=\"100\"\n                    height=\"75\"\n                    style=\"max-width:100%;\"\n                \/>\n            <\/a>\n        <\/div>\n\t\t\t\t\t\t\t<\/div> \n\t\t\t\n\t\t\t\t<div id=\"ngg-image-3\" class=\"ngg-gallery-thumbnail-box \" >\n\t\t\t\t        <div class=\"ngg-gallery-thumbnail\">\n            <a href=\"https:\/\/www.hundeschule-happylife.ch\/wp-content\/gallery\/2011\/10-12-2011-037.jpg\"\n               title=\"\"\n               data-src=\"https:\/\/www.hundeschule-happylife.ch\/wp-content\/gallery\/2011\/10-12-2011-037.jpg\"\n               data-thumbnail=\"https:\/\/www.hundeschule-happylife.ch\/wp-content\/gallery\/2011\/thumbs\/thumbs_10-12-2011-037.jpg\"\n               data-image-id=\"6669\"\n               data-title=\"10-12-2011-037\"\n               data-description=\"\"\n               data-image-slug=\"10-12-2011-037\"\n               class=\"ngg-fancybox\" rel=\"177b1d8f2ecdbbd4d26c273d5d18cf9f\">\n                <img\n                    title=\"10-12-2011-037\"\n                    alt=\"10-12-2011-037\"\n                    src=\"https:\/\/www.hundeschule-happylife.ch\/wp-content\/gallery\/2011\/thumbs\/thumbs_10-12-2011-037.jpg\"\n                    width=\"100\"\n                    height=\"75\"\n                    style=\"max-width:100%;\"\n                \/>\n            <\/a>\n        <\/div>\n\t\t\t\t\t\t\t<\/div> \n\t\t\t\n\t\t\t\t<div id=\"ngg-image-4\" class=\"ngg-gallery-thumbnail-box \" >\n\t\t\t\t        <div class=\"ngg-gallery-thumbnail\">\n            <a href=\"https:\/\/www.hundeschule-happylife.ch\/wp-content\/gallery\/2011\/10-12-2011-103.jpg\"\n               title=\"\"\n               data-src=\"https:\/\/www.hundeschule-happylife.ch\/wp-content\/gallery\/2011\/10-12-2011-103.jpg\"\n               data-thumbnail=\"https:\/\/www.hundeschule-happylife.ch\/wp-content\/gallery\/2011\/thumbs\/thumbs_10-12-2011-103.jpg\"\n               data-image-id=\"6670\"\n               data-title=\"10-12-2011-103\"\n               data-description=\"\"\n               data-image-slug=\"10-12-2011-103\"\n               class=\"ngg-fancybox\" rel=\"177b1d8f2ecdbbd4d26c273d5d18cf9f\">\n                <img\n                    title=\"10-12-2011-103\"\n                    alt=\"10-12-2011-103\"\n                    src=\"https:\/\/www.hundeschule-happylife.ch\/wp-content\/gallery\/2011\/thumbs\/thumbs_10-12-2011-103.jpg\"\n                    width=\"100\"\n                    height=\"75\"\n                    style=\"max-width:100%;\"\n                \/>\n            <\/a>\n        <\/div>\n\t\t\t\t\t\t\t<\/div> \n\t\t\t\n\t\t\t\t<div id=\"ngg-image-5\" class=\"ngg-gallery-thumbnail-box \" >\n\t\t\t\t        <div class=\"ngg-gallery-thumbnail\">\n            <a href=\"https:\/\/www.hundeschule-happylife.ch\/wp-content\/gallery\/2011\/10-12-2011-107.jpg\"\n               title=\"\"\n               data-src=\"https:\/\/www.hundeschule-happylife.ch\/wp-content\/gallery\/2011\/10-12-2011-107.jpg\"\n               data-thumbnail=\"https:\/\/www.hundeschule-happylife.ch\/wp-content\/gallery\/2011\/thumbs\/thumbs_10-12-2011-107.jpg\"\n               data-image-id=\"6671\"\n               data-title=\"10-12-2011-107\"\n               data-description=\"\"\n               data-image-slug=\"10-12-2011-107\"\n               class=\"ngg-fancybox\" rel=\"177b1d8f2ecdbbd4d26c273d5d18cf9f\">\n                <img\n                    title=\"10-12-2011-107\"\n                    alt=\"10-12-2011-107\"\n                    src=\"https:\/\/www.hundeschule-happylife.ch\/wp-content\/gallery\/2011\/thumbs\/thumbs_10-12-2011-107.jpg\"\n                    width=\"100\"\n                    height=\"75\"\n                    style=\"max-width:100%;\"\n                \/>\n            <\/a>\n        <\/div>\n\t\t\t\t\t\t\t<\/div> \n\t\t\t\n\t\t\t\t<div id=\"ngg-image-6\" class=\"ngg-gallery-thumbnail-box \" >\n\t\t\t\t        <div class=\"ngg-gallery-thumbnail\">\n            <a href=\"https:\/\/www.hundeschule-happylife.ch\/wp-content\/gallery\/2011\/10-12-2011-129.jpg\"\n               title=\"\"\n               data-src=\"https:\/\/www.hundeschule-happylife.ch\/wp-content\/gallery\/2011\/10-12-2011-129.jpg\"\n               data-thumbnail=\"https:\/\/www.hundeschule-happylife.ch\/wp-content\/gallery\/2011\/thumbs\/thumbs_10-12-2011-129.jpg\"\n               data-image-id=\"6672\"\n               data-title=\"10-12-2011-129\"\n               data-description=\"\"\n               data-image-slug=\"10-12-2011-129\"\n               class=\"ngg-fancybox\" rel=\"177b1d8f2ecdbbd4d26c273d5d18cf9f\">\n                <img\n                    title=\"10-12-2011-129\"\n                    alt=\"10-12-2011-129\"\n                    src=\"https:\/\/www.hundeschule-happylife.ch\/wp-content\/gallery\/2011\/thumbs\/thumbs_10-12-2011-129.jpg\"\n                    width=\"100\"\n                    height=\"75\"\n                    style=\"max-width:100%;\"\n                \/>\n            <\/a>\n        <\/div>\n\t\t\t\t\t\t\t<\/div> \n\t\t\t\n\t\t\t\t<div id=\"ngg-image-7\" class=\"ngg-gallery-thumbnail-box \" >\n\t\t\t\t        <div class=\"ngg-gallery-thumbnail\">\n            <a href=\"https:\/\/www.hundeschule-happylife.ch\/wp-content\/gallery\/2011\/10-12-2011-134.jpg\"\n               title=\"\"\n               data-src=\"https:\/\/www.hundeschule-happylife.ch\/wp-content\/gallery\/2011\/10-12-2011-134.jpg\"\n               data-thumbnail=\"https:\/\/www.hundeschule-happylife.ch\/wp-content\/gallery\/2011\/thumbs\/thumbs_10-12-2011-134.jpg\"\n               data-image-id=\"6673\"\n               data-title=\"10-12-2011-134\"\n               data-description=\"\"\n               data-image-slug=\"10-12-2011-134\"\n               class=\"ngg-fancybox\" rel=\"177b1d8f2ecdbbd4d26c273d5d18cf9f\">\n                <img\n                    title=\"10-12-2011-134\"\n                    alt=\"10-12-2011-134\"\n                    src=\"https:\/\/www.hundeschule-happylife.ch\/wp-content\/gallery\/2011\/thumbs\/thumbs_10-12-2011-134.jpg\"\n                    width=\"100\"\n                    height=\"75\"\n                    style=\"max-width:100%;\"\n                \/>\n            <\/a>\n        <\/div>\n\t\t\t\t\t\t\t<\/div> \n\t\t\t\n\t\t\t\t<div id=\"ngg-image-8\" class=\"ngg-gallery-thumbnail-box \" >\n\t\t\t\t        <div class=\"ngg-gallery-thumbnail\">\n            <a href=\"https:\/\/www.hundeschule-happylife.ch\/wp-content\/gallery\/2011\/10-9-11-035.jpg\"\n               title=\"\"\n               data-src=\"https:\/\/www.hundeschule-happylife.ch\/wp-content\/gallery\/2011\/10-9-11-035.jpg\"\n               data-thumbnail=\"https:\/\/www.hundeschule-happylife.ch\/wp-content\/gallery\/2011\/thumbs\/thumbs_10-9-11-035.jpg\"\n               data-image-id=\"6674\"\n               data-title=\"10-9-11-035\"\n               data-description=\"\"\n               data-image-slug=\"10-9-11-035\"\n               class=\"ngg-fancybox\" rel=\"177b1d8f2ecdbbd4d26c273d5d18cf9f\">\n                <img\n                    title=\"10-9-11-035\"\n                    alt=\"10-9-11-035\"\n                    src=\"https:\/\/www.hundeschule-happylife.ch\/wp-content\/gallery\/2011\/thumbs\/thumbs_10-9-11-035.jpg\"\n                    width=\"100\"\n                    height=\"75\"\n                    style=\"max-width:100%;\"\n                \/>\n            <\/a>\n        <\/div>\n\t\t\t\t\t\t\t<\/div> \n\t\t\t\n\t\t\t\t<div id=\"ngg-image-9\" class=\"ngg-gallery-thumbnail-box \" >\n\t\t\t\t        <div class=\"ngg-gallery-thumbnail\">\n            <a href=\"https:\/\/www.hundeschule-happylife.ch\/wp-content\/gallery\/2011\/10-9-11-083.jpg\"\n               title=\"\"\n               data-src=\"https:\/\/www.hundeschule-happylife.ch\/wp-content\/gallery\/2011\/10-9-11-083.jpg\"\n               data-thumbnail=\"https:\/\/www.hundeschule-happylife.ch\/wp-content\/gallery\/2011\/thumbs\/thumbs_10-9-11-083.jpg\"\n               data-image-id=\"6675\"\n               data-title=\"10-9-11-083\"\n               data-description=\"\"\n               data-image-slug=\"10-9-11-083\"\n               class=\"ngg-fancybox\" rel=\"177b1d8f2ecdbbd4d26c273d5d18cf9f\">\n                <img\n                    title=\"10-9-11-083\"\n                    alt=\"10-9-11-083\"\n                    src=\"https:\/\/www.hundeschule-happylife.ch\/wp-content\/gallery\/2011\/thumbs\/thumbs_10-9-11-083.jpg\"\n                    width=\"100\"\n                    height=\"75\"\n                    style=\"max-width:100%;\"\n                \/>\n            <\/a>\n        <\/div>\n\t\t\t\t\t\t\t<\/div> \n\t\t\t\n\t\t\t\t<div id=\"ngg-image-10\" class=\"ngg-gallery-thumbnail-box \" >\n\t\t\t\t        <div class=\"ngg-gallery-thumbnail\">\n            <a href=\"https:\/\/www.hundeschule-happylife.ch\/wp-content\/gallery\/2011\/11-4-2011-041.jpg\"\n               title=\"\"\n               data-src=\"https:\/\/www.hundeschule-happylife.ch\/wp-content\/gallery\/2011\/11-4-2011-041.jpg\"\n               data-thumbnail=\"https:\/\/www.hundeschule-happylife.ch\/wp-content\/gallery\/2011\/thumbs\/thumbs_11-4-2011-041.jpg\"\n               data-image-id=\"6676\"\n               data-title=\"11-4-2011-041\"\n               data-description=\"\"\n               data-image-slug=\"11-4-2011-041\"\n               class=\"ngg-fancybox\" rel=\"177b1d8f2ecdbbd4d26c273d5d18cf9f\">\n                <img\n                    title=\"11-4-2011-041\"\n                    alt=\"11-4-2011-041\"\n                    src=\"https:\/\/www.hundeschule-happylife.ch\/wp-content\/gallery\/2011\/thumbs\/thumbs_11-4-2011-041.jpg\"\n                    width=\"100\"\n                    height=\"75\"\n                    style=\"max-width:100%;\"\n                \/>\n            <\/a>\n        <\/div>\n\t\t\t\t\t\t\t<\/div> \n\t\t\t\n\t\t\t\t<div id=\"ngg-image-11\" class=\"ngg-gallery-thumbnail-box \" >\n\t\t\t\t        <div class=\"ngg-gallery-thumbnail\">\n            <a href=\"https:\/\/www.hundeschule-happylife.ch\/wp-content\/gallery\/2011\/15-1-2011-024.jpg\"\n               title=\"\"\n               data-src=\"https:\/\/www.hundeschule-happylife.ch\/wp-content\/gallery\/2011\/15-1-2011-024.jpg\"\n               data-thumbnail=\"https:\/\/www.hundeschule-happylife.ch\/wp-content\/gallery\/2011\/thumbs\/thumbs_15-1-2011-024.jpg\"\n               data-image-id=\"6677\"\n               data-title=\"15-1-2011-024\"\n               data-description=\"\"\n               data-image-slug=\"15-1-2011-024\"\n               class=\"ngg-fancybox\" rel=\"177b1d8f2ecdbbd4d26c273d5d18cf9f\">\n                <img\n                    title=\"15-1-2011-024\"\n                    alt=\"15-1-2011-024\"\n                    src=\"https:\/\/www.hundeschule-happylife.ch\/wp-content\/gallery\/2011\/thumbs\/thumbs_15-1-2011-024.jpg\"\n                    width=\"100\"\n                    height=\"75\"\n                    style=\"max-width:100%;\"\n                \/>\n            <\/a>\n        <\/div>\n\t\t\t\t\t\t\t<\/div> \n\t\t\t\n\t\t\t\t<div id=\"ngg-image-12\" class=\"ngg-gallery-thumbnail-box \" >\n\t\t\t\t        <div class=\"ngg-gallery-thumbnail\">\n            <a href=\"https:\/\/www.hundeschule-happylife.ch\/wp-content\/gallery\/2011\/15-1-2011-043.jpg\"\n               title=\"\"\n               data-src=\"https:\/\/www.hundeschule-happylife.ch\/wp-content\/gallery\/2011\/15-1-2011-043.jpg\"\n               data-thumbnail=\"https:\/\/www.hundeschule-happylife.ch\/wp-content\/gallery\/2011\/thumbs\/thumbs_15-1-2011-043.jpg\"\n               data-image-id=\"6678\"\n               data-title=\"15-1-2011-043\"\n               data-description=\"\"\n               data-image-slug=\"15-1-2011-043\"\n               class=\"ngg-fancybox\" rel=\"177b1d8f2ecdbbd4d26c273d5d18cf9f\">\n                <img\n                    title=\"15-1-2011-043\"\n                    alt=\"15-1-2011-043\"\n                    src=\"https:\/\/www.hundeschule-happylife.ch\/wp-content\/gallery\/2011\/thumbs\/thumbs_15-1-2011-043.jpg\"\n                    width=\"100\"\n                    height=\"75\"\n                    style=\"max-width:100%;\"\n                \/>\n            <\/a>\n        <\/div>\n\t\t\t\t\t\t\t<\/div> \n\t\t\t\n\t\t\t\t<div id=\"ngg-image-13\" class=\"ngg-gallery-thumbnail-box \" >\n\t\t\t\t        <div class=\"ngg-gallery-thumbnail\">\n            <a href=\"https:\/\/www.hundeschule-happylife.ch\/wp-content\/gallery\/2011\/16-4-2011-083.jpg\"\n               title=\"\"\n               data-src=\"https:\/\/www.hundeschule-happylife.ch\/wp-content\/gallery\/2011\/16-4-2011-083.jpg\"\n               data-thumbnail=\"https:\/\/www.hundeschule-happylife.ch\/wp-content\/gallery\/2011\/thumbs\/thumbs_16-4-2011-083.jpg\"\n               data-image-id=\"6679\"\n               data-title=\"16-4-2011-083\"\n               data-description=\"\"\n               data-image-slug=\"16-4-2011-083\"\n               class=\"ngg-fancybox\" rel=\"177b1d8f2ecdbbd4d26c273d5d18cf9f\">\n                <img\n                    title=\"16-4-2011-083\"\n                    alt=\"16-4-2011-083\"\n                    src=\"https:\/\/www.hundeschule-happylife.ch\/wp-content\/gallery\/2011\/thumbs\/thumbs_16-4-2011-083.jpg\"\n                    width=\"100\"\n                    height=\"75\"\n                    style=\"max-width:100%;\"\n                \/>\n            <\/a>\n        <\/div>\n\t\t\t\t\t\t\t<\/div> \n\t\t\t\n\t\t\t\t<div id=\"ngg-image-14\" class=\"ngg-gallery-thumbnail-box \" >\n\t\t\t\t        <div class=\"ngg-gallery-thumbnail\">\n            <a href=\"https:\/\/www.hundeschule-happylife.ch\/wp-content\/gallery\/2011\/16-4-2011-085.jpg\"\n               title=\"\"\n               data-src=\"https:\/\/www.hundeschule-happylife.ch\/wp-content\/gallery\/2011\/16-4-2011-085.jpg\"\n               data-thumbnail=\"https:\/\/www.hundeschule-happylife.ch\/wp-content\/gallery\/2011\/thumbs\/thumbs_16-4-2011-085.jpg\"\n               data-image-id=\"6680\"\n               data-title=\"16-4-2011-085\"\n               data-description=\"\"\n               data-image-slug=\"16-4-2011-085\"\n               class=\"ngg-fancybox\" rel=\"177b1d8f2ecdbbd4d26c273d5d18cf9f\">\n                <img\n                    title=\"16-4-2011-085\"\n                    alt=\"16-4-2011-085\"\n                    src=\"https:\/\/www.hundeschule-happylife.ch\/wp-content\/gallery\/2011\/thumbs\/thumbs_16-4-2011-085.jpg\"\n                    width=\"100\"\n                    height=\"75\"\n                    style=\"max-width:100%;\"\n                \/>\n            <\/a>\n        <\/div>\n\t\t\t\t\t\t\t<\/div> \n\t\t\t\n\t\t\t\t<div id=\"ngg-image-15\" class=\"ngg-gallery-thumbnail-box \" >\n\t\t\t\t        <div class=\"ngg-gallery-thumbnail\">\n            <a href=\"https:\/\/www.hundeschule-happylife.ch\/wp-content\/gallery\/2011\/19-3-2011-118.jpg\"\n               title=\"\"\n               data-src=\"https:\/\/www.hundeschule-happylife.ch\/wp-content\/gallery\/2011\/19-3-2011-118.jpg\"\n               data-thumbnail=\"https:\/\/www.hundeschule-happylife.ch\/wp-content\/gallery\/2011\/thumbs\/thumbs_19-3-2011-118.jpg\"\n               data-image-id=\"6681\"\n               data-title=\"19-3-2011-118\"\n               data-description=\"\"\n               data-image-slug=\"19-3-2011-118\"\n               class=\"ngg-fancybox\" rel=\"177b1d8f2ecdbbd4d26c273d5d18cf9f\">\n                <img\n                    title=\"19-3-2011-118\"\n                    alt=\"19-3-2011-118\"\n                    src=\"https:\/\/www.hundeschule-happylife.ch\/wp-content\/gallery\/2011\/thumbs\/thumbs_19-3-2011-118.jpg\"\n                    width=\"100\"\n                    height=\"75\"\n                    style=\"max-width:100%;\"\n                \/>\n            <\/a>\n        <\/div>\n\t\t\t\t\t\t\t<\/div> \n\t\t\t\n\t\t\t\t<div id=\"ngg-image-16\" class=\"ngg-gallery-thumbnail-box \" >\n\t\t\t\t        <div class=\"ngg-gallery-thumbnail\">\n            <a href=\"https:\/\/www.hundeschule-happylife.ch\/wp-content\/gallery\/2011\/2-4-2011-030.jpg\"\n               title=\"\"\n               data-src=\"https:\/\/www.hundeschule-happylife.ch\/wp-content\/gallery\/2011\/2-4-2011-030.jpg\"\n               data-thumbnail=\"https:\/\/www.hundeschule-happylife.ch\/wp-content\/gallery\/2011\/thumbs\/thumbs_2-4-2011-030.jpg\"\n               data-image-id=\"6682\"\n               data-title=\"2-4-2011-030\"\n               data-description=\"\"\n               data-image-slug=\"2-4-2011-030\"\n               class=\"ngg-fancybox\" rel=\"177b1d8f2ecdbbd4d26c273d5d18cf9f\">\n                <img\n                    title=\"2-4-2011-030\"\n                    alt=\"2-4-2011-030\"\n                    src=\"https:\/\/www.hundeschule-happylife.ch\/wp-content\/gallery\/2011\/thumbs\/thumbs_2-4-2011-030.jpg\"\n                    width=\"100\"\n                    height=\"75\"\n                    style=\"max-width:100%;\"\n                \/>\n            <\/a>\n        <\/div>\n\t\t\t\t\t\t\t<\/div> \n\t\t\t\n\t\t\t\t<div id=\"ngg-image-17\" class=\"ngg-gallery-thumbnail-box \" >\n\t\t\t\t        <div class=\"ngg-gallery-thumbnail\">\n            <a href=\"https:\/\/www.hundeschule-happylife.ch\/wp-content\/gallery\/2011\/2-4-2011-038.jpg\"\n               title=\"\"\n               data-src=\"https:\/\/www.hundeschule-happylife.ch\/wp-content\/gallery\/2011\/2-4-2011-038.jpg\"\n               data-thumbnail=\"https:\/\/www.hundeschule-happylife.ch\/wp-content\/gallery\/2011\/thumbs\/thumbs_2-4-2011-038.jpg\"\n               data-image-id=\"6683\"\n               data-title=\"2-4-2011-038\"\n               data-description=\"\"\n               data-image-slug=\"2-4-2011-038\"\n               class=\"ngg-fancybox\" rel=\"177b1d8f2ecdbbd4d26c273d5d18cf9f\">\n                <img\n                    title=\"2-4-2011-038\"\n                    alt=\"2-4-2011-038\"\n                    src=\"https:\/\/www.hundeschule-happylife.ch\/wp-content\/gallery\/2011\/thumbs\/thumbs_2-4-2011-038.jpg\"\n                    width=\"100\"\n                    height=\"75\"\n                    style=\"max-width:100%;\"\n                \/>\n            <\/a>\n        <\/div>\n\t\t\t\t\t\t\t<\/div> \n\t\t\t\n\t\t\t\t<div id=\"ngg-image-18\" class=\"ngg-gallery-thumbnail-box \" >\n\t\t\t\t        <div class=\"ngg-gallery-thumbnail\">\n            <a href=\"https:\/\/www.hundeschule-happylife.ch\/wp-content\/gallery\/2011\/2-4-2011-119.jpg\"\n               title=\"\"\n               data-src=\"https:\/\/www.hundeschule-happylife.ch\/wp-content\/gallery\/2011\/2-4-2011-119.jpg\"\n               data-thumbnail=\"https:\/\/www.hundeschule-happylife.ch\/wp-content\/gallery\/2011\/thumbs\/thumbs_2-4-2011-119.jpg\"\n               data-image-id=\"6684\"\n               data-title=\"2-4-2011-119\"\n               data-description=\"\"\n               data-image-slug=\"2-4-2011-119\"\n               class=\"ngg-fancybox\" rel=\"177b1d8f2ecdbbd4d26c273d5d18cf9f\">\n                <img\n                    title=\"2-4-2011-119\"\n                    alt=\"2-4-2011-119\"\n                    src=\"https:\/\/www.hundeschule-happylife.ch\/wp-content\/gallery\/2011\/thumbs\/thumbs_2-4-2011-119.jpg\"\n                    width=\"100\"\n                    height=\"75\"\n                    style=\"max-width:100%;\"\n                \/>\n            <\/a>\n        <\/div>\n\t\t\t\t\t\t\t<\/div> \n\t\t\t\n\t\t\t\t<div id=\"ngg-image-19\" class=\"ngg-gallery-thumbnail-box \" >\n\t\t\t\t        <div class=\"ngg-gallery-thumbnail\">\n            <a href=\"https:\/\/www.hundeschule-happylife.ch\/wp-content\/gallery\/2011\/2-4-2011-128.jpg\"\n               title=\"\"\n               data-src=\"https:\/\/www.hundeschule-happylife.ch\/wp-content\/gallery\/2011\/2-4-2011-128.jpg\"\n               data-thumbnail=\"https:\/\/www.hundeschule-happylife.ch\/wp-content\/gallery\/2011\/thumbs\/thumbs_2-4-2011-128.jpg\"\n               data-image-id=\"6685\"\n               data-title=\"2-4-2011-128\"\n               data-description=\"\"\n               data-image-slug=\"2-4-2011-128\"\n               class=\"ngg-fancybox\" rel=\"177b1d8f2ecdbbd4d26c273d5d18cf9f\">\n                <img\n                    title=\"2-4-2011-128\"\n                    alt=\"2-4-2011-128\"\n                    src=\"https:\/\/www.hundeschule-happylife.ch\/wp-content\/gallery\/2011\/thumbs\/thumbs_2-4-2011-128.jpg\"\n                    width=\"100\"\n                    height=\"75\"\n                    style=\"max-width:100%;\"\n                \/>\n            <\/a>\n        <\/div>\n\t\t\t\t\t\t\t<\/div> \n\t\t\t\n\t\n\t<br style=\"clear: both\" \/>\n\n\t\n\t\t<!-- Pagination -->\n\t<div class='ngg-navigation'><span class=\"current\">1<\/span><a class=\"page-numbers\" data-pageid=\"2\" href=\"https:\/\/www.hundeschule-happylife.ch\/index.php\/nggallery\/page\/2?page_id=2074\">2<\/a><a class=\"page-numbers\" data-pageid=\"3\" href=\"https:\/\/www.hundeschule-happylife.ch\/index.php\/nggallery\/page\/3?page_id=2074\">3<\/a><a class=\"page-numbers\" data-pageid=\"4\" href=\"https:\/\/www.hundeschule-happylife.ch\/index.php\/nggallery\/page\/4?page_id=2074\">4<\/a><a class=\"next\" data-pageid=\"2\" id=\"ngg-next-2\" href=\"https:\/\/www.hundeschule-happylife.ch\/index.php\/nggallery\/page\/2?page_id=2074\">&#9658;<\/a><\/div>\t<\/div>\n<\/span><\/p>\n","protected":false},"excerpt":{"rendered":"<p>Einen R\u00fcckblick auf unser Jahr 2011! Ein sch\u00f6nes interessantes Jahr. Viele durften wir WIEDER bei uns begr\u00fcssen &#8211; und dann kamen auch NEUE Teams dazu. Unser Kursprogramm hat sich ausgedehnt &#8211; gewisse Event&#8217;s sind bereits zur kleinen Tradition geworden. Viel Spass beim R\u00fcckblick ins 2011!<\/p>\n","protected":false},"author":2,"featured_media":0,"parent":61,"menu_order":150,"comment_status":"closed","ping_status":"closed","template":"","meta":{"ngg_post_thumbnail":0},"_links":{"self":[{"href":"https:\/\/www.hundeschule-happylife.ch\/index.php?rest_route=\/wp\/v2\/pages\/2074"}],"collection":[{"href":"https:\/\/www.hundeschule-happylife.ch\/index.php?rest_route=\/wp\/v2\/pages"}],"about":[{"href":"https:\/\/www.hundeschule-happylife.ch\/index.php?rest_route=\/wp\/v2\/types\/page"}],"author":[{"embeddable":true,"href":"https:\/\/www.hundeschule-happylife.ch\/index.php?rest_route=\/wp\/v2\/users\/2"}],"replies":[{"embeddable":true,"href":"https:\/\/www.hundeschule-happylife.ch\/index.php?rest_route=%2Fwp%2Fv2%2Fcomments&post=2074"}],"version-history":[{"count":5,"href":"https:\/\/www.hundeschule-happylife.ch\/index.php?rest_route=\/wp\/v2\/pages\/2074\/revisions"}],"predecessor-version":[{"id":2077,"href":"https:\/\/www.hundeschule-happylife.ch\/index.php?rest_route=\/wp\/v2\/pages\/2074\/revisions\/2077"}],"up":[{"embeddable":true,"href":"https:\/\/www.hundeschule-happylife.ch\/index.php?rest_route=\/wp\/v2\/pages\/61"}],"wp:attachment":[{"href":"https:\/\/www.hundeschule-happylife.ch\/index.php?rest_route=%2Fwp%2Fv2%2Fmedia&parent=2074"}],"curies":[{"name":"wp","href":"https:\/\/api.w.org\/{rel}","templated":true}]}}