{"id":1490,"date":"2012-01-08T14:13:19","date_gmt":"2012-01-08T14:13:19","guid":{"rendered":"http:\/\/www.hundeschule-happylife.ch\/?page_id=1490"},"modified":"2013-01-03T11:10:48","modified_gmt":"2013-01-03T11:10:48","slug":"allgemeine-hinweise","status":"publish","type":"page","link":"https:\/\/www.hundeschule-happylife.ch\/?page_id=1490","title":{"rendered":"Allgemeines"},"content":{"rendered":"<p><span style=\"color: #888888;\"><a href=\"http:\/\/www.hundeschule-happylife.ch\/wp-content\/uploads\/2012\/01\/Hundepfoten-klein-grau.jpg\"><img loading=\"lazy\" class=\"alignleft size-full wp-image-1495\" title=\"Hundepfoten-klein grau\" src=\"http:\/\/www.hundeschule-happylife.ch\/wp-content\/uploads\/2012\/01\/Hundepfoten-klein-grau.jpg\" alt=\"\" width=\"121\" height=\"131\" \/><\/a><span style=\"color: #808080;\">Unser Ziel und unser Anliegen ist es, Ruhe auf dem Platz! Dann herrscht eine sch\u00f6ne, gediegene Stimmung und jedes Team kann auf seinem Niveau arbeiten. Die Methoden sind und sollen unterschiedlich sein. Das eine Team arbeitet mehr mit Gutzi oder W\u00fcrstli und ein anderes Team bevorzugt ein Spielzeug. Hauptsache der Hund wird f\u00fcr sein positives Verhalten belohnt! <\/span><\/span><\/p>\n<p><span style=\"color: #888888;\"><span style=\"color: #808080;\">.<\/span><\/span><\/p>\n<p><span style=\"color: #888888;\"><span style=\"color: #808080;\">.<\/span><\/span><\/p>\n<p><span style=\"color: #888888;\"><span style=\"color: #808080;\">.<\/span><\/span><\/p>\n<p>&nbsp;<\/p>\n<h3><span style=\"color: #00ff00;\">Positives best\u00e4rken &#8211; so heisst unsere Devise!<\/span><\/h3>\n<p><span style=\"color: #888888;\">Und so m\u00f6chten wir arbeiten. Ein tiergerechter Umgang mit dem Hund ist f\u00fcr uns die Voraussetzung, um einen Kurs belegen zu k\u00f6nnen. Wir instruieren Sie auch in diesem Sinne. Und BELOHNUNG im richtigen Moment, steht an erster Stelle in unserem Ausbildungsplan. <\/span><\/p>\n<p>&nbsp;<\/p>\n<p><span style=\"color: #888888;\">.<\/span><\/p>\n<ul>\n<li><span style=\"color: #888888;\">Wenn Sie mit Ihrem Hund in der Ausbildung, oder im Alltag ein Problem haben, dann z\u00f6gern Sie nicht lange. Nehmen Sie vertrauensvoll mit uns Kontakt auf, je schneller Sie sich Hilfe holen, je eher kann man ein unerw\u00fcnschtes Verhalten auffangen und \u00e4ndern. Wir helfen Ihnen jederzeit gerne weiter. F\u00fcr spezielle Fragen, leiten wir Sie gerne an Fachpersonen weiter, mit denen wir erfolgreich zusammen arbeiten.\u00a0<\/span><\/li>\n<li><span style=\"color: #888888;\">Oft braucht ein Hund f\u00fcr eine gewisse Zeit Einzelbetreuung. Damit die Ablenkung nicht zu gross ist und Sie als Hundehalter\/in voll und ganz allein mit ihrem Hund betreut werden k\u00f6nnen.\u00a0 Dies ist relativ aufwendig, aber es lohnt sich, f\u00fcr eine gewisse Zeit, diese Hilfe in Anspruch zu nehmen. Probleme, die sie zu Hause mit ihrem Hund haben, kann man nicht auf dem Hundeplatz l\u00f6sen. Da muss an Ort und Stelle nach einem Weg gesucht werden.<\/span><\/li>\n<li><span style=\"color: #888888;\">Sollten\u00a0 w\u00e4hrend einem Kurs Probleme auftreten, die nicht in der Gruppe gel\u00f6st werden k\u00f6nnen, werden wir Sie gerne beraten und mit IHNEN eine gute Alternative f\u00fcr Ihren Hund finden.\u00a0 <\/span><\/li>\n<li><span style=\"color: #888888;\">Beachten Sie bitte auch, wenn Sie sich f\u00fcr einen Kurs anmelden, ist dies verbindlich. Vers\u00e4umte Lektionen k\u00f6nnen nicht nachgeholt oder r\u00fcckverg\u00fctet werden. <\/span><\/li>\n<li><span style=\"color: #888888;\">Die Hundeschule HAPPY-LIFE haftet nicht f\u00fcr Sch\u00e4den oder Verletzungen von Personen, Hunden und Gegenst\u00e4nden, die vor, w\u00e4hrend oder nach den \u00dcbungszeiten entstehen.\u00a0 <\/span><\/li>\n<\/ul>\n<p><span style=\"color: #888888;\">.<a href=\"http:\/\/www.hundeschule-happylife.ch\/wp-content\/uploads\/2012\/01\/Pudel-am-Klavier.gif\"><img loading=\"lazy\" class=\"alignnone size-full wp-image-1500 aligncenter\" title=\"Pudel am Klavier\" src=\"http:\/\/www.hundeschule-happylife.ch\/wp-content\/uploads\/2012\/01\/Pudel-am-Klavier.gif\" alt=\"\" width=\"128\" height=\"114\" \/><\/a><\/span><\/p>\n<p>&nbsp;<\/p>\n","protected":false},"excerpt":{"rendered":"<p>Unser Ziel und unser Anliegen ist es, Ruhe auf dem Platz! Dann herrscht eine sch\u00f6ne, gediegene Stimmung und jedes Team kann auf seinem Niveau arbeiten. Die Methoden sind und sollen unterschiedlich sein. Das eine Team arbeitet mehr mit Gutzi oder W\u00fcrstli und ein anderes Team bevorzugt ein Spielzeug. Hauptsache der Hund wird f\u00fcr sein positives Verhalten belohnt!<br \/>\n.<br \/>\n.<br \/>\n.<br \/>\n&nbsp;<br \/>\nPositives best\u00e4rken &#8211; so heisst unsere Devise!<br \/>\nUnd so m\u00f6chten wir arbeiten. Ein tiergerechter Umgang mit dem Hund ist f\u00fcr uns die Voraussetzung, um einen Kurs belegen zu k\u00f6nnen. Wir instruieren Sie auch in &#8230;<\/p>\n","protected":false},"author":2,"featured_media":0,"parent":0,"menu_order":150,"comment_status":"closed","ping_status":"closed","template":"","meta":{"ngg_post_thumbnail":0},"_links":{"self":[{"href":"https:\/\/www.hundeschule-happylife.ch\/index.php?rest_route=\/wp\/v2\/pages\/1490"}],"collection":[{"href":"https:\/\/www.hundeschule-happylife.ch\/index.php?rest_route=\/wp\/v2\/pages"}],"about":[{"href":"https:\/\/www.hundeschule-happylife.ch\/index.php?rest_route=\/wp\/v2\/types\/page"}],"author":[{"embeddable":true,"href":"https:\/\/www.hundeschule-happylife.ch\/index.php?rest_route=\/wp\/v2\/users\/2"}],"replies":[{"embeddable":true,"href":"https:\/\/www.hundeschule-happylife.ch\/index.php?rest_route=%2Fwp%2Fv2%2Fcomments&post=1490"}],"version-history":[{"count":12,"href":"https:\/\/www.hundeschule-happylife.ch\/index.php?rest_route=\/wp\/v2\/pages\/1490\/revisions"}],"predecessor-version":[{"id":2085,"href":"https:\/\/www.hundeschule-happylife.ch\/index.php?rest_route=\/wp\/v2\/pages\/1490\/revisions\/2085"}],"wp:attachment":[{"href":"https:\/\/www.hundeschule-happylife.ch\/index.php?rest_route=%2Fwp%2Fv2%2Fmedia&parent=1490"}],"curies":[{"name":"wp","href":"https:\/\/api.w.org\/{rel}","templated":true}]}}