{"id":127,"date":"2010-06-27T11:04:59","date_gmt":"2010-06-27T11:04:59","guid":{"rendered":"http:\/\/www.hundeschule-happylife.ch\/?page_id=127"},"modified":"2022-12-30T16:42:00","modified_gmt":"2022-12-30T16:42:00","slug":"osci-gijseman","status":"publish","type":"page","link":"https:\/\/www.hundeschule-happylife.ch\/?page_id=127","title":{"rendered":"Osci Gijseman"},"content":{"rendered":"<p><a href=\"http:\/\/www.hundeschule-happylife.ch\/wp-content\/uploads\/2010\/06\/Osci-mit-Debbie.jpg\"><img loading=\"lazy\" class=\"size-medium wp-image-137 alignright\" title=\"Osci mit Debbie\" src=\"http:\/\/www.hundeschule-happylife.ch\/wp-content\/uploads\/2010\/06\/Osci-mit-Debbie-225x300.jpg\" alt=\"\" width=\"225\" height=\"300\" srcset=\"https:\/\/www.hundeschule-happylife.ch\/wp-content\/uploads\/2010\/06\/Osci-mit-Debbie-225x300.jpg 225w, https:\/\/www.hundeschule-happylife.ch\/wp-content\/uploads\/2010\/06\/Osci-mit-Debbie.jpg 528w\" sizes=\"(max-width: 225px) 100vw, 225px\" \/><\/a><\/p>\n<p><a href=\"http:\/\/www.hundeschule-happylife.ch\/wp-content\/uploads\/2010\/06\/Lady5.jpg\"><img loading=\"lazy\" class=\"alignleft size-thumbnail wp-image-180\" title=\"Lady\" src=\"http:\/\/www.hundeschule-happylife.ch\/wp-content\/uploads\/2010\/06\/Lady5-150x150.jpg\" alt=\"\" width=\"150\" height=\"150\"><\/a><span style=\"color: #888888;\">Schon<\/span> <span style=\"color: #888888;\">immer spielten Hunde in meinem Leben eine grosse Rolle.<\/span><\/p>\n<p><span style=\"color: #888888;\">Seit 1993 betreibe ich mit meinen eigenen Hunden Hundesport. Damals kam Lady, eine lustige und sehr lebensfrohe Bobtail H\u00fcndin zu uns und mit ihr bekam ich Freude am &#8222;H\u00fcndele&#8220;.&nbsp;&nbsp;<\/span><\/p>\n<p><span style=\"color: #888888;\">Ich bekam Einblick in verschiedene Sparten. F\u00fcr ein paar Jahre war ich als Schutzdiensthelfer im Einsatz. Nach dieser strengen und anspruchsvollen Arbeit habe ich mich dann aus gesundheitlichen Gr\u00fcnden mehr dem \u201eFamilienhund\u201c und sp\u00e4ter dem Begleithund zugewendet.<\/span><\/p>\n<p><span style=\"color: #888888;\">Aber die Sparte ist f\u00fcr mich sekund\u00e4r: f\u00fcr mich steht die Freude der Menschen, die mit Ihren Vierbeinern in die Hundeschule kommen, im Vordergrund. Ich bewundere, wie kleine oder ganz grosse Rassen lernen. Welche Methoden und Ideen die Hundehalter anwenden, um Ihren Vierbeinern das gew\u00fcnschte Verhalten beizubringen. Und genau so soll es sein: f\u00fcr jedes Team ein individueller Weg zum Erfolg.<\/span><\/p>\n<p><span style=\"color: #888888;\">Mit meiner Bobtail H\u00fcndin Debbie verband&nbsp; mich eine tiefe Bindung und eine echte Freundschaft. Leider mussten wir am 23. November 2021 von ihr Abschied nehmen.&nbsp; Ich geniesse aber unsere beiden Schapendoes H\u00fcndinnen Giulietta und Carina. Und wenn es die Zeit erlaubt, wird mich wieder ein Bobtail begleiten.&nbsp;<\/span><\/p>\n<p><span style=\"color: #888888;\">Ich freue mich auf Sie und Ihren vierbeinigen Kumpel!<\/span><\/p>\n","protected":false},"excerpt":{"rendered":"<p>Schon immer spielten Hunde in meinem Leben eine grosse Rolle.<br \/>\nSeit 1993 betreibe ich mit meinen eigenen Hunden Hundesport. Damals kam Lady, eine lustige und sehr lebensfrohe Bobtail H\u00fcndin zu uns und mit ihr bekam ich Freude am &#8222;H\u00fcndele&#8220;.&nbsp;&nbsp;<br \/>\nIch bekam Einblick in verschiedene Sparten. F\u00fcr ein paar Jahre war ich als Schutzdiensthelfer im Einsatz. Nach dieser strengen und anspruchsvollen Arbeit habe ich mich dann aus gesundheitlichen Gr\u00fcnden mehr dem \u201eFamilienhund\u201c und sp\u00e4ter dem Begleithund zugewendet.<br \/>\nAber die Sparte ist f\u00fcr mich sekund\u00e4r: f\u00fcr mich steht die Freude der Menschen, die mit Ihren &#8230;<\/p>\n","protected":false},"author":2,"featured_media":0,"parent":2,"menu_order":2,"comment_status":"closed","ping_status":"closed","template":"","meta":{"ngg_post_thumbnail":0},"_links":{"self":[{"href":"https:\/\/www.hundeschule-happylife.ch\/index.php?rest_route=\/wp\/v2\/pages\/127"}],"collection":[{"href":"https:\/\/www.hundeschule-happylife.ch\/index.php?rest_route=\/wp\/v2\/pages"}],"about":[{"href":"https:\/\/www.hundeschule-happylife.ch\/index.php?rest_route=\/wp\/v2\/types\/page"}],"author":[{"embeddable":true,"href":"https:\/\/www.hundeschule-happylife.ch\/index.php?rest_route=\/wp\/v2\/users\/2"}],"replies":[{"embeddable":true,"href":"https:\/\/www.hundeschule-happylife.ch\/index.php?rest_route=%2Fwp%2Fv2%2Fcomments&post=127"}],"version-history":[{"count":17,"href":"https:\/\/www.hundeschule-happylife.ch\/index.php?rest_route=\/wp\/v2\/pages\/127\/revisions"}],"predecessor-version":[{"id":18935,"href":"https:\/\/www.hundeschule-happylife.ch\/index.php?rest_route=\/wp\/v2\/pages\/127\/revisions\/18935"}],"up":[{"embeddable":true,"href":"https:\/\/www.hundeschule-happylife.ch\/index.php?rest_route=\/wp\/v2\/pages\/2"}],"wp:attachment":[{"href":"https:\/\/www.hundeschule-happylife.ch\/index.php?rest_route=%2Fwp%2Fv2%2Fmedia&parent=127"}],"curies":[{"name":"wp","href":"https:\/\/api.w.org\/{rel}","templated":true}]}}