{"id":116,"date":"2010-06-26T20:40:48","date_gmt":"2010-06-26T20:40:48","guid":{"rendered":"http:\/\/www.hundeschule-happylife.ch\/?page_id=116"},"modified":"2019-03-25T11:19:52","modified_gmt":"2019-03-25T11:19:52","slug":"links","status":"publish","type":"page","link":"https:\/\/www.hundeschule-happylife.ch\/?page_id=116","title":{"rendered":"Links"},"content":{"rendered":"<div><span style=\"color: #888888;\">Manchmal stossen wir in unseren Trainings auf Probleme, die man nicht in der Hundeschule l\u00f6sen kann. In diesen F\u00e4llen arbeiten wir mit Annemarie Heisler &#8211; Schwitter (zert. Hundetrainerin cumcane familiari) zusammen. Sie wird sich Zeit nehmen und mit Ihnen gemeinsam einen Weg suchen, um Ihrem Hund zu helfen. Sie trifft sich mit Ihnen in der gewohnten Umgebung vom Tier und bietet individuelles Einzeltraining an.<\/span><\/div>\n<div><span style=\"color: #00ff00;\"><a href=\"http:\/\/www.mayfairtrain.ch\"><span style=\"color: #00ff00;\">www.mayfairtrain.ch<\/span><\/a><\/span><\/div>\n<div><span style=\"color: #888888;\">.<\/span><\/div>\n<div><cite><span style=\"color: #888888;\">Die Grosspudelzucht von meinem Bruder stellt sich vor&#8230; und ausserdem: der Hundesalon Zemp ist der Ort, wo Ihr Hund professionell gepflegt wird. Ob trimmen, scheren, baden &#8211; auf jeden Fall: HAARGENAU F\u00dcR JEDEN HUND! <\/span><\/cite><\/div>\n<div><cite><a href=\"http:\/\/www.blue-sky-walkers.ch\"><span style=\"color: #00ff00;\">www.<strong>blue<\/strong>&#8211;<strong>sky-walkers<\/strong>.<strong>ch<\/strong><\/span><\/a><\/cite><em><span style=\"color: #00ff00;\"><span style=\"color: #888888;\"><span style=\"color: #888888;\"><br \/>\n<\/span><\/span><\/span><\/em><\/div>\n<div><\/div>\n<div><cite><span style=\"color: #888888;\">.<\/span><\/cite><\/div>\n<div><\/div>\n<div><cite><span style=\"color: #888888;\">\u00a0Und <\/span><span style=\"color: #888888;\">wenn Sie Ihren Vierbeiner in sch\u00f6nen Bildern haben m\u00f6chten, dann ist diese Adresse die richtige:<\/span><a href=\"http:\/\/www.foto-emotion.ch\"><span style=\"color: #00ff00;\">www.foto-emotion.ch<\/span><\/a><\/cite><\/div>\n<div><cite><span style=\"color: #888888;\">Klicken Sie\u00a0 und sehen Sie selber!<\/span><\/cite><\/div>\n<div>.<\/div>\n<div><\/div>\n<div><\/div>\n<div><\/div>\n<div><\/div>\n<div><\/div>\n<div><span style=\"color: #888888;\">.<\/span><\/div>\n<div><span style=\"color: #888888;\"><a href=\"http:\/\/www.hundeschule-happylife.ch\/wp-content\/uploads\/2016\/01\/IMG_5041-800x533.jpg\"><img loading=\"lazy\" class=\"alignleft size-medium wp-image-4701\" alt=\"IMG_5041 (800x533)\" src=\"http:\/\/www.hundeschule-happylife.ch\/wp-content\/uploads\/2016\/01\/IMG_5041-800x533-300x199.jpg\" width=\"300\" height=\"199\" srcset=\"https:\/\/www.hundeschule-happylife.ch\/wp-content\/uploads\/2016\/01\/IMG_5041-800x533-300x199.jpg 300w, https:\/\/www.hundeschule-happylife.ch\/wp-content\/uploads\/2016\/01\/IMG_5041-800x533.jpg 800w\" sizes=\"(max-width: 300px) 100vw, 300px\" \/><\/a><\/span><\/div>\n<div><\/div>\n<div><span style=\"color: #888888;\">.<\/span><\/div>\n<div><span style=\"color: #888888;\">Unser neues Welpengitter wurde am Samstag, 10. Sept. 2016 eingeweiht. Die\u00a0kleinen Vierbeiner haben\u00a0das Spiel genossen und keiner konnte entwischen.<\/span><\/div>\n<div><span style=\"color: #888888;\">Wir waren l\u00e4nger auf der Suche nach einem sch\u00f6nen und praktischen Welpen Gehege. Bei der <span style=\"color: #00ff00;\"><a title=\"Firma Rust in Rain\" href=\"http:\/\/www.rust-rain.ch\"><span style=\"color: #00ff00;\">Firma Rust in Rain <\/span><\/a><\/span>wurden wir f\u00fcndig. Wir wurden bestens beraten und die Lieferung erfolgte innert kurzer Zeit. Von der Beratung bis zum Preis stimmte alles f\u00fcr uns.<\/span><\/div>\n<div><span style=\"color: #888888;\">Wir empfehlen Ihnen dieses kompetente und freundliche Gesch\u00e4ft sehr. <\/span><\/div>\n<div><span style=\"color: #888888;\">Auch bei der Anschaffung von einer Hundetransportbox. werden Sie hier ganz bestimmt das Richtige und Passende finden. <\/span><\/div>\n<div><span style=\"color: #888888;\"><a href=\"http:\/\/www.hundeschule-happylife.ch\/wp-content\/uploads\/2010\/06\/IMG_5043-800x533.jpg\"><img loading=\"lazy\" class=\"alignnone size-medium wp-image-4720\" alt=\"IMG_5043 (800x533)\" src=\"http:\/\/www.hundeschule-happylife.ch\/wp-content\/uploads\/2010\/06\/IMG_5043-800x533-300x199.jpg\" width=\"300\" height=\"199\" srcset=\"https:\/\/www.hundeschule-happylife.ch\/wp-content\/uploads\/2010\/06\/IMG_5043-800x533-300x199.jpg 300w, https:\/\/www.hundeschule-happylife.ch\/wp-content\/uploads\/2010\/06\/IMG_5043-800x533.jpg 800w\" sizes=\"(max-width: 300px) 100vw, 300px\" \/><\/a><\/span><\/div>\n<div><\/div>\n<div><span style=\"color: #00ff00;\"><a title=\"Rust Rain\" href=\"http:\/\/www.rust-rain.ch\"><span style=\"color: #00ff00;\">www.rust-rain.ch<\/span><\/a><\/span><\/div>\n<div>.<\/div>\n<div><span style=\"color: #00ff00;\"><span style=\"color: #00ff00;\"><em>\u00a0<\/em><\/span><\/span><\/div>\n<p>&nbsp;<\/p>\n<p><span style=\"color: #808080;\"><span style=\"color: #00ff00;\"><a title=\"www.carpecanem.ch\" href=\"http:\/\/www.carpecanem.ch\" target=\"_blank\"><span style=\"color: #00ff00;\">www.carpecanem.ch<\/span><\/a>\u00a0<\/span>Begleitung von Hund und Mensch im Alltag! M\u00f6chten Sie sch\u00f6ne Wanderungen in netter Gesellschaft und kompetenter F\u00fchrung buchen? Hier bekommen Sie Auskunft.<\/span><\/p>\n","protected":false},"excerpt":{"rendered":"<p>Manchmal stossen wir in unseren Trainings auf Probleme, die man nicht in der Hundeschule l\u00f6sen kann. In diesen F\u00e4llen arbeiten wir mit Annemarie Heisler &#8211; Schwitter (zert. Hundetrainerin cumcane familiari) zusammen. Sie wird sich Zeit nehmen und mit Ihnen gemeinsam einen Weg suchen, um Ihrem Hund zu helfen. Sie trifft sich mit Ihnen in der gewohnten Umgebung vom Tier und bietet individuelles Einzeltraining an.<br \/>\nwww.mayfairtrain.ch<br \/>\n.<br \/>\nDie Grosspudelzucht von meinem Bruder stellt sich vor&#8230; und ausserdem: der Hundesalon Zemp ist der Ort, wo Ihr Hund professionell gepflegt wird. Ob trimmen, scheren, baden &#8211; &#8230;<\/p>\n","protected":false},"author":1,"featured_media":0,"parent":0,"menu_order":140,"comment_status":"closed","ping_status":"closed","template":"","meta":{"ngg_post_thumbnail":0},"_links":{"self":[{"href":"https:\/\/www.hundeschule-happylife.ch\/index.php?rest_route=\/wp\/v2\/pages\/116"}],"collection":[{"href":"https:\/\/www.hundeschule-happylife.ch\/index.php?rest_route=\/wp\/v2\/pages"}],"about":[{"href":"https:\/\/www.hundeschule-happylife.ch\/index.php?rest_route=\/wp\/v2\/types\/page"}],"author":[{"embeddable":true,"href":"https:\/\/www.hundeschule-happylife.ch\/index.php?rest_route=\/wp\/v2\/users\/1"}],"replies":[{"embeddable":true,"href":"https:\/\/www.hundeschule-happylife.ch\/index.php?rest_route=%2Fwp%2Fv2%2Fcomments&post=116"}],"version-history":[{"count":125,"href":"https:\/\/www.hundeschule-happylife.ch\/index.php?rest_route=\/wp\/v2\/pages\/116\/revisions"}],"predecessor-version":[{"id":266,"href":"https:\/\/www.hundeschule-happylife.ch\/index.php?rest_route=\/wp\/v2\/pages\/116\/revisions\/266"}],"wp:attachment":[{"href":"https:\/\/www.hundeschule-happylife.ch\/index.php?rest_route=%2Fwp%2Fv2%2Fmedia&parent=116"}],"curies":[{"name":"wp","href":"https:\/\/api.w.org\/{rel}","templated":true}]}}